{"id":11968,"date":"2016-06-02T10:45:17","date_gmt":"2023-03-31T10:22:18","guid":{"rendered":"https:\/\/jafep.com\/?post_type=product&#038;p=11968"},"modified":"2023-04-20T09:47:06","modified_gmt":"2023-04-20T09:47:06","slug":"mate-extra-pladur-perlita","status":"publish","type":"product","link":"https:\/\/jafep.com\/pt-pt\/producto\/mate-extra-pladur-perlita\/","title":{"rendered":"Mate Extra Pladur-Perlita"},"content":{"rendered":"<p>Tinta de alta qualidade para interiores. Com um acabamento muito branco, de cobertura, lav\u00e1vel e resistente. Especialmente desenvolvida para aplica\u00e7\u00e3o sobre pain\u00e9is de gesso cartonado (pladur) e gesso projetado (perlita). Excelente desempenho, acabamento mate extra profundo e baixo salpico. Tem tamb\u00e9m uma boa respirabilidade. Adequado para prote\u00e7\u00e3o de exteriores. <\/p>\n","protected":false},"excerpt":{"rendered":"<p>Tinta pl\u00e1stica mate <\/p>\n","protected":false},"featured_media":0,"comment_status":"closed","ping_status":"closed","template":"","meta":{"_acf_changed":false,"_links_to":"","_links_to_target":""},"product_brand":[],"product_cat":[1571,1565,1247,503,1024],"product_tag":[],"class_list":{"0":"post-11968","1":"product","2":"type-product","3":"status-publish","5":"product_cat-acabamento-mate","6":"product_cat-decorar-pintar-pt-pt","7":"product_cat-interiores-pt-pt","8":"product_cat-mates-pt-pt","9":"product_cat-pinturas-plasticas-pt-pt","10":"pa_formatos-15-l-pt-pt","11":"pa_formatos-4-l-pt-pt","12":"pa_herramientas-airless-pt-pt","13":"pa_herramientas-brocha-pt-pt","14":"pa_herramientas-pistola-pt-pt","15":"pa_herramientas-rodillo-pt-pt","16":"pa_iconos-33-rendimiento-8-10-m2l-pt-pt","17":"pa_iconos-45-exterior-interior-pt-pt","18":"pa_iconos-50-extra-mate-85o-pt-pt","19":"pa_iconos-61-lavabilidad-nivel-2-pt-pt","20":"pa_iconos-base-agua-pt-pt","22":"first","23":"instock","24":"shipping-taxable","25":"product-type-simple"},"acf":[],"_links":{"self":[{"href":"https:\/\/jafep.com\/pt-pt\/wp-json\/wp\/v2\/product\/11968","targetHints":{"allow":["GET"]}}],"collection":[{"href":"https:\/\/jafep.com\/pt-pt\/wp-json\/wp\/v2\/product"}],"about":[{"href":"https:\/\/jafep.com\/pt-pt\/wp-json\/wp\/v2\/types\/product"}],"replies":[{"embeddable":true,"href":"https:\/\/jafep.com\/pt-pt\/wp-json\/wp\/v2\/comments?post=11968"}],"wp:attachment":[{"href":"https:\/\/jafep.com\/pt-pt\/wp-json\/wp\/v2\/media?parent=11968"}],"wp:term":[{"taxonomy":"product_brand","embeddable":true,"href":"https:\/\/jafep.com\/pt-pt\/wp-json\/wp\/v2\/product_brand?post=11968"},{"taxonomy":"product_cat","embeddable":true,"href":"https:\/\/jafep.com\/pt-pt\/wp-json\/wp\/v2\/product_cat?post=11968"},{"taxonomy":"product_tag","embeddable":true,"href":"https:\/\/jafep.com\/pt-pt\/wp-json\/wp\/v2\/product_tag?post=11968"}],"curies":[{"name":"wp","href":"https:\/\/api.w.org\/{rel}","templated":true}]}}