{"id":11949,"date":"2016-02-08T15:05:43","date_gmt":"2023-03-31T09:40:16","guid":{"rendered":"https:\/\/jafep.com\/?post_type=product&#038;p=11949"},"modified":"2023-04-20T10:19:54","modified_gmt":"2023-04-20T10:19:54","slug":"mate-extra-vinilico","status":"publish","type":"product","link":"https:\/\/jafep.com\/pt-pt\/producto\/mate-extra-vinilico\/","title":{"rendered":"Mate Extra Vin\u00edlico"},"content":{"rendered":"<p>Tinta mate com alta brancura e cobertura. Lav\u00e1vel, resistente e com excelente nivelamento. Particularmente adequada para interiores lisos e com bons resultados tamb\u00e9m ao ar livre devido \u00e0 sua not\u00e1vel resist\u00eancia e estabilidade. Aplica\u00e7\u00e3o sedosa e baixo salpico. <\/p>\n","protected":false},"excerpt":{"rendered":"<p>Tinta pl\u00e1stica mate <\/p>\n","protected":false},"featured_media":82736,"comment_status":"closed","ping_status":"closed","template":"","meta":{"_acf_changed":false,"_links_to":"","_links_to_target":""},"product_brand":[],"product_cat":[1336,1024],"product_tag":[],"class_list":{"0":"post-11949","1":"product","2":"type-product","3":"status-publish","4":"has-post-thumbnail","6":"product_cat-mate-extra-pt-pt","7":"product_cat-pinturas-plasticas-pt-pt","8":"pa_formatos-15l-pt-pt","9":"pa_formatos-4l-pt-pt","10":"pa_herramientas-airless-pt-pt","11":"pa_herramientas-brocha-pt-pt","12":"pa_herramientas-pistola-pt-pt","13":"pa_herramientas-rodillo-pt-pt","14":"pa_herramientas-rodillo-interior-poliamida-de-11mm-pt","15":"pa_herramientas-rodillo-interior-100-microfibra-de-11mm-pt","16":"pa_iconos-33-rendimiento-8-10-m2l-pt-pt","17":"pa_iconos-41-brocha-rodillo-pistola-pt-pt","18":"pa_iconos-45-exterior-interior-pt-pt","19":"pa_iconos-51-mate-60o-pt-pt","20":"pa_iconos-61-lavabilidad-nivel-2-pt-pt","21":"pa_iconos-base-agua-pt-pt","22":"pa_iconos-extra-mate-profundo-pt-pt","23":"pa_iconos-mate5-pt-pt","25":"first","26":"instock","27":"shipping-taxable","28":"product-type-simple"},"acf":[],"_links":{"self":[{"href":"https:\/\/jafep.com\/pt-pt\/wp-json\/wp\/v2\/product\/11949","targetHints":{"allow":["GET"]}}],"collection":[{"href":"https:\/\/jafep.com\/pt-pt\/wp-json\/wp\/v2\/product"}],"about":[{"href":"https:\/\/jafep.com\/pt-pt\/wp-json\/wp\/v2\/types\/product"}],"replies":[{"embeddable":true,"href":"https:\/\/jafep.com\/pt-pt\/wp-json\/wp\/v2\/comments?post=11949"}],"wp:featuredmedia":[{"embeddable":true,"href":"https:\/\/jafep.com\/pt-pt\/wp-json\/wp\/v2\/media\/82736"}],"wp:attachment":[{"href":"https:\/\/jafep.com\/pt-pt\/wp-json\/wp\/v2\/media?parent=11949"}],"wp:term":[{"taxonomy":"product_brand","embeddable":true,"href":"https:\/\/jafep.com\/pt-pt\/wp-json\/wp\/v2\/product_brand?post=11949"},{"taxonomy":"product_cat","embeddable":true,"href":"https:\/\/jafep.com\/pt-pt\/wp-json\/wp\/v2\/product_cat?post=11949"},{"taxonomy":"product_tag","embeddable":true,"href":"https:\/\/jafep.com\/pt-pt\/wp-json\/wp\/v2\/product_tag?post=11949"}],"curies":[{"name":"wp","href":"https:\/\/api.w.org\/{rel}","templated":true}]}}