{"id":11898,"date":"2018-11-09T15:43:09","date_gmt":"2023-03-30T09:59:13","guid":{"rendered":"https:\/\/jafep.com\/?post_type=product&#038;p=11898"},"modified":"2023-04-20T07:03:29","modified_gmt":"2023-04-20T07:03:29","slug":"tinta-anti-manchas-em-spray","status":"publish","type":"product","link":"https:\/\/jafep.com\/pt-pt\/producto\/tinta-anti-manchas-em-spray\/","title":{"rendered":"Tinta Anti-manchas em spray"},"content":{"rendered":"<p>Tinta para interiores ou exteriores com problemas de manchas onde \u00e9 necess\u00e1rio um acabamento r\u00e1pido. Gra\u00e7as \u00e0 sua composi\u00e7\u00e3o de materiais de alta qualidade, cobre manchas dif\u00edceis de remover, tais como manchas de ferrugem, nicotina esferogr\u00e1fica, impedindo o seu reaparecimento. F\u00e1cil de aplicar em spray. <\/p>\n","protected":false},"excerpt":{"rendered":"<p>Anti-manchas em spray <\/p>\n","protected":false},"featured_media":82906,"comment_status":"closed","ping_status":"closed","template":"","meta":{"_acf_changed":false,"_links_to":"","_links_to_target":""},"product_brand":[],"product_cat":[1310,1517,1514,454],"product_tag":[],"class_list":{"0":"post-11898","1":"product","2":"type-product","3":"status-publish","4":"has-post-thumbnail","6":"product_cat-esmaltes-primarios-e-selantes","7":"product_cat-manchas-pt-pt","8":"product_cat-reparar-resolver-problemas","9":"product_cat-sub-capas","10":"pa_iconos-45-exterior-interior-pt-pt","11":"pa_iconos-mate-pt-pt","13":"first","14":"instock","15":"shipping-taxable","16":"product-type-simple"},"acf":[],"_links":{"self":[{"href":"https:\/\/jafep.com\/pt-pt\/wp-json\/wp\/v2\/product\/11898","targetHints":{"allow":["GET"]}}],"collection":[{"href":"https:\/\/jafep.com\/pt-pt\/wp-json\/wp\/v2\/product"}],"about":[{"href":"https:\/\/jafep.com\/pt-pt\/wp-json\/wp\/v2\/types\/product"}],"replies":[{"embeddable":true,"href":"https:\/\/jafep.com\/pt-pt\/wp-json\/wp\/v2\/comments?post=11898"}],"wp:featuredmedia":[{"embeddable":true,"href":"https:\/\/jafep.com\/pt-pt\/wp-json\/wp\/v2\/media\/82906"}],"wp:attachment":[{"href":"https:\/\/jafep.com\/pt-pt\/wp-json\/wp\/v2\/media?parent=11898"}],"wp:term":[{"taxonomy":"product_brand","embeddable":true,"href":"https:\/\/jafep.com\/pt-pt\/wp-json\/wp\/v2\/product_brand?post=11898"},{"taxonomy":"product_cat","embeddable":true,"href":"https:\/\/jafep.com\/pt-pt\/wp-json\/wp\/v2\/product_cat?post=11898"},{"taxonomy":"product_tag","embeddable":true,"href":"https:\/\/jafep.com\/pt-pt\/wp-json\/wp\/v2\/product_tag?post=11898"}],"curies":[{"name":"wp","href":"https:\/\/api.w.org\/{rel}","templated":true}]}}