{"id":11818,"date":"2018-09-14T13:59:14","date_gmt":"2018-09-14T13:59:14","guid":{"rendered":"https:\/\/jafep.com\/?post_type=product&#038;p=11818"},"modified":"2023-04-19T10:00:22","modified_gmt":"2023-04-19T10:00:22","slug":"primario-epoxi-anticorrosivo-de-dois-componentes-kit","status":"publish","type":"product","link":"https:\/\/jafep.com\/pt-pt\/producto\/primario-epoxi-anticorrosivo-de-dois-componentes-kit\/","title":{"rendered":"Prim\u00e1rio Ep\u00f3xi Anticorrosivo de dois componentes (kit)"},"content":{"rendered":"<p>Prim\u00e1rio anticorrosivo composto por resinas ap\u00f3s de alto peso molecular e poliamidas, bem como um sistema de pigmentos baseado em pigmentos anticorrosivos e cargas de baixa in\u00e9rcia qu\u00edmica. Destaca-se pelas suas caracter\u00edsticas mec\u00e2nicas e excelente resist\u00eancia \u00e0 corros\u00e3o e ao nevoeiro salino. <\/p>\n","protected":false},"excerpt":{"rendered":"<p>Prim\u00e1rio anticorrosivo composto por resinas ap\u00f3s de alto peso molecular e poliamidas, bem como um sistema de pigmentos baseado em pigmentos anticorrosivos e cargas de baixa in\u00e9rcia qu\u00edmica. Destaca-se pelas suas caracter\u00edsticas mec\u00e2nicas e excelente resist\u00eancia \u00e0 corros\u00e3o e ao nevoeiro salino.<\/p>\n","protected":false},"featured_media":82896,"comment_status":"closed","ping_status":"closed","template":"","meta":{"_acf_changed":false,"_links_to":"","_links_to_target":""},"product_brand":[],"product_cat":[1310,1521,786,451,787],"product_tag":[],"class_list":{"0":"post-11818","1":"product","2":"type-product","3":"status-publish","4":"has-post-thumbnail","6":"product_cat-esmaltes-primarios-e-selantes","7":"product_cat-metal-pt-pt","8":"product_cat-pintar-cambiar-el-color-pt-pt","9":"product_cat-primarios","10":"product_cat-proteger-metal-pt-pt","11":"pa_herramientas-airless-pt-pt","12":"pa_herramientas-brocha-pt-pt","13":"pa_herramientas-pistola-pt-pt","14":"pa_herramientas-rodillo-pt-pt","15":"pa_iconos-2-base-solvente-pt-pt","16":"pa_iconos-45-exterior-interior-pt-pt","17":"pa_iconos-a-b-pt-pt","18":"pa_iconos-rendimiento-7-9-m2l-pt-pt","19":"pa_iconos-satinado-pt-pt","21":"first","22":"instock","23":"shipping-taxable","24":"product-type-simple"},"acf":[],"_links":{"self":[{"href":"https:\/\/jafep.com\/pt-pt\/wp-json\/wp\/v2\/product\/11818","targetHints":{"allow":["GET"]}}],"collection":[{"href":"https:\/\/jafep.com\/pt-pt\/wp-json\/wp\/v2\/product"}],"about":[{"href":"https:\/\/jafep.com\/pt-pt\/wp-json\/wp\/v2\/types\/product"}],"replies":[{"embeddable":true,"href":"https:\/\/jafep.com\/pt-pt\/wp-json\/wp\/v2\/comments?post=11818"}],"wp:featuredmedia":[{"embeddable":true,"href":"https:\/\/jafep.com\/pt-pt\/wp-json\/wp\/v2\/media\/82896"}],"wp:attachment":[{"href":"https:\/\/jafep.com\/pt-pt\/wp-json\/wp\/v2\/media?parent=11818"}],"wp:term":[{"taxonomy":"product_brand","embeddable":true,"href":"https:\/\/jafep.com\/pt-pt\/wp-json\/wp\/v2\/product_brand?post=11818"},{"taxonomy":"product_cat","embeddable":true,"href":"https:\/\/jafep.com\/pt-pt\/wp-json\/wp\/v2\/product_cat?post=11818"},{"taxonomy":"product_tag","embeddable":true,"href":"https:\/\/jafep.com\/pt-pt\/wp-json\/wp\/v2\/product_tag?post=11818"}],"curies":[{"name":"wp","href":"https:\/\/api.w.org\/{rel}","templated":true}]}}