{"id":11798,"date":"2018-09-27T07:06:27","date_gmt":"2018-09-27T07:06:27","guid":{"rendered":"https:\/\/jafep.com\/?post_type=product&#038;p=11798"},"modified":"2023-05-10T08:57:52","modified_gmt":"2023-05-10T08:57:52","slug":"esmalte-poliuretano-dos-componentes-kit","status":"publish","type":"product","link":"https:\/\/jafep.com\/pt-pt\/producto\/esmalte-poliuretano-dos-componentes-kit\/","title":{"rendered":"Esmalte de Poliuretano de dois componentes (Kit)"},"content":{"rendered":"<p>O esmalte de poliuretano \u00e9 um produto de acabamento composto por resinas acr\u00edlicas hidroxiladas e um isocianato alif\u00e1tico que resulta numa pel\u00edcula lisa, cont\u00ednua, brilhante e resistente aos qu\u00edmicos comuns. Destaca-se pela muito elevada reten\u00e7\u00e3o do brilho e da cor. <\/p>\n","protected":false},"excerpt":{"rendered":"<p>O esmalte de poliuretano \u00e9 um produto de acabamento composto por resinas acr\u00edlicas hidroxiladas e um isocianato alif\u00e1tico que resulta numa pel\u00edcula lisa, cont\u00ednua, brilhante e resistente aos qu\u00edmicos comuns. Destaca-se pela muito elevada reten\u00e7\u00e3o do brilho e da cor.<\/p>\n","protected":false},"featured_media":82891,"comment_status":"closed","ping_status":"closed","template":"","meta":{"_acf_changed":false,"_links_to":"","_links_to_target":""},"product_brand":[],"product_cat":[448,1310,1521,786,787,549,1398],"product_tag":[],"class_list":{"0":"post-11798","1":"product","2":"type-product","3":"status-publish","4":"has-post-thumbnail","6":"product_cat-esmaltes-especiais","7":"product_cat-esmaltes-primarios-e-selantes","8":"product_cat-metal-pt-pt","9":"product_cat-pintar-cambiar-el-color-pt-pt","10":"product_cat-proteger-metal-pt-pt","11":"product_cat-sistema-tintometrico-industrial-dual","12":"product_cat-sistemas-tintometricos-pt-pt-2","13":"pa_herramientas-airless-pt-pt","14":"pa_herramientas-brocha-pt-pt","15":"pa_herramientas-pistola-pt-pt","16":"pa_herramientas-rodillo-pt-pt","17":"pa_iconos-2-base-solvente-pt-pt","18":"pa_iconos-34-rendimiento-de-10-12-m2l-pt-pt","19":"pa_iconos-45-exterior-interior-pt-pt","20":"pa_iconos-a-b-pt-pt","21":"pa_iconos-brillante-satinado-mate-pt-pt","22":"pa_iconos-rendimiento-10-12-m2l-pt-pt","23":"pa_iconos-uso-prof-titulado-pt-pt","25":"first","26":"instock","27":"shipping-taxable","28":"product-type-simple"},"acf":[],"_links":{"self":[{"href":"https:\/\/jafep.com\/pt-pt\/wp-json\/wp\/v2\/product\/11798","targetHints":{"allow":["GET"]}}],"collection":[{"href":"https:\/\/jafep.com\/pt-pt\/wp-json\/wp\/v2\/product"}],"about":[{"href":"https:\/\/jafep.com\/pt-pt\/wp-json\/wp\/v2\/types\/product"}],"replies":[{"embeddable":true,"href":"https:\/\/jafep.com\/pt-pt\/wp-json\/wp\/v2\/comments?post=11798"}],"wp:featuredmedia":[{"embeddable":true,"href":"https:\/\/jafep.com\/pt-pt\/wp-json\/wp\/v2\/media\/82891"}],"wp:attachment":[{"href":"https:\/\/jafep.com\/pt-pt\/wp-json\/wp\/v2\/media?parent=11798"}],"wp:term":[{"taxonomy":"product_brand","embeddable":true,"href":"https:\/\/jafep.com\/pt-pt\/wp-json\/wp\/v2\/product_brand?post=11798"},{"taxonomy":"product_cat","embeddable":true,"href":"https:\/\/jafep.com\/pt-pt\/wp-json\/wp\/v2\/product_cat?post=11798"},{"taxonomy":"product_tag","embeddable":true,"href":"https:\/\/jafep.com\/pt-pt\/wp-json\/wp\/v2\/product_tag?post=11798"}],"curies":[{"name":"wp","href":"https:\/\/api.w.org\/{rel}","templated":true}]}}