{"id":11795,"date":"2019-09-06T10:54:10","date_gmt":"2023-03-27T14:52:05","guid":{"rendered":"https:\/\/jafep.com\/?post_type=product&#038;p=11795"},"modified":"2023-04-19T09:12:13","modified_gmt":"2023-04-19T09:12:13","slug":"espray-esmalte-sintetico-secado-rapido","status":"publish","type":"product","link":"https:\/\/jafep.com\/pt-pt\/producto\/espray-esmalte-sintetico-secado-rapido\/","title":{"rendered":"Spray Esmalte Sint\u00e9tico de secagem r\u00e1pida"},"content":{"rendered":"<p>O Spray Esmalte Sint\u00e9tico de secagem r\u00e1pida \u00e9 um esmalte de acabamento, de r\u00e1pida secagem e alta ader\u00eancia, para superf\u00edcies de pintura onde \u00e9 necess\u00e1rio um acabamento resistente e dur\u00e1vel. Sem chumbo. <\/p>\n","protected":false},"excerpt":{"rendered":"<p>O Spray Esmalte Sint\u00e9tico de secagem r\u00e1pida \u00e9 um esmalte de acabamento, de r\u00e1pida secagem e alta ader\u00eancia, para superf\u00edcies de pintura onde \u00e9 necess\u00e1rio um acabamento resistente e dur\u00e1vel. Sem chumbo.<\/p>\n","protected":false},"featured_media":82951,"comment_status":"closed","ping_status":"closed","template":"","meta":{"_acf_changed":false,"_links_to":"","_links_to_target":""},"product_brand":[],"product_cat":[448,1310],"product_tag":[],"class_list":{"0":"post-11795","1":"product","2":"type-product","3":"status-publish","4":"has-post-thumbnail","6":"product_cat-esmaltes-especiais","7":"product_cat-esmaltes-primarios-e-selantes","8":"pa_iconos-45-exterior-interior-pt-pt","9":"pa_iconos-brillante-satinado-mate-pt-pt","11":"first","12":"instock","13":"shipping-taxable","14":"product-type-simple"},"acf":[],"_links":{"self":[{"href":"https:\/\/jafep.com\/pt-pt\/wp-json\/wp\/v2\/product\/11795","targetHints":{"allow":["GET"]}}],"collection":[{"href":"https:\/\/jafep.com\/pt-pt\/wp-json\/wp\/v2\/product"}],"about":[{"href":"https:\/\/jafep.com\/pt-pt\/wp-json\/wp\/v2\/types\/product"}],"replies":[{"embeddable":true,"href":"https:\/\/jafep.com\/pt-pt\/wp-json\/wp\/v2\/comments?post=11795"}],"wp:featuredmedia":[{"embeddable":true,"href":"https:\/\/jafep.com\/pt-pt\/wp-json\/wp\/v2\/media\/82951"}],"wp:attachment":[{"href":"https:\/\/jafep.com\/pt-pt\/wp-json\/wp\/v2\/media?parent=11795"}],"wp:term":[{"taxonomy":"product_brand","embeddable":true,"href":"https:\/\/jafep.com\/pt-pt\/wp-json\/wp\/v2\/product_brand?post=11795"},{"taxonomy":"product_cat","embeddable":true,"href":"https:\/\/jafep.com\/pt-pt\/wp-json\/wp\/v2\/product_cat?post=11795"},{"taxonomy":"product_tag","embeddable":true,"href":"https:\/\/jafep.com\/pt-pt\/wp-json\/wp\/v2\/product_tag?post=11795"}],"curies":[{"name":"wp","href":"https:\/\/api.w.org\/{rel}","templated":true}]}}