{"id":11786,"date":"2023-03-27T14:30:39","date_gmt":"2023-03-27T14:30:39","guid":{"rendered":"https:\/\/jafep.com\/?post_type=product&#038;p=11786"},"modified":"2023-03-27T14:30:39","modified_gmt":"2023-03-27T14:30:39","slug":"spray-esmalte-sintetico-de-secagem-rapida","status":"publish","type":"product","link":"https:\/\/jafep.com\/pt-pt\/producto\/spray-esmalte-sintetico-de-secagem-rapida\/","title":{"rendered":"Spray Esmalte Sint\u00e9tico de secagem r\u00e1pida"},"content":{"rendered":"<p>O Spray Esmalte Sint\u00e9tico de secagem r\u00e1pida \u00e9 um esmalte de acabamento, de r\u00e1pida secagem e alta ader\u00eancia, para superf\u00edcies de pintura onde \u00e9 necess\u00e1rio um acabamento resistente e dur\u00e1vel. Sem chumbo. <\/p>\n","protected":false},"excerpt":{"rendered":"<p>O Spray Esmalte Sint\u00e9tico de secagem r\u00e1pida \u00e9 um esmalte de acabamento, de r\u00e1pida secagem e alta ader\u00eancia, para superf\u00edcies de pintura onde \u00e9 necess\u00e1rio um acabamento resistente e dur\u00e1vel. Sem chumbo.<\/p>\n","protected":false},"featured_media":0,"comment_status":"closed","ping_status":"closed","template":"","meta":{"_acf_changed":false,"_links_to":"","_links_to_target":""},"product_brand":[],"product_cat":[443],"product_tag":[],"class_list":{"0":"post-11786","1":"product","2":"type-product","3":"status-publish","5":"product_cat-esmaltes-decoracao","6":"pa_iconos-45-exterior-interior-pt-pt","8":"first","9":"instock","10":"shipping-taxable","11":"product-type-simple"},"acf":[],"_links":{"self":[{"href":"https:\/\/jafep.com\/pt-pt\/wp-json\/wp\/v2\/product\/11786","targetHints":{"allow":["GET"]}}],"collection":[{"href":"https:\/\/jafep.com\/pt-pt\/wp-json\/wp\/v2\/product"}],"about":[{"href":"https:\/\/jafep.com\/pt-pt\/wp-json\/wp\/v2\/types\/product"}],"replies":[{"embeddable":true,"href":"https:\/\/jafep.com\/pt-pt\/wp-json\/wp\/v2\/comments?post=11786"}],"wp:attachment":[{"href":"https:\/\/jafep.com\/pt-pt\/wp-json\/wp\/v2\/media?parent=11786"}],"wp:term":[{"taxonomy":"product_brand","embeddable":true,"href":"https:\/\/jafep.com\/pt-pt\/wp-json\/wp\/v2\/product_brand?post=11786"},{"taxonomy":"product_cat","embeddable":true,"href":"https:\/\/jafep.com\/pt-pt\/wp-json\/wp\/v2\/product_cat?post=11786"},{"taxonomy":"product_tag","embeddable":true,"href":"https:\/\/jafep.com\/pt-pt\/wp-json\/wp\/v2\/product_tag?post=11786"}],"curies":[{"name":"wp","href":"https:\/\/api.w.org\/{rel}","templated":true}]}}