{"id":11773,"date":"2019-09-03T14:22:40","date_gmt":"2023-03-27T13:59:08","guid":{"rendered":"https:\/\/jafep.com\/?post_type=product&#038;p=11773"},"modified":"2023-04-19T09:02:39","modified_gmt":"2023-04-19T09:02:39","slug":"espray-esmalte-anticalorico","status":"publish","type":"product","link":"https:\/\/jafep.com\/pt-pt\/producto\/espray-esmalte-anticalorico\/","title":{"rendered":"Spray Esmalte Antical\u00f3rico"},"content":{"rendered":"<p>Esmalte de silicone para prote\u00e7\u00e3o de elementos met\u00e1licos a temperaturas at\u00e9 600 \u00baC. Especialmente desenvolvido para pintar fog\u00f5es, churrasqueiras, lareiras, radiadores, caldeiras, etc. <\/p>\n","protected":false},"excerpt":{"rendered":"<p>Esmalte antical\u00f3rico <\/p>\n","protected":false},"featured_media":82941,"comment_status":"closed","ping_status":"closed","template":"","meta":{"_acf_changed":false,"_links_to":"","_links_to_target":""},"product_brand":[],"product_cat":[448,1310,1526,1521],"product_tag":[],"class_list":{"0":"post-11773","1":"product","2":"type-product","3":"status-publish","4":"has-post-thumbnail","6":"product_cat-esmaltes-especiais","7":"product_cat-esmaltes-primarios-e-selantes","8":"product_cat-fogoes-lareiras-churrasqueiras","9":"product_cat-metal-pt-pt","10":"pa_iconos-45-exterior-interior-pt-pt","11":"pa_iconos-satinado-pt-pt","13":"first","14":"instock","15":"shipping-taxable","16":"product-type-simple"},"acf":[],"_links":{"self":[{"href":"https:\/\/jafep.com\/pt-pt\/wp-json\/wp\/v2\/product\/11773","targetHints":{"allow":["GET"]}}],"collection":[{"href":"https:\/\/jafep.com\/pt-pt\/wp-json\/wp\/v2\/product"}],"about":[{"href":"https:\/\/jafep.com\/pt-pt\/wp-json\/wp\/v2\/types\/product"}],"replies":[{"embeddable":true,"href":"https:\/\/jafep.com\/pt-pt\/wp-json\/wp\/v2\/comments?post=11773"}],"wp:featuredmedia":[{"embeddable":true,"href":"https:\/\/jafep.com\/pt-pt\/wp-json\/wp\/v2\/media\/82941"}],"wp:attachment":[{"href":"https:\/\/jafep.com\/pt-pt\/wp-json\/wp\/v2\/media?parent=11773"}],"wp:term":[{"taxonomy":"product_brand","embeddable":true,"href":"https:\/\/jafep.com\/pt-pt\/wp-json\/wp\/v2\/product_brand?post=11773"},{"taxonomy":"product_cat","embeddable":true,"href":"https:\/\/jafep.com\/pt-pt\/wp-json\/wp\/v2\/product_cat?post=11773"},{"taxonomy":"product_tag","embeddable":true,"href":"https:\/\/jafep.com\/pt-pt\/wp-json\/wp\/v2\/product_tag?post=11773"}],"curies":[{"name":"wp","href":"https:\/\/api.w.org\/{rel}","templated":true}]}}