{"id":11766,"date":"2018-11-16T12:30:49","date_gmt":"2023-03-27T13:36:32","guid":{"rendered":"https:\/\/jafep.com\/?post_type=product&#038;p=11766"},"modified":"2023-04-19T07:59:31","modified_gmt":"2023-04-19T07:59:31","slug":"esmalte-para-azulejos","status":"publish","type":"product","link":"https:\/\/jafep.com\/pt-pt\/producto\/esmalte-para-azulejos\/","title":{"rendered":"Esmalte para Azulejos"},"content":{"rendered":"<p>Esmalte para azulejos de aplica\u00e7\u00e3o direta sem necessidade de prim\u00e1rio, com excelente ancoragem e resist\u00eancia \u00e0 fric\u00e7\u00e3o. Proporciona um acabamento cer\u00e2mico e elevada reten\u00e7\u00e3o de cor. \u00c9 lav\u00e1vel e tem um acabamento inalter\u00e1vel. <\/p>\n","protected":false},"excerpt":{"rendered":"<p>Esmalte especial azulejos <\/p>\n","protected":false},"featured_media":82911,"comment_status":"closed","ping_status":"closed","template":"","meta":{"_acf_changed":false,"_links_to":"","_links_to_target":""},"product_brand":[],"product_cat":[552,448,1310,1398],"product_tag":[],"class_list":{"0":"post-11766","1":"product","2":"type-product","3":"status-publish","4":"has-post-thumbnail","6":"product_cat-sistema-tintometrico-multicolor","7":"product_cat-esmaltes-especiais","8":"product_cat-esmaltes-primarios-e-selantes","9":"product_cat-sistemas-tintometricos-pt-pt-2","10":"pa_formatos-4l-pt-pt","11":"pa_herramientas-airless-pt-pt","12":"pa_herramientas-brocha-pt-pt","13":"pa_herramientas-pistola-pt-pt","14":"pa_herramientas-rodillo-pt-pt","15":"pa_iconos-41-brocha-rodillo-pistola-pt-pt","16":"pa_iconos-45-exterior-interior-pt-pt","17":"pa_iconos-basep-pt-pt","18":"pa_iconos-base-agua-pt-pt","19":"pa_iconos-producto-al-agua-pt-pt","20":"pa_iconos-rendimiento-13-15-m2-l-pt-pt","21":"pa_iconos-satinado-pt-pt","23":"first","24":"instock","25":"shipping-taxable","26":"product-type-simple"},"acf":[],"_links":{"self":[{"href":"https:\/\/jafep.com\/pt-pt\/wp-json\/wp\/v2\/product\/11766","targetHints":{"allow":["GET"]}}],"collection":[{"href":"https:\/\/jafep.com\/pt-pt\/wp-json\/wp\/v2\/product"}],"about":[{"href":"https:\/\/jafep.com\/pt-pt\/wp-json\/wp\/v2\/types\/product"}],"replies":[{"embeddable":true,"href":"https:\/\/jafep.com\/pt-pt\/wp-json\/wp\/v2\/comments?post=11766"}],"wp:featuredmedia":[{"embeddable":true,"href":"https:\/\/jafep.com\/pt-pt\/wp-json\/wp\/v2\/media\/82911"}],"wp:attachment":[{"href":"https:\/\/jafep.com\/pt-pt\/wp-json\/wp\/v2\/media?parent=11766"}],"wp:term":[{"taxonomy":"product_brand","embeddable":true,"href":"https:\/\/jafep.com\/pt-pt\/wp-json\/wp\/v2\/product_brand?post=11766"},{"taxonomy":"product_cat","embeddable":true,"href":"https:\/\/jafep.com\/pt-pt\/wp-json\/wp\/v2\/product_cat?post=11766"},{"taxonomy":"product_tag","embeddable":true,"href":"https:\/\/jafep.com\/pt-pt\/wp-json\/wp\/v2\/product_tag?post=11766"}],"curies":[{"name":"wp","href":"https:\/\/api.w.org\/{rel}","templated":true}]}}