{"id":11764,"date":"2022-10-14T09:26:40","date_gmt":"2023-03-27T11:15:58","guid":{"rendered":"https:\/\/jafep.com\/?post_type=product&#038;p=11764"},"modified":"2023-05-09T11:45:47","modified_gmt":"2023-05-09T11:45:47","slug":"esmalte-para-azulejos-al-agua","status":"publish","type":"product","link":"https:\/\/jafep.com\/pt-pt\/producto\/esmalte-para-azulejos-al-agua\/","title":{"rendered":"Esmalte para Azulejos Aquoso"},"content":{"rendered":"<p>Esmalte acr\u00edlico refor\u00e7ado para aplica\u00e7\u00e3o direta em azulejos sem prim\u00e1rio. Excelente ader\u00eancia e resist\u00eancia. Acabamento atrativo e resist\u00eancia \u00e0 cor de longa dura\u00e7\u00e3o. <\/p>\n","protected":false},"excerpt":{"rendered":"<p>Esmalte especial azulejos <\/p>\n","protected":false},"featured_media":83031,"comment_status":"closed","ping_status":"closed","template":"","meta":{"_acf_changed":false,"_links_to":"","_links_to_target":""},"product_brand":[],"product_cat":[448,1310],"product_tag":[],"class_list":{"0":"post-11764","1":"product","2":"type-product","3":"status-publish","4":"has-post-thumbnail","6":"product_cat-esmaltes-especiais","7":"product_cat-esmaltes-primarios-e-selantes","8":"pa_herramientas-airless-pt-pt","9":"pa_herramientas-brocha-pt-pt","10":"pa_herramientas-pistola-pt-pt","11":"pa_herramientas-rodillo-pt-pt","12":"pa_iconos-41-brocha-rodillo-pistola-pt-pt","13":"pa_iconos-45-exterior-interior-pt-pt","14":"pa_iconos-basep-pt-pt","15":"pa_iconos-base-agua-pt-pt","16":"pa_iconos-brillante-satinado-pt-pt","17":"pa_iconos-producto-al-agua-pt-pt","18":"pa_iconos-rendimiento-8-12-m2l-pt-pt","20":"first","21":"instock","22":"shipping-taxable","23":"product-type-simple"},"acf":[],"_links":{"self":[{"href":"https:\/\/jafep.com\/pt-pt\/wp-json\/wp\/v2\/product\/11764","targetHints":{"allow":["GET"]}}],"collection":[{"href":"https:\/\/jafep.com\/pt-pt\/wp-json\/wp\/v2\/product"}],"about":[{"href":"https:\/\/jafep.com\/pt-pt\/wp-json\/wp\/v2\/types\/product"}],"replies":[{"embeddable":true,"href":"https:\/\/jafep.com\/pt-pt\/wp-json\/wp\/v2\/comments?post=11764"}],"wp:featuredmedia":[{"embeddable":true,"href":"https:\/\/jafep.com\/pt-pt\/wp-json\/wp\/v2\/media\/83031"}],"wp:attachment":[{"href":"https:\/\/jafep.com\/pt-pt\/wp-json\/wp\/v2\/media?parent=11764"}],"wp:term":[{"taxonomy":"product_brand","embeddable":true,"href":"https:\/\/jafep.com\/pt-pt\/wp-json\/wp\/v2\/product_brand?post=11764"},{"taxonomy":"product_cat","embeddable":true,"href":"https:\/\/jafep.com\/pt-pt\/wp-json\/wp\/v2\/product_cat?post=11764"},{"taxonomy":"product_tag","embeddable":true,"href":"https:\/\/jafep.com\/pt-pt\/wp-json\/wp\/v2\/product_tag?post=11764"}],"curies":[{"name":"wp","href":"https:\/\/api.w.org\/{rel}","templated":true}]}}