{"id":11759,"date":"2017-04-12T08:40:23","date_gmt":"2023-03-23T15:08:26","guid":{"rendered":"https:\/\/jafep.com\/?post_type=product&#038;p=11759"},"modified":"2023-04-19T11:01:19","modified_gmt":"2023-04-19T11:01:19","slug":"diluente-multiusos","status":"publish","type":"product","link":"https:\/\/jafep.com\/pt-pt\/producto\/diluente-multiusos\/","title":{"rendered":"Multi-usos Diluente"},"content":{"rendered":"<p>Prim\u00e1rio anticorrosivo com alta ader\u00eancia mesmo em superf\u00edcies dif\u00edceis. Tem boa resist\u00eancia \u00e0 luz, \u00e0 intemp\u00e9rie e \u00e0 corros\u00e3o. <\/p>\n","protected":false},"excerpt":{"rendered":"<p>Prim\u00e1rio anticorrosivo com alta ader\u00eancia mesmo em superf\u00edcies dif\u00edceis. Tem boa resist\u00eancia \u00e0 luz, \u00e0 intemp\u00e9rie e \u00e0 corros\u00e3o.<\/p>\n","protected":false},"featured_media":82866,"comment_status":"closed","ping_status":"closed","template":"","meta":{"_acf_changed":false,"_links_to":"","_links_to_target":""},"product_brand":[],"product_cat":[1246,1310,454],"product_tag":[],"class_list":{"0":"post-11759","1":"product","2":"type-product","3":"status-publish","4":"has-post-thumbnail","6":"product_cat-before-paint-pt-pt","7":"product_cat-esmaltes-primarios-e-selantes","8":"product_cat-sub-capas","9":"pa_formatos-4l-pt-pt","10":"pa_formatos-750ml-pt-pt","11":"pa_herramientas-airless-pt-pt","12":"pa_herramientas-brocha-pt-pt","13":"pa_herramientas-pistola-pt-pt","14":"pa_herramientas-rodillo-pt-pt","15":"pa_iconos-2-base-solvente-pt-pt","16":"pa_iconos-45-exterior-interior-pt-pt","17":"pa_iconos-mate-pt-pt","18":"pa_iconos-rendimiento-8-12-m2l-pt-pt","20":"first","21":"instock","22":"shipping-taxable","23":"product-type-simple"},"acf":[],"_links":{"self":[{"href":"https:\/\/jafep.com\/pt-pt\/wp-json\/wp\/v2\/product\/11759","targetHints":{"allow":["GET"]}}],"collection":[{"href":"https:\/\/jafep.com\/pt-pt\/wp-json\/wp\/v2\/product"}],"about":[{"href":"https:\/\/jafep.com\/pt-pt\/wp-json\/wp\/v2\/types\/product"}],"replies":[{"embeddable":true,"href":"https:\/\/jafep.com\/pt-pt\/wp-json\/wp\/v2\/comments?post=11759"}],"wp:featuredmedia":[{"embeddable":true,"href":"https:\/\/jafep.com\/pt-pt\/wp-json\/wp\/v2\/media\/82866"}],"wp:attachment":[{"href":"https:\/\/jafep.com\/pt-pt\/wp-json\/wp\/v2\/media?parent=11759"}],"wp:term":[{"taxonomy":"product_brand","embeddable":true,"href":"https:\/\/jafep.com\/pt-pt\/wp-json\/wp\/v2\/product_brand?post=11759"},{"taxonomy":"product_cat","embeddable":true,"href":"https:\/\/jafep.com\/pt-pt\/wp-json\/wp\/v2\/product_cat?post=11759"},{"taxonomy":"product_tag","embeddable":true,"href":"https:\/\/jafep.com\/pt-pt\/wp-json\/wp\/v2\/product_tag?post=11759"}],"curies":[{"name":"wp","href":"https:\/\/api.w.org\/{rel}","templated":true}]}}