{"id":11744,"date":"2016-08-24T15:09:41","date_gmt":"2023-03-23T08:57:51","guid":{"rendered":"https:\/\/jafep.com\/?post_type=product&#038;p=11744"},"modified":"2023-04-19T10:24:09","modified_gmt":"2023-04-19T10:24:09","slug":"primario-antioxidante-n-max","status":"publish","type":"product","link":"https:\/\/jafep.com\/pt-pt\/producto\/primario-antioxidante-n-max\/","title":{"rendered":"Prim\u00e1rio Antioxidante N-Max"},"content":{"rendered":"<p>Vers\u00e3o refor\u00e7ada do prim\u00e1rio &#8220;N&#8221;, com teor m\u00e1ximo de fosfato de zinco e outros aditivos antioxidantes. Baseado em resinas alqu\u00eddicas, \u00e9 um protetor eficaz do ferro e do a\u00e7o nas zonas costeiras.\u00a0Repint\u00e1vel mesmo com acabamentos de nitrocelulose e poliuretano de dois componentes <\/p>\n","protected":false},"excerpt":{"rendered":"<p>Prim\u00e1rio antioxidante \u00e0 base de resinas alqu\u00eddicas <\/p>\n","protected":false},"featured_media":82851,"comment_status":"closed","ping_status":"closed","template":"","meta":{"_acf_changed":false,"_links_to":"","_links_to_target":""},"product_brand":[],"product_cat":[1522,1310,1521,451,787],"product_tag":[],"class_list":{"0":"post-11744","1":"product","2":"type-product","3":"status-publish","4":"has-post-thumbnail","6":"product_cat-antes-de-pintar","7":"product_cat-esmaltes-primarios-e-selantes","8":"product_cat-metal-pt-pt","9":"product_cat-primarios","10":"product_cat-proteger-metal-pt-pt","11":"pa_formatos-4l-pt-pt","12":"pa_herramientas-airless-pt-pt","13":"pa_herramientas-brocha-pt-pt","14":"pa_herramientas-pistola-pt-pt","15":"pa_herramientas-rodillo-esmalte-barniz-sintetico-100-espuma-flocada-pt-pt","16":"pa_iconos-2-base-solvente-pt-pt","17":"pa_iconos-34-rendimiento-de-10-12-m2l-pt-pt","18":"pa_iconos-45-exterior-interior-pt-pt","19":"pa_iconos-satinado-pt-pt","21":"first","22":"instock","23":"shipping-taxable","24":"product-type-simple"},"acf":[],"_links":{"self":[{"href":"https:\/\/jafep.com\/pt-pt\/wp-json\/wp\/v2\/product\/11744","targetHints":{"allow":["GET"]}}],"collection":[{"href":"https:\/\/jafep.com\/pt-pt\/wp-json\/wp\/v2\/product"}],"about":[{"href":"https:\/\/jafep.com\/pt-pt\/wp-json\/wp\/v2\/types\/product"}],"replies":[{"embeddable":true,"href":"https:\/\/jafep.com\/pt-pt\/wp-json\/wp\/v2\/comments?post=11744"}],"wp:featuredmedia":[{"embeddable":true,"href":"https:\/\/jafep.com\/pt-pt\/wp-json\/wp\/v2\/media\/82851"}],"wp:attachment":[{"href":"https:\/\/jafep.com\/pt-pt\/wp-json\/wp\/v2\/media?parent=11744"}],"wp:term":[{"taxonomy":"product_brand","embeddable":true,"href":"https:\/\/jafep.com\/pt-pt\/wp-json\/wp\/v2\/product_brand?post=11744"},{"taxonomy":"product_cat","embeddable":true,"href":"https:\/\/jafep.com\/pt-pt\/wp-json\/wp\/v2\/product_cat?post=11744"},{"taxonomy":"product_tag","embeddable":true,"href":"https:\/\/jafep.com\/pt-pt\/wp-json\/wp\/v2\/product_tag?post=11744"}],"curies":[{"name":"wp","href":"https:\/\/api.w.org\/{rel}","templated":true}]}}