{"id":11733,"date":"2018-08-27T10:06:47","date_gmt":"2018-08-27T10:06:47","guid":{"rendered":"https:\/\/jafep.com\/?post_type=product&#038;p=11733"},"modified":"2025-03-31T13:59:49","modified_gmt":"2025-03-31T13:59:49","slug":"ox-esmalte-sintetico-antioxidante-efeito-forja-liso","status":"publish","type":"product","link":"https:\/\/jafep.com\/pt-pt\/producto\/ox-esmalte-sintetico-antioxidante-efeito-forja-liso\/","title":{"rendered":"OX Esmalte Sint\u00e9tico Antioxidante &#8220;Efeito Forja&#8221; Liso"},"content":{"rendered":"<p class=\"MsoNormal\">Esmalte antioxidante de secagem r\u00e1pida e aplica\u00e7\u00e3o direta sobre a\u00e7o, formulado com pigmentos e s\u00f3lidos de baixa in\u00e9rcia qu\u00edmica e aditivos anticorrosivos. Proporciona um acabamento protetor e decorativo a qualquer superf\u00edcie de ferro. Obt\u00e9m-se um acabamento tipo forja liso e f\u00e1cil de limpar<\/p>\n","protected":false},"excerpt":{"rendered":"<p>Esmalte antioxidante de secagem r\u00e1pida e aplica\u00e7\u00e3o direta sobre a\u00e7o, formulado com pigmentos e s\u00f3lidos de baixa in\u00e9rcia qu\u00edmica e aditivos anticorrosivos. Proporciona um acabamento protetor e decorativo a qualquer superf\u00edcie de ferro. Obt\u00e9m-se um acabamento tipo forja liso e f\u00e1cil de limpar<\/p>\n","protected":false},"featured_media":83642,"comment_status":"closed","ping_status":"closed","template":"","meta":{"_acf_changed":false,"_links_to":"","_links_to_target":""},"product_brand":[],"product_cat":[442,1310,1519,784,786,787],"product_tag":[],"class_list":{"0":"post-11733","1":"product","2":"type-product","3":"status-publish","4":"has-post-thumbnail","6":"product_cat-acabamentos-antioxidantes","7":"product_cat-esmaltes-primarios-e-selantes","8":"product_cat-ferrugem","9":"product_cat-mobiliario-de-jardin-pt-pt","10":"product_cat-pintar-cambiar-el-color-pt-pt","11":"product_cat-proteger-metal-pt-pt","12":"pa_formatos-4l-pt-pt","13":"pa_formatos-750ml-pt-pt","14":"pa_herramientas-airless-pt-pt","15":"pa_herramientas-brocha-pt-pt","16":"pa_herramientas-pistola-pt-pt","17":"pa_iconos-2-base-solvente-pt-pt","18":"pa_iconos-45-exterior-interior-pt-pt","19":"pa_iconos-64-lavabilidad-nivel-maximo","20":"pa_iconos-cartacolores","21":"pa_iconos-efecto-forja-liso-pt-pt","22":"pa_iconos-rendimiento-de-8-12-m2l-pt-pt","24":"first","25":"instock","26":"shipping-taxable","27":"product-type-simple"},"acf":[],"_links":{"self":[{"href":"https:\/\/jafep.com\/pt-pt\/wp-json\/wp\/v2\/product\/11733","targetHints":{"allow":["GET"]}}],"collection":[{"href":"https:\/\/jafep.com\/pt-pt\/wp-json\/wp\/v2\/product"}],"about":[{"href":"https:\/\/jafep.com\/pt-pt\/wp-json\/wp\/v2\/types\/product"}],"replies":[{"embeddable":true,"href":"https:\/\/jafep.com\/pt-pt\/wp-json\/wp\/v2\/comments?post=11733"}],"wp:featuredmedia":[{"embeddable":true,"href":"https:\/\/jafep.com\/pt-pt\/wp-json\/wp\/v2\/media\/83642"}],"wp:attachment":[{"href":"https:\/\/jafep.com\/pt-pt\/wp-json\/wp\/v2\/media?parent=11733"}],"wp:term":[{"taxonomy":"product_brand","embeddable":true,"href":"https:\/\/jafep.com\/pt-pt\/wp-json\/wp\/v2\/product_brand?post=11733"},{"taxonomy":"product_cat","embeddable":true,"href":"https:\/\/jafep.com\/pt-pt\/wp-json\/wp\/v2\/product_cat?post=11733"},{"taxonomy":"product_tag","embeddable":true,"href":"https:\/\/jafep.com\/pt-pt\/wp-json\/wp\/v2\/product_tag?post=11733"}],"curies":[{"name":"wp","href":"https:\/\/api.w.org\/{rel}","templated":true}]}}