{"id":11668,"date":"2016-02-08T07:50:58","date_gmt":"2023-03-16T16:22:08","guid":{"rendered":"https:\/\/jafep.com\/?post_type=product&#038;p=11668"},"modified":"2023-04-18T14:32:39","modified_gmt":"2023-04-18T14:32:39","slug":"esmalte-sintetico-acetinado","status":"publish","type":"product","link":"https:\/\/jafep.com\/pt-pt\/producto\/esmalte-sintetico-acetinado\/","title":{"rendered":"Esmalte Sint\u00e9tico Acetinado"},"content":{"rendered":"<p>\u00c9 um esmalte sint\u00e9tico acetinado e grande poder de cobertura, formulado com resinas alqu\u00eddicas especiais e pigmentos de comprovada resist\u00eancia e estabilidade \u00e0 luz, que proporcionam acabamentos de primeira qualidade.<\/p>\n<p>\u00c9 um produto com a t\u00e9cnica &#8220;altos s\u00f3lidos&#8221;, pelo que se recomenda a aplica\u00e7\u00e3o de camadas finas e respeitar os tempos de secagem e repintura de forma a obter os melhores e m\u00e1ximos benef\u00edcios. <\/p>\n","protected":false},"excerpt":{"rendered":"<p>Esmalte sint\u00e9tico \u00e0 base de resinas alqu\u00eddicas <\/p>\n","protected":false},"featured_media":82721,"comment_status":"closed","ping_status":"closed","template":"","meta":{"_acf_changed":false,"_links_to":"","_links_to_target":""},"product_brand":[],"product_cat":[552,443,1310,1398],"product_tag":[],"class_list":{"0":"post-11668","1":"product","2":"type-product","3":"status-publish","4":"has-post-thumbnail","6":"product_cat-sistema-tintometrico-multicolor","7":"product_cat-esmaltes-decoracao","8":"product_cat-esmaltes-primarios-e-selantes","9":"product_cat-sistemas-tintometricos-pt-pt-2","10":"pa_formatos-125ml-pt-pt","11":"pa_formatos-375ml-pt-pt","12":"pa_formatos-4l-pt-pt","13":"pa_formatos-750ml-pt-pt","14":"pa_herramientas-airless-pt-pt","15":"pa_herramientas-brocha-pt-pt","16":"pa_herramientas-pistola-pt-pt","17":"pa_herramientas-rodillo-esmalte-barniz-sintetico-100-espuma-flocada-pt-pt","18":"pa_herramientas-rodillo-esmalte-barniz-sintetico-100-lana-de-oveja-45mm-pt-pt","19":"pa_herramientas-rodillo-esmalte-barniz-sintetico-100-poliester-tejido-13mm-pt-pt","20":"pa_herramientas-rodillo-esmalte-barniz-sintetico-flocado-pt-pt","21":"pa_herramientas-rodillo-esmalte-barniz-sintetico-y-acrilico-100-espuma-densidad-60-pt-pt","22":"pa_herramientas-rodillo-esmalte-barniz-acrilico-microfibra-8-mm-pt-pt","23":"pa_iconos-2-base-solvente-pt-pt","24":"pa_iconos-30-rendimiento-12-14-m2-pt-pt","25":"pa_iconos-41-brocha-rodillo-pistola-pt-pt","26":"pa_iconos-45-exterior-interior-pt-pt","27":"pa_iconos-brillante-satinado-mate-pt-pt","28":"pa_iconos-cartacolores","30":"first","31":"instock","32":"shipping-taxable","33":"product-type-simple"},"acf":[],"_links":{"self":[{"href":"https:\/\/jafep.com\/pt-pt\/wp-json\/wp\/v2\/product\/11668","targetHints":{"allow":["GET"]}}],"collection":[{"href":"https:\/\/jafep.com\/pt-pt\/wp-json\/wp\/v2\/product"}],"about":[{"href":"https:\/\/jafep.com\/pt-pt\/wp-json\/wp\/v2\/types\/product"}],"replies":[{"embeddable":true,"href":"https:\/\/jafep.com\/pt-pt\/wp-json\/wp\/v2\/comments?post=11668"}],"wp:featuredmedia":[{"embeddable":true,"href":"https:\/\/jafep.com\/pt-pt\/wp-json\/wp\/v2\/media\/82721"}],"wp:attachment":[{"href":"https:\/\/jafep.com\/pt-pt\/wp-json\/wp\/v2\/media?parent=11668"}],"wp:term":[{"taxonomy":"product_brand","embeddable":true,"href":"https:\/\/jafep.com\/pt-pt\/wp-json\/wp\/v2\/product_brand?post=11668"},{"taxonomy":"product_cat","embeddable":true,"href":"https:\/\/jafep.com\/pt-pt\/wp-json\/wp\/v2\/product_cat?post=11668"},{"taxonomy":"product_tag","embeddable":true,"href":"https:\/\/jafep.com\/pt-pt\/wp-json\/wp\/v2\/product_tag?post=11668"}],"curies":[{"name":"wp","href":"https:\/\/api.w.org\/{rel}","templated":true}]}}