{"id":11488,"date":"2019-07-15T11:54:26","date_gmt":"2019-07-15T11:54:26","guid":{"rendered":"https:\/\/jafep.com\/?post_type=product&#038;p=11488"},"modified":"2023-04-20T11:02:37","modified_gmt":"2023-04-20T11:02:37","slug":"pintura-plastica-simplex-jsx-505-m","status":"publish","type":"product","link":"https:\/\/jafep.com\/pt-pt\/producto\/pintura-plastica-simplex-jsx-505-m\/","title":{"rendered":"Tinta Pl\u00e1stica Simplex JSX-505-M"},"content":{"rendered":"<p>A formula\u00e7\u00e3o inovadora da gama Simplex facilita a aplica\u00e7\u00e3o do produto por meio de propriedades t\u00eansil-din\u00e2micas que cooperam no melhor nivelamento, aumentando as propriedades mate e evitando salpicos.\u00a0\u00a0JSX-505-M \u00e9 uma tinta vin\u00edlica com um toque e aplica\u00e7\u00e3o agrad\u00e1vel, lav\u00e1vel e com uma cobri\u00e7\u00e3o muito boa. <\/p>\n","protected":false},"excerpt":{"rendered":"<p>A formula\u00e7\u00e3o inovadora da gama Simplex facilita a aplica\u00e7\u00e3o do produto por meio de propriedades t\u00eansil-din\u00e2micas que cooperam no melhor nivelamento, aumentando as propriedades mate e evitando salpicos.\u00a0\u00a0JSX-505-M \u00e9 uma tinta vin\u00edlica com um toque e aplica\u00e7\u00e3o agrad\u00e1vel, lav\u00e1vel e com uma cobri\u00e7\u00e3o muito boa.<\/p>\n","protected":false},"featured_media":82931,"comment_status":"closed","ping_status":"closed","template":"","meta":{"_acf_changed":false,"_links_to":"","_links_to_target":""},"product_brand":[],"product_cat":[1356,1024],"product_tag":[],"class_list":{"0":"post-11488","1":"product","2":"type-product","3":"status-publish","4":"has-post-thumbnail","6":"product_cat-simplex-pt-pt","7":"product_cat-pinturas-plasticas-pt-pt","8":"pa_formatos-15-l-pt-pt","9":"pa_formatos-4l-pt-pt","10":"pa_formatos-750ml-pt-pt","11":"pa_herramientas-airless-pt-pt","12":"pa_herramientas-brocha-pt-pt","13":"pa_herramientas-pistola-pt-pt","14":"pa_herramientas-rodillo-pt-pt","15":"pa_iconos-45-exterior-interior-pt-pt","16":"pa_iconos-51-mate-60o-pt-pt","17":"pa_iconos-62-lavabilidad-nivel-3-pt-pt","18":"pa_iconos-base-agua-pt-pt","19":"pa_iconos-conservante-antimoho-sitema-atmh-pt-pt","20":"pa_iconos-mate-profundo-pt-pt","21":"pa_iconos-mate4-5-pt-pt","22":"pa_iconos-rendimiento-7-9-m2l-pt-pt","24":"first","25":"instock","26":"shipping-taxable","27":"product-type-simple"},"acf":[],"_links":{"self":[{"href":"https:\/\/jafep.com\/pt-pt\/wp-json\/wp\/v2\/product\/11488","targetHints":{"allow":["GET"]}}],"collection":[{"href":"https:\/\/jafep.com\/pt-pt\/wp-json\/wp\/v2\/product"}],"about":[{"href":"https:\/\/jafep.com\/pt-pt\/wp-json\/wp\/v2\/types\/product"}],"replies":[{"embeddable":true,"href":"https:\/\/jafep.com\/pt-pt\/wp-json\/wp\/v2\/comments?post=11488"}],"wp:featuredmedia":[{"embeddable":true,"href":"https:\/\/jafep.com\/pt-pt\/wp-json\/wp\/v2\/media\/82931"}],"wp:attachment":[{"href":"https:\/\/jafep.com\/pt-pt\/wp-json\/wp\/v2\/media?parent=11488"}],"wp:term":[{"taxonomy":"product_brand","embeddable":true,"href":"https:\/\/jafep.com\/pt-pt\/wp-json\/wp\/v2\/product_brand?post=11488"},{"taxonomy":"product_cat","embeddable":true,"href":"https:\/\/jafep.com\/pt-pt\/wp-json\/wp\/v2\/product_cat?post=11488"},{"taxonomy":"product_tag","embeddable":true,"href":"https:\/\/jafep.com\/pt-pt\/wp-json\/wp\/v2\/product_tag?post=11488"}],"curies":[{"name":"wp","href":"https:\/\/api.w.org\/{rel}","templated":true}]}}