{"id":11455,"date":"2020-10-08T09:52:36","date_gmt":"2020-10-08T09:52:36","guid":{"rendered":"https:\/\/jafep.com\/producto\/finium-fn-915\/"},"modified":"2023-04-20T08:09:36","modified_gmt":"2023-04-20T08:09:36","slug":"finium-fn-915","status":"publish","type":"product","link":"https:\/\/jafep.com\/pt-pt\/producto\/finium-fn-915\/","title":{"rendered":"Finium FN 915"},"content":{"rendered":"<p>Finium FN 915 \u00e9 uma tinta vin\u00edlica de alta qualidade com excelente secagem interior, muito boa facilidade de aplica\u00e7\u00e3o que esconde os repassos, n\u00e3o salpica nem goteja e proporciona um acabamento mate extra profundo e excelente cobertura. <\/p>\n","protected":false},"excerpt":{"rendered":"<p>Finium FN 915 \u00e9 uma tinta vin\u00edlica de alta qualidade com excelente secagem interior, muito boa facilidade de aplica\u00e7\u00e3o que esconde os repassos, n\u00e3o salpica nem goteja e proporciona um acabamento mate extra profundo e excelente cobertura.<\/p>\n","protected":false},"featured_media":82996,"comment_status":"closed","ping_status":"closed","template":"","meta":{"_acf_changed":false,"_links_to":"","_links_to_target":""},"product_brand":[],"product_cat":[1331,1024],"product_tag":[],"class_list":{"0":"post-11455","1":"product","2":"type-product","3":"status-publish","4":"has-post-thumbnail","6":"product_cat-finium-pt-pt","7":"product_cat-pinturas-plasticas-pt-pt","8":"pa_formatos-15-l-pt-pt","9":"pa_formatos-4-l-pt-pt","10":"pa_herramientas-airless-pt-pt","11":"pa_herramientas-brocha-pt-pt","12":"pa_herramientas-pistola-pt-pt","13":"pa_herramientas-rodillo-pt-pt","14":"pa_iconos-38-rendimiento-de-10-15-m2l-pt-pt","15":"pa_iconos-41-brocha-rodillo-pistola-pt-pt","16":"pa_iconos-45-exterior-interior-pt-pt","17":"pa_iconos-50-extra-mate-85o-pt-pt","18":"pa_iconos-60-lavabilidad-nivel-1-pt-pt","19":"pa_iconos-base-agua-pt-pt","20":"pa_iconos-conservante-antimoho-sitema-atmh-pt-pt","21":"pa_iconos-extra-mate-profundo-pt-pt","22":"pa_iconos-mate5-pt-pt","24":"first","25":"instock","26":"shipping-taxable","27":"product-type-simple"},"acf":[],"_links":{"self":[{"href":"https:\/\/jafep.com\/pt-pt\/wp-json\/wp\/v2\/product\/11455","targetHints":{"allow":["GET"]}}],"collection":[{"href":"https:\/\/jafep.com\/pt-pt\/wp-json\/wp\/v2\/product"}],"about":[{"href":"https:\/\/jafep.com\/pt-pt\/wp-json\/wp\/v2\/types\/product"}],"replies":[{"embeddable":true,"href":"https:\/\/jafep.com\/pt-pt\/wp-json\/wp\/v2\/comments?post=11455"}],"wp:featuredmedia":[{"embeddable":true,"href":"https:\/\/jafep.com\/pt-pt\/wp-json\/wp\/v2\/media\/82996"}],"wp:attachment":[{"href":"https:\/\/jafep.com\/pt-pt\/wp-json\/wp\/v2\/media?parent=11455"}],"wp:term":[{"taxonomy":"product_brand","embeddable":true,"href":"https:\/\/jafep.com\/pt-pt\/wp-json\/wp\/v2\/product_brand?post=11455"},{"taxonomy":"product_cat","embeddable":true,"href":"https:\/\/jafep.com\/pt-pt\/wp-json\/wp\/v2\/product_cat?post=11455"},{"taxonomy":"product_tag","embeddable":true,"href":"https:\/\/jafep.com\/pt-pt\/wp-json\/wp\/v2\/product_tag?post=11455"}],"curies":[{"name":"wp","href":"https:\/\/api.w.org\/{rel}","templated":true}]}}