{"id":11431,"date":"2022-12-13T11:37:01","date_gmt":"2022-12-13T11:37:01","guid":{"rendered":"https:\/\/jafep.com\/?post_type=product&#038;p=11431"},"modified":"2026-01-26T13:25:14","modified_gmt":"2026-01-26T12:25:14","slug":"revestimiento-semi-elastico-blanco-petreo","status":"publish","type":"product","link":"https:\/\/jafep.com\/pt-pt\/producto\/revestimiento-semi-elastico-blanco-petreo\/","title":{"rendered":"Revestimiento Semi-El\u00e1stico Petreo"},"content":{"rendered":"<p>Revestimiento semi el\u00e1stico compuesto por una combinaci\u00f3n de copol\u00edmeros acr\u00edlicos de alta calidad con el que obtiene un equilibrio ente buena elasticidad y flexibilidad as\u00ed como buena lavabilidad y resistencia a la intemperie.<\/p>\n","protected":false},"excerpt":{"rendered":"<p>Revestimiento semi el\u00e1stico compuesto por una combinaci\u00f3n de copol\u00edmeros acr\u00edlicos de alta calidad con el que obtiene un equilibrio ente buena elasticidad y flexibilidad as\u00ed como buena lavabilidad y resistencia a la intemperie.<\/p>\n","protected":false},"featured_media":83037,"comment_status":"closed","ping_status":"closed","template":"","meta":{"_acf_changed":false,"_links_to":"","_links_to_target":""},"product_brand":[],"product_cat":[97,836,1276],"product_tag":[],"class_list":{"0":"post-11431","1":"product","2":"type-product","3":"status-publish","4":"has-post-thumbnail","6":"product_cat-exteriores","7":"product_cat-revestimientos","8":"product_cat-semi-elastico","9":"pa_herramientas-airless","10":"pa_herramientas-brocha","11":"pa_herramientas-pistola","12":"pa_herramientas-rodillo","13":"pa_iconos-base-agua","14":"pa_iconos-brocha-rodillo-pistola","15":"pa_iconos-carta-colores","16":"pa_iconos-conservante-antimoho-sitema-atmh","17":"pa_iconos-exterior","18":"pa_iconos-mate","19":"pa_iconos-rendimiento-8-12-m2l","21":"first","22":"instock","23":"shipping-taxable","24":"product-type-simple"},"acf":[],"_links":{"self":[{"href":"https:\/\/jafep.com\/pt-pt\/wp-json\/wp\/v2\/product\/11431","targetHints":{"allow":["GET"]}}],"collection":[{"href":"https:\/\/jafep.com\/pt-pt\/wp-json\/wp\/v2\/product"}],"about":[{"href":"https:\/\/jafep.com\/pt-pt\/wp-json\/wp\/v2\/types\/product"}],"replies":[{"embeddable":true,"href":"https:\/\/jafep.com\/pt-pt\/wp-json\/wp\/v2\/comments?post=11431"}],"wp:featuredmedia":[{"embeddable":true,"href":"https:\/\/jafep.com\/pt-pt\/wp-json\/wp\/v2\/media\/83037"}],"wp:attachment":[{"href":"https:\/\/jafep.com\/pt-pt\/wp-json\/wp\/v2\/media?parent=11431"}],"wp:term":[{"taxonomy":"product_brand","embeddable":true,"href":"https:\/\/jafep.com\/pt-pt\/wp-json\/wp\/v2\/product_brand?post=11431"},{"taxonomy":"product_cat","embeddable":true,"href":"https:\/\/jafep.com\/pt-pt\/wp-json\/wp\/v2\/product_cat?post=11431"},{"taxonomy":"product_tag","embeddable":true,"href":"https:\/\/jafep.com\/pt-pt\/wp-json\/wp\/v2\/product_tag?post=11431"}],"curies":[{"name":"wp","href":"https:\/\/api.w.org\/{rel}","templated":true}]}}