{"id":84900,"date":"2025-04-25T09:39:48","date_gmt":"2025-04-25T09:39:48","guid":{"rendered":"https:\/\/jafep.com\/ficha-de-dados-de-seguranca\/"},"modified":"2025-04-25T09:39:48","modified_gmt":"2025-04-25T09:39:48","slug":"ficha-de-dados-de-seguranca","status":"publish","type":"page","link":"https:\/\/jafep.com\/pt-pt\/ficha-de-dados-de-seguranca\/","title":{"rendered":"Ficha de dados de seguran\u00e7a"},"content":{"rendered":"\t\t<div data-elementor-type=\"wp-page\" data-elementor-id=\"84900\" class=\"elementor elementor-84900 elementor-83429\" data-elementor-post-type=\"page\">\n\t\t\t\t\t\t<section class=\"elementor-section elementor-top-section elementor-element elementor-element-37c8f253 elementor-section-boxed elementor-section-height-default elementor-section-height-default\" data-id=\"37c8f253\" data-element_type=\"section\" data-e-type=\"section\">\n\t\t\t\t\t\t<div class=\"elementor-container elementor-column-gap-no\">\n\t\t\t\t\t<div class=\"elementor-column elementor-col-100 elementor-top-column elementor-element elementor-element-6b7802ff\" data-id=\"6b7802ff\" data-element_type=\"column\" data-e-type=\"column\">\n\t\t\t<div class=\"elementor-widget-wrap elementor-element-populated\">\n\t\t\t\t\t\t<section class=\"elementor-section elementor-inner-section elementor-element elementor-element-69d5ce78 elementor-section-full_width elementor-section-height-default elementor-section-height-default\" data-id=\"69d5ce78\" data-element_type=\"section\" data-e-type=\"section\">\n\t\t\t\t\t\t<div class=\"elementor-container elementor-column-gap-no\">\n\t\t\t\t\t<div class=\"elementor-column elementor-col-100 elementor-inner-column elementor-element elementor-element-2650ad9a\" data-id=\"2650ad9a\" data-element_type=\"column\" data-e-type=\"column\">\n\t\t\t<div class=\"elementor-widget-wrap elementor-element-populated\">\n\t\t\t\t\t\t<div class=\"elementor-element elementor-element-f9d997f elementor-widget elementor-widget-heading\" data-id=\"f9d997f\" data-element_type=\"widget\" data-e-type=\"widget\" data-widget_type=\"heading.default\">\n\t\t\t\t<div class=\"elementor-widget-container\">\n\t\t\t\t\t<h2 class=\"elementor-heading-title elementor-size-default\">Jafep<\/h2>\t\t\t\t<\/div>\n\t\t\t\t<\/div>\n\t\t\t\t<div class=\"elementor-element elementor-element-046504d elementor-widget elementor-widget-heading\" data-id=\"046504d\" data-element_type=\"widget\" data-e-type=\"widget\" data-widget_type=\"heading.default\">\n\t\t\t\t<div class=\"elementor-widget-container\">\n\t\t\t\t\t<h2 class=\"elementor-heading-title elementor-size-default\">Fichas de dados de seguran\u00e7a<\/h2>\t\t\t\t<\/div>\n\t\t\t\t<\/div>\n\t\t\t\t<div class=\"elementor-element elementor-element-e976dcc elementor-widget__width-initial elementor-widget elementor-widget-heading\" data-id=\"e976dcc\" data-element_type=\"widget\" data-e-type=\"widget\" data-widget_type=\"heading.default\">\n\t\t\t\t<div class=\"elementor-widget-container\">\n\t\t\t\t\t<p class=\"elementor-heading-title elementor-size-default\">Para poder consultar as fichas de seguran\u00e7a, deves ser cliente de Productos Jafep S.L. e ter acesso \u00e0 nossa \u00c1rea FDS. Se n\u00e3o tiveres acesso ou n\u00e3o te lembrares dele, entra em contacto com o nosso Departamento de Gest\u00e3o da Qualidade e Meio Ambiente atrav\u00e9s do seguinte formul\u00e1rio.\nTamb\u00e9m te disponibilizamos este v\u00eddeo tutorial sobre como aceder \u00e0 nossa \u00c1rea FDS. <\/p>\t\t\t\t<\/div>\n\t\t\t\t<\/div>\n\t\t\t\t\t<\/div>\n\t\t<\/div>\n\t\t\t\t\t<\/div>\n\t\t<\/section>\n\t\t\t\t<section class=\"elementor-section elementor-inner-section elementor-element elementor-element-91a7dae elementor-section-full_width elementor-section-height-default elementor-section-height-default\" data-id=\"91a7dae\" data-element_type=\"section\" data-e-type=\"section\">\n\t\t\t\t\t\t<div class=\"elementor-container elementor-column-gap-no\">\n\t\t\t\t\t<div class=\"elementor-column elementor-col-50 elementor-inner-column elementor-element elementor-element-8888845\" data-id=\"8888845\" data-element_type=\"column\" data-e-type=\"column\">\n\t\t\t<div class=\"elementor-widget-wrap elementor-element-populated\">\n\t\t\t\t\r\n\t\t<div class=\"elementor-element elementor-element-a760d1e elementor-widget elementor-widget-shortcode\" data-id=\"a760d1e\" data-element_type=\"widget\" data-e-type=\"widget\" data-widget_type=\"shortcode.default\">\n\t\t\t\t<div class=\"elementor-widget-container\">\n\t\t\t\t\t\t\t<div class=\"elementor-shortcode\"><iframe width=\"560\" height=\"315\" src=\"https:\/\/www.youtube.com\/embed\/xHJS1cPWgU8\" title=\"Tutorial de acesso ao SDS-Area Jafep\" frameborder=\"10px\" allow=\"accelerometer; autoplay; clipboard-write; encrypted-media; gyroscope; picture-in-picture; web-share\" referrerpolicy=\"strict-origin-when-cross-origin\" allowfullscreen=\"\"><\/iframe><\/div>\n\t\t\t\t\t\t<\/div>\n\t\t\t\t<\/div>\n\t\t\t\t\t<\/div>\n\t\t<\/div>\n\t\t\t\t<div class=\"elementor-column elementor-col-50 elementor-inner-column elementor-element elementor-element-26d15a1\" data-id=\"26d15a1\" data-element_type=\"column\" data-e-type=\"column\" data-settings=\"{&quot;background_background&quot;:&quot;classic&quot;}\">\n\t\t\t<div class=\"elementor-widget-wrap elementor-element-populated\">\n\t\t\t\t\t\t<div class=\"elementor-element elementor-element-9affc95 elementor-widget elementor-widget-heading\" data-id=\"9affc95\" data-element_type=\"widget\" data-e-type=\"widget\" data-widget_type=\"heading.default\">\n\t\t\t\t<div class=\"elementor-widget-container\">\n\t\t\t\t\t<h2 class=\"elementor-heading-title elementor-size-default\">Tens um utilizador?<\/h2>\t\t\t\t<\/div>\n\t\t\t\t<\/div>\n\t\t\t\t<div class=\"elementor-element elementor-element-a91071e elementor-widget__width-initial elementor-widget elementor-widget-heading\" data-id=\"a91071e\" data-element_type=\"widget\" data-e-type=\"widget\" data-widget_type=\"heading.default\">\n\t\t\t\t<div class=\"elementor-widget-container\">\n\t\t\t\t\t<p class=\"elementor-heading-title elementor-size-default\">Se j\u00e1 tens uma conta de utilizador, clica em acesso \u00e0 \u00e1rea SDS Jafep:<\/p>\t\t\t\t<\/div>\n\t\t\t\t<\/div>\n\t\t\t\t<div class=\"elementor-element elementor-element-672f720 elementor-align-center elementor-widget__width-initial elementor-widget elementor-widget-button\" data-id=\"672f720\" data-element_type=\"widget\" data-e-type=\"widget\" data-widget_type=\"button.default\">\n\t\t\t\t<div class=\"elementor-widget-container\">\n\t\t\t\t\t\t\t\t\t<div class=\"elementor-button-wrapper\">\n\t\t\t\t\t<a class=\"elementor-button elementor-button-link elementor-size-sm elementor-animation-shrink\" href=\"https:\/\/jafep.sdsarea.com\/panel\/\" target=\"_blank\" rel=\"noopener\">\n\t\t\t\t\t\t<span class=\"elementor-button-content-wrapper\">\n\t\t\t\t\t\t<span class=\"elementor-button-icon\">\n\t\t\t\t<svg aria-hidden=\"true\" class=\"e-font-icon-svg e-far-arrow-alt-circle-right\" viewBox=\"0 0 512 512\" xmlns=\"http:\/\/www.w3.org\/2000\/svg\"><path d=\"M504 256C504 119 393 8 256 8S8 119 8 256s111 248 248 248 248-111 248-248zm-448 0c0-110.5 89.5-200 200-200s200 89.5 200 200-89.5 200-200 200S56 366.5 56 256zm72 20v-40c0-6.6 5.4-12 12-12h116v-67c0-10.7 12.9-16 20.5-8.5l99 99c4.7 4.7 4.7 12.3 0 17l-99 99c-7.6 7.6-20.5 2.2-20.5-8.5v-67H140c-6.6 0-12-5.4-12-12z\"><\/path><\/svg>\t\t\t<\/span>\n\t\t\t\t\t\t\t\t\t<span class=\"elementor-button-text\">Acesso<\/span>\n\t\t\t\t\t<\/span>\n\t\t\t\t\t<\/a>\n\t\t\t\t<\/div>\n\t\t\t\t\t\t\t\t<\/div>\n\t\t\t\t<\/div>\n\t\t\t\t\t<\/div>\n\t\t<\/div>\n\t\t\t\t\t<\/div>\n\t\t<\/section>\n\t\t\t\t<section class=\"elementor-section elementor-inner-section elementor-element elementor-element-fae0da9 elementor-section-full_width elementor-section-height-default elementor-section-height-default\" data-id=\"fae0da9\" data-element_type=\"section\" data-e-type=\"section\">\n\t\t\t\t\t\t<div class=\"elementor-container elementor-column-gap-no\">\n\t\t\t\t\t<div class=\"elementor-column elementor-col-100 elementor-inner-column elementor-element elementor-element-ca94c59\" data-id=\"ca94c59\" data-element_type=\"column\" data-e-type=\"column\">\n\t\t\t<div class=\"elementor-widget-wrap elementor-element-populated\">\n\t\t\t\t\t\t<div class=\"elementor-element elementor-element-4b2333e elementor-widget__width-initial elementor-widget elementor-widget-heading\" data-id=\"4b2333e\" data-element_type=\"widget\" data-e-type=\"widget\" data-widget_type=\"heading.default\">\n\t\t\t\t<div class=\"elementor-widget-container\">\n\t\t\t\t\t<p class=\"elementor-heading-title elementor-size-default\"><b>Condi\u00e7\u00f5es de utiliza\u00e7\u00e3o<\/b><br><br>Em conformidade com o artigo 31.\u00ba do Regulamento (CE) n.\u00ba 1907\/2006:\n\n- A ficha de dados de seguran\u00e7a \u00e9 disponibilizada gratuitamente, em papel ou em formato eletr\u00f3nico, o mais tardar na data em que a subst\u00e2ncia ou mistura \u00e9 fornecida pela primeira vez.\n<br><br>- Os fornecedores devem actualiz\u00e1-lo sem demora nos seguintes casos:\n<br><br>- Logo que estejam dispon\u00edveis novas informa\u00e7\u00f5es que possam afetar as medidas de gest\u00e3o dos riscos ou novas informa\u00e7\u00f5es sobre os perigos;\n<br><br>- Quando uma autoriza\u00e7\u00e3o foi concedida ou recusada;\n<br><br>- Quando \u00e9 imposta uma restri\u00e7\u00e3o.\n<br><br>- A nova vers\u00e3o datada das informa\u00e7\u00f5es, com a men\u00e7\u00e3o \"Revis\u00e3o: (data)\", deve ser fornecida gratuitamente, em papel ou por via eletr\u00f3nica, a todos os destinat\u00e1rios anteriores a quem tenha fornecido a subst\u00e2ncia ou mistura nos 12 meses anteriores. Qualquer atualiza\u00e7\u00e3o p\u00f3s-registo deve indicar o n\u00famero de registo. \n<br><br>A nossa empresa Productos Jafep S.L. utilizar\u00e1 meios electr\u00f3nicos para a gest\u00e3o das fichas de dados de seguran\u00e7a com o fim de cumprir devidamente o artigo 31 do Regulamento (CE) 1907\/2006 relativo ao envio da documenta\u00e7\u00e3o que afecta a tua empresa (Utilizador).\n<br><br>Para o efeito, devem ser tidas em conta as seguintes condi\u00e7\u00f5es:\n<br><br>- As fichas de dados de seguran\u00e7a ser\u00e3o fornecidas em formato PDF.\n<br><br>- As notifica\u00e7\u00f5es ser\u00e3o enviadas por correio eletr\u00f3nico para o endere\u00e7o eletr\u00f3nico especificado pelo (Utilizador). Esta notifica\u00e7\u00e3o conter\u00e1 uma liga\u00e7\u00e3o direta para descarregar cada uma das fichas de dados de seguran\u00e7a notificadas. \n<br><br>- Productos Jafep S.L. p\u00f5e \u00e0 tua disposi\u00e7\u00e3o uma p\u00e1gina web espec\u00edfica de gest\u00e3o de fichas de seguran\u00e7a, onde encontrar\u00e1s a \u00faltima vers\u00e3o das fichas de seguran\u00e7a dos produtos que o (Utilizador) consome, segmentada por fichas de seguran\u00e7a j\u00e1 descarregadas e fichas de seguran\u00e7a pendentes de descarregar.\n<br><br>- Quando acedes atrav\u00e9s da liga\u00e7\u00e3o de descarregamento \u00e0 ficha de dados de seguran\u00e7a relevante, a data e a hora do descarregamento e o produto a que corresponde a ficha de dados de seguran\u00e7a descarregada ser\u00e3o registados no nosso sistema, o que constitui o facto fi\u00e1vel e a confirma\u00e7\u00e3o de que a tua empresa (Utilizador) disp\u00f5e desse documento.\n<br><br>Caso n\u00e3o descarregues as fichas de dados de seguran\u00e7a notificadas, o nosso sistema enviar\u00e1 notifica\u00e7\u00f5es peri\u00f3dicas para facilitar o acesso \u00e0 documenta\u00e7\u00e3o.\n<br><br>- As notifica\u00e7\u00f5es enviadas por Productos Jafep S.L. a (Utilizador) tamb\u00e9m ser\u00e3o registadas como confirma\u00e7\u00e3o do interesse de Productos Jafep S.L. em cumprir devidamente o artigo 31 do Regulamento (CE) 1907\/2006.\n<br><br>- Estes registos de envio e confirma\u00e7\u00e3o de descarga das fichas de dados de seguran\u00e7a podem ser apresentados \u00e0 autoridade competente como confirma\u00e7\u00e3o de que a tua empresa (Utilizador) recebeu e est\u00e1 na posse das fichas de dados de seguran\u00e7a notificadas pela Productos Jafep S.L.\n<br><br>Productos Jafep S.L. compromete-se a verificar se os links de download est\u00e3o corretamente actualizados e dispon\u00edveis.\n<br><br>O (Utilizador) compromete-se a verificar se o conte\u00fado da ficha de dados de seguran\u00e7a est\u00e1 correto, enviando uma mensagem de correio eletr\u00f3nico para dpto_tecnico@jafep.com no prazo de 30 dias \u00fateis a partir da data de transfer\u00eancia, indicando as discrep\u00e2ncias, caso contr\u00e1rio, entende-se que aceita o conte\u00fado da ficha de dados de seguran\u00e7a.\n<br><br>Se desejares exercer o teu direito de acesso, cancelamento, retifica\u00e7\u00e3o e\/ou oposi\u00e7\u00e3o, podes faz\u00ea-lo contactando Productos Jafep S.L.<\/p>\t\t\t\t<\/div>\n\t\t\t\t<\/div>\n\t\t\t\t\t<\/div>\n\t\t<\/div>\n\t\t\t\t\t<\/div>\n\t\t<\/section>\n\t\t\t\t\t<\/div>\n\t\t<\/div>\n\t\t\t\t\t<\/div>\n\t\t<\/section>\n\t\t\t\t<\/div>\n\t\t","protected":false},"excerpt":{"rendered":"<p>Jafep Fichas de dados de seguran\u00e7a Para poder consultar as fichas de seguran\u00e7a, deves ser cliente de Productos Jafep S.L. e ter acesso \u00e0 nossa \u00c1rea FDS. Se n\u00e3o tiveres acesso ou n\u00e3o te lembrares dele, entra em contacto com o nosso Departamento de Gest\u00e3o da Qualidade e Meio Ambiente atrav\u00e9s do seguinte formul\u00e1rio. Tamb\u00e9m&#8230;<\/p>\n","protected":false},"author":1,"featured_media":81544,"parent":0,"menu_order":0,"comment_status":"closed","ping_status":"closed","template":"template-builder.php","meta":{"_acf_changed":false,"footnotes":"","_links_to":"","_links_to_target":""},"class_list":["post-84900","page","type-page","status-publish","has-post-thumbnail","hentry"],"acf":[],"amp_enabled":false,"_links":{"self":[{"href":"https:\/\/jafep.com\/pt-pt\/wp-json\/wp\/v2\/pages\/84900","targetHints":{"allow":["GET"]}}],"collection":[{"href":"https:\/\/jafep.com\/pt-pt\/wp-json\/wp\/v2\/pages"}],"about":[{"href":"https:\/\/jafep.com\/pt-pt\/wp-json\/wp\/v2\/types\/page"}],"author":[{"embeddable":true,"href":"https:\/\/jafep.com\/pt-pt\/wp-json\/wp\/v2\/users\/1"}],"replies":[{"embeddable":true,"href":"https:\/\/jafep.com\/pt-pt\/wp-json\/wp\/v2\/comments?post=84900"}],"version-history":[{"count":1,"href":"https:\/\/jafep.com\/pt-pt\/wp-json\/wp\/v2\/pages\/84900\/revisions"}],"predecessor-version":[{"id":84901,"href":"https:\/\/jafep.com\/pt-pt\/wp-json\/wp\/v2\/pages\/84900\/revisions\/84901"}],"wp:featuredmedia":[{"embeddable":true,"href":"https:\/\/jafep.com\/pt-pt\/wp-json\/wp\/v2\/media\/81544"}],"wp:attachment":[{"href":"https:\/\/jafep.com\/pt-pt\/wp-json\/wp\/v2\/media?parent=84900"}],"curies":[{"name":"wp","href":"https:\/\/api.w.org\/{rel}","templated":true}]}}