{"id":81798,"date":"2025-02-25T12:19:07","date_gmt":"2025-02-25T12:19:07","guid":{"rendered":"https:\/\/jafep.com\/politica-de-privacidade\/"},"modified":"2025-02-25T12:19:09","modified_gmt":"2025-02-25T12:19:09","slug":"politica-de-privacidade","status":"publish","type":"page","link":"https:\/\/jafep.com\/pt-pt\/politica-de-privacidade\/","title":{"rendered":"Pol\u00edtica de privacidade"},"content":{"rendered":"\t\t<div data-elementor-type=\"wp-page\" data-elementor-id=\"81798\" class=\"elementor elementor-81798 elementor-17927\" data-elementor-post-type=\"page\">\n\t\t\t\t<div class=\"elementor-element elementor-element-92cc7e2 e-flex e-con-boxed e-con e-parent\" data-id=\"92cc7e2\" data-element_type=\"container\" data-e-type=\"container\">\n\t\t\t\t\t<div class=\"e-con-inner\">\n\t\t\t\t<div class=\"elementor-element elementor-element-5d689c8 elementor-widget elementor-widget-heading\" data-id=\"5d689c8\" data-element_type=\"widget\" data-e-type=\"widget\" data-widget_type=\"heading.default\">\n\t\t\t\t<div class=\"elementor-widget-container\">\n\t\t\t\t\t<h2 class=\"elementor-heading-title elementor-size-default\">POL\u00cdTICA DE PRIVACIDADE<\/h2>\t\t\t\t<\/div>\n\t\t\t\t<\/div>\n\t\t\t\t<div class=\"elementor-element elementor-element-9ccb3ed elementor-widget-divider--view-line elementor-widget elementor-widget-divider\" data-id=\"9ccb3ed\" data-element_type=\"widget\" data-e-type=\"widget\" data-widget_type=\"divider.default\">\n\t\t\t\t<div class=\"elementor-widget-container\">\n\t\t\t\t\t\t\t<div class=\"elementor-divider\">\n\t\t\t<span class=\"elementor-divider-separator\">\n\t\t\t\t\t\t<\/span>\n\t\t<\/div>\n\t\t\t\t\t\t<\/div>\n\t\t\t\t<\/div>\n\t\t\t\t<div class=\"elementor-element elementor-element-03abad0 elementor-widget__width-initial elementor-widget elementor-widget-heading\" data-id=\"03abad0\" data-element_type=\"widget\" data-e-type=\"widget\" data-widget_type=\"heading.default\">\n\t\t\t\t<div class=\"elementor-widget-container\">\n\t\t\t\t\t<p class=\"elementor-heading-title elementor-size-default\"><b>INFORMA\u00c7\u00c3O AO UTILIZADOR<\/b><br> Quem \u00e9 respons\u00e1vel pelo tratamento dos teus dados pessoais?\n<b>PRODUCTOS JAFEP S.L.<\/b> \u00e9 RESPONS\u00c1VEL pelo tratamento dos dados pessoais do UTILIZADOR e informa-te que estes dados ser\u00e3o tratados de acordo com as disposi\u00e7\u00f5es do Regulamento (UE) 2016\/679, de 27 de abril (RGPD), e da Lei Org\u00e2nica 3\/2018, de 5 de dezembro (LOPDGDD). <b>Para que tratamos os teus dados pessoais?<\/b>\n\n<br>Manter uma rela\u00e7\u00e3o comercial com o utilizador. As opera\u00e7\u00f5es previstas para efetuar o tratamento s\u00e3o: \n<br><br> - <b> Envio de<\/b> comunica\u00e7\u00f5es comerciais publicit\u00e1rias por correio eletr\u00f3nico, fax, SMS, MMS, redes sociais ou qualquer outro meio eletr\u00f3nico ou f\u00edsico, presente ou futuro, que permita a realiza\u00e7\u00e3o de comunica\u00e7\u00f5es comerciais. Estas comunica\u00e7\u00f5es ser\u00e3o efectuadas pelo <b>RESPONS\u00c1VEL<\/b> e estar\u00e3o relacionadas com os seus produtos e servi\u00e7os, ou com os dos seus colaboradores ou fornecedores, com os quais tenha chegado a um acordo promocional. Neste caso, os terceiros nunca ter\u00e3o acesso aos dados pessoais.\nPara a realiza\u00e7\u00e3o de estudos de mercado e an\u00e1lises estat\u00edsticas.  <br><br>- <b> Processar<\/b> encomendas, pedidos, responder a consultas ou qualquer tipo de solicita\u00e7\u00e3o feita pelo UTILIZADOR atrav\u00e9s de qualquer uma das formas de contacto que s\u00e3o disponibilizadas no site do <b>RESPONS\u00c1VEL<\/b>.\n<br><br> - <b> Para enviar<\/b> a newsletter online sobre novidades, ofertas e promo\u00e7\u00f5es da nossa atividade.\n<br> -Por <b> que<\/b>raz\u00e3o podemos tratar os teus dados pessoais? Porque o tratamento \u00e9 legitimado pelo artigo 6.\u00ba do RGPD, como se segue: \n\nCom o consentimento do UTILIZADOR: envio de comunica\u00e7\u00f5es comerciais e do boletim informativo.\nPor interesse leg\u00edtimo do <b>RESPONS\u00c1VEL<\/b>: para realizar estudos de mercado, an\u00e1lises estat\u00edsticas, etc. e para processar encomendas, pedidos, etc. a pedido do <b>UTILIZADOR<\/b>.\n<br><br>\n<b>Durante quanto tempo conservaremos os teus dados pessoais?<\/b>\n\n- <b> Os<\/b> dados ser\u00e3o conservados apenas durante o per\u00edodo necess\u00e1rio para a prossecu\u00e7\u00e3o da finalidade do tratamento ou se existirem requisitos legais que imponham a sua conserva\u00e7\u00e3o e, quando deixarem de ser necess\u00e1rios para essa finalidade, ser\u00e3o apagados atrav\u00e9s de medidas de seguran\u00e7a adequadas para garantir a anonimiza\u00e7\u00e3o dos dados ou a sua destrui\u00e7\u00e3o total.\n<br><br><b>A quem fornecemos os teus dados pessoais?<\/b> N\u00e3o est\u00e1 prevista a comunica\u00e7\u00e3o de dados pessoais a terceiros, exceto, se necess\u00e1rio para o desenvolvimento e execu\u00e7\u00e3o das finalidades do tratamento, aos nossos prestadores de servi\u00e7os relacionados com as comunica\u00e7\u00f5es, com os quais o <b>RESPONS\u00c1VEL<\/b> assinou os contratos de confidencialidade e de subcontrata\u00e7\u00e3o de dados exigidos pela regulamenta\u00e7\u00e3o em vigor em mat\u00e9ria de privacidade.  <br><br><b>Quais s\u00e3o os teus direitos?<\/b>\n\nOs direitos do <b>UTILIZADOR<\/b> s\u00e3o:\n\nDireito de retirar o consentimento a qualquer momento.\nDireito de acesso, retifica\u00e7\u00e3o, portabilidade e elimina\u00e7\u00e3o dos teus dados, bem como de limitar ou opor-se ao seu tratamento.\nDireito de apresentar uma queixa \u00e0 autoridade de controlo (www.aepd.es) se considerares que o tratamento n\u00e3o est\u00e1 em conformidade com a regulamenta\u00e7\u00e3o em vigor.\nDados de contacto para o exerc\u00edcio dos teus direitos:\n<br><br>PRODUCTOS JAFEP S.L.. CARRETERA DE BARRAX, 1 - 02630 LA RODA (Albacete). Correio eletr\u00f3nico: jafep@jafep.com  \n<br><br><b><br>CAR\u00c1CTER OBRIGAT\u00d3RIO<\/b><b>OU OBRIGAT\u00d3RIO DA INFORMA\u00c7\u00c3O FORNECIDA PELO UTILIZADOR<\/br><\/b>\n Os UTILIZADORES, ao assinalarem as caixas correspondentes e introduzirem dados nos campos assinalados com um asterisco (*) no formul\u00e1rio de contacto ou apresentados em formul\u00e1rios de download, aceitam expressa e livre e inequivocamente que os seus dados s\u00e3o necess\u00e1rios para satisfazer o seu pedido por parte do prestador, sendo volunt\u00e1ria a inclus\u00e3o de dados nos restantes campos. O UTILIZADOR garante que os dados pessoais facultados ao RESPONS\u00c1VEL s\u00e3o verdadeiros e \u00e9 respons\u00e1vel por comunicar qualquer altera\u00e7\u00e3o aos mesmos. \n<br><br><b>O RESPONS\u00c1VEL<\/b> informa que todos os dados solicitados atrav\u00e9s do s\u00edtio Web s\u00e3o obrigat\u00f3rios, uma vez que s\u00e3o necess\u00e1rios para a presta\u00e7\u00e3o de um servi\u00e7o \u00f3timo ao UTILIZADOR. No caso de n\u00e3o serem fornecidos todos os dados, n\u00e3o se garante que a informa\u00e7\u00e3o e os servi\u00e7os prestados sejam completamente adaptados \u00e0s tuas necessidades. \n<br><br><b>MEDIDAS DE SEGURAN\u00c7A<\/b>\n<br>Que, de acordo com as disposi\u00e7\u00f5es dos regulamentos em vigor sobre prote\u00e7\u00e3o de dados pessoais, o RESPONS\u00c1VEL est\u00e1 a cumprir todas as disposi\u00e7\u00f5es dos regulamentos GDPR e LOPDGDD para o tratamento de dados pessoais sob a sua responsabilidade, e manifestamente com os princ\u00edpios descritos no artigo 5 do GDPR, pelo que s\u00e3o tratados de forma legal, justa e transparente em rela\u00e7\u00e3o \u00e0 pessoa em causa e s\u00e3o adequados, relevantes e limitados ao que \u00e9 necess\u00e1rio em rela\u00e7\u00e3o aos fins para os quais s\u00e3o tratados.\n<br><br>O RESPONS\u00c1VEL garante que implementou pol\u00edticas t\u00e9cnicas e organizacionais adequadas para aplicar as medidas de seguran\u00e7a estabelecidas pelo RGPD e pela LOPDGDD, a fim de proteger os direitos e liberdades dos UTILIZADORES e forneceu-lhes a informa\u00e7\u00e3o adequada para que os possam exercer. Para mais informa\u00e7\u00f5es sobre garantias de privacidade, podes contactar o RESPONS\u00c1VEL atrav\u00e9s de PRODUCTOS JAFEP S.L.. CARRETERA DE BARRAX, 1 - 02630 LA RODA (Albacete). Correio eletr\u00f3nico: jafep@jafep.com   <\/p>\t\t\t\t<\/div>\n\t\t\t\t<\/div>\n\t\t\t\t\t<\/div>\n\t\t\t\t<\/div>\n\t\t\t\t<\/div>\n\t\t","protected":false},"excerpt":{"rendered":"<p>POL\u00cdTICA DE PRIVACIDADE INFORMA\u00c7\u00c3O AO UTILIZADOR Quem \u00e9 respons\u00e1vel pelo tratamento dos teus dados pessoais? PRODUCTOS JAFEP S.L. \u00e9 RESPONS\u00c1VEL pelo tratamento dos dados pessoais do UTILIZADOR e informa-te que estes dados ser\u00e3o tratados de acordo com as disposi\u00e7\u00f5es do Regulamento (UE) 2016\/679, de 27 de abril (RGPD), e da Lei Org\u00e2nica 3\/2018, de 5&#8230;<\/p>\n","protected":false},"author":1,"featured_media":0,"parent":0,"menu_order":0,"comment_status":"closed","ping_status":"closed","template":"","meta":{"_acf_changed":false,"footnotes":"","_links_to":"","_links_to_target":""},"class_list":["post-81798","page","type-page","status-publish","hentry"],"acf":[],"amp_enabled":true,"_links":{"self":[{"href":"https:\/\/jafep.com\/pt-pt\/wp-json\/wp\/v2\/pages\/81798","targetHints":{"allow":["GET"]}}],"collection":[{"href":"https:\/\/jafep.com\/pt-pt\/wp-json\/wp\/v2\/pages"}],"about":[{"href":"https:\/\/jafep.com\/pt-pt\/wp-json\/wp\/v2\/types\/page"}],"author":[{"embeddable":true,"href":"https:\/\/jafep.com\/pt-pt\/wp-json\/wp\/v2\/users\/1"}],"replies":[{"embeddable":true,"href":"https:\/\/jafep.com\/pt-pt\/wp-json\/wp\/v2\/comments?post=81798"}],"version-history":[{"count":1,"href":"https:\/\/jafep.com\/pt-pt\/wp-json\/wp\/v2\/pages\/81798\/revisions"}],"predecessor-version":[{"id":81799,"href":"https:\/\/jafep.com\/pt-pt\/wp-json\/wp\/v2\/pages\/81798\/revisions\/81799"}],"wp:attachment":[{"href":"https:\/\/jafep.com\/pt-pt\/wp-json\/wp\/v2\/media?parent=81798"}],"curies":[{"name":"wp","href":"https:\/\/api.w.org\/{rel}","templated":true}]}}