{"id":9916,"date":"2020-10-22T13:58:43","date_gmt":"2020-10-22T13:58:43","guid":{"rendered":"https:\/\/jafep.com\/producto\/masilla-tapagrietas\/"},"modified":"2025-08-18T19:20:40","modified_gmt":"2025-08-18T17:20:40","slug":"masilla-tapagrietas","status":"publish","type":"product","link":"https:\/\/jafep.com\/fr\/producto\/masilla-tapagrietas\/","title":{"rendered":"Mastic d&#8217;arr\u00eat des fissures"},"content":{"rendered":"<p>Produit de remplissage \u00e0 base d&#8217;eau, facile \u00e0 appliquer et \u00e0 s\u00e9chage rapide. Id\u00e9al pour remplir et r\u00e9parer les fissures, les trous et les crevasses dans les murs, les plafonds et les moulures. Ne se r\u00e9tracte pas et ne se fissure pas.    <\/p>\n","protected":false},"excerpt":{"rendered":"<p>Mastic \u00e0 base d&#8217;eau facile \u00e0 appliquer et \u00e0 s\u00e9chage rapide.  <\/p>\n","protected":false},"featured_media":83154,"comment_status":"closed","ping_status":"closed","template":"","meta":{"_acf_changed":false,"_links_to":"","_links_to_target":""},"product_brand":[],"product_cat":[539],"product_tag":[],"class_list":{"0":"post-9916","1":"product","2":"type-product","3":"status-publish","4":"has-post-thumbnail","6":"product_cat-enduits-et-mastics","7":"pa_herramientas-espatula-flexible-fr","8":"pa_herramientas-llana-fr","9":"pa_iconos-1-base-agua-fr","10":"pa_iconos-producto-al-agua-fr","12":"first","13":"instock","14":"shipping-taxable","15":"product-type-simple"},"acf":[],"_links":{"self":[{"href":"https:\/\/jafep.com\/fr\/wp-json\/wp\/v2\/product\/9916","targetHints":{"allow":["GET"]}}],"collection":[{"href":"https:\/\/jafep.com\/fr\/wp-json\/wp\/v2\/product"}],"about":[{"href":"https:\/\/jafep.com\/fr\/wp-json\/wp\/v2\/types\/product"}],"replies":[{"embeddable":true,"href":"https:\/\/jafep.com\/fr\/wp-json\/wp\/v2\/comments?post=9916"}],"wp:featuredmedia":[{"embeddable":true,"href":"https:\/\/jafep.com\/fr\/wp-json\/wp\/v2\/media\/83154"}],"wp:attachment":[{"href":"https:\/\/jafep.com\/fr\/wp-json\/wp\/v2\/media?parent=9916"}],"wp:term":[{"taxonomy":"product_brand","embeddable":true,"href":"https:\/\/jafep.com\/fr\/wp-json\/wp\/v2\/product_brand?post=9916"},{"taxonomy":"product_cat","embeddable":true,"href":"https:\/\/jafep.com\/fr\/wp-json\/wp\/v2\/product_cat?post=9916"},{"taxonomy":"product_tag","embeddable":true,"href":"https:\/\/jafep.com\/fr\/wp-json\/wp\/v2\/product_tag?post=9916"}],"curies":[{"name":"wp","href":"https:\/\/api.w.org\/{rel}","templated":true}]}}