{"id":9782,"date":"2018-10-08T15:47:00","date_gmt":"2018-10-08T15:47:00","guid":{"rendered":"https:\/\/jafep.com\/producto\/esmalte-efecto-madera\/"},"modified":"2023-05-03T10:32:38","modified_gmt":"2023-05-03T10:32:38","slug":"esmalte-efecto-madera","status":"publish","type":"product","link":"https:\/\/jafep.com\/fr\/producto\/esmalte-efecto-madera\/","title":{"rendered":"Peinture Laque Effet Bois"},"content":{"rendered":"<p>Peinture Laque. Imite le grain du bois avec une seule couche. Facile \u00e0 appliquer. Il n\u00b4importe pas que loa surface soit dans pores ou laqu\u00e9e (portes, cadres, armoires, fen\u00eatres, appareils m\u00e9nagers, etc.) <\/p>\n","protected":false},"excerpt":{"rendered":"<p>Peinture Laque Alkyde <\/p>\n","protected":false},"featured_media":82899,"comment_status":"closed","ping_status":"closed","template":"","meta":{"_acf_changed":false,"_links_to":"","_links_to_target":""},"product_brand":[],"product_cat":[1364,839],"product_tag":[],"class_list":{"0":"post-9782","1":"product","2":"type-product","3":"status-publish","4":"has-post-thumbnail","6":"product_cat-laque-effet-bois","7":"product_cat-productos-para-la-madera-fr-2","8":"pa_formatos-750-ml-fr","9":"pa_herramientas-brocha-fr","10":"pa_iconos-33-rendimiento-8-10-m2l-fr","11":"pa_iconos-45-exterior-interior-fr","12":"pa_iconos-satinado-fr","14":"first","15":"instock","16":"shipping-taxable","17":"product-type-simple"},"acf":[],"_links":{"self":[{"href":"https:\/\/jafep.com\/fr\/wp-json\/wp\/v2\/product\/9782","targetHints":{"allow":["GET"]}}],"collection":[{"href":"https:\/\/jafep.com\/fr\/wp-json\/wp\/v2\/product"}],"about":[{"href":"https:\/\/jafep.com\/fr\/wp-json\/wp\/v2\/types\/product"}],"replies":[{"embeddable":true,"href":"https:\/\/jafep.com\/fr\/wp-json\/wp\/v2\/comments?post=9782"}],"wp:featuredmedia":[{"embeddable":true,"href":"https:\/\/jafep.com\/fr\/wp-json\/wp\/v2\/media\/82899"}],"wp:attachment":[{"href":"https:\/\/jafep.com\/fr\/wp-json\/wp\/v2\/media?parent=9782"}],"wp:term":[{"taxonomy":"product_brand","embeddable":true,"href":"https:\/\/jafep.com\/fr\/wp-json\/wp\/v2\/product_brand?post=9782"},{"taxonomy":"product_cat","embeddable":true,"href":"https:\/\/jafep.com\/fr\/wp-json\/wp\/v2\/product_cat?post=9782"},{"taxonomy":"product_tag","embeddable":true,"href":"https:\/\/jafep.com\/fr\/wp-json\/wp\/v2\/product_tag?post=9782"}],"curies":[{"name":"wp","href":"https:\/\/api.w.org\/{rel}","templated":true}]}}