{"id":9776,"date":"2019-09-03T14:22:40","date_gmt":"2019-09-03T14:22:40","guid":{"rendered":"https:\/\/jafep.com\/producto\/espray-esmalte-anticalorico\/"},"modified":"2025-08-18T19:24:48","modified_gmt":"2025-08-18T17:24:48","slug":"espray-esmalte-anticalorico","status":"publish","type":"product","link":"https:\/\/jafep.com\/fr\/producto\/espray-esmalte-anticalorico\/","title":{"rendered":"Spray anti-calorique pour \u00e9mail"},"content":{"rendered":"<p>\u00c9mail au silicone pour la protection des \u00e9l\u00e9ments m\u00e9talliques \u00e0 des temp\u00e9ratures allant jusqu&#8217;\u00e0 600 \u00baC. Sp\u00e9cialement con\u00e7u pour peindre les cuisini\u00e8res, les barbecues, les chemin\u00e9es, les radiateurs, les chaudi\u00e8res, etc.   <\/p>\n","protected":false},"excerpt":{"rendered":"<p>\u00c9mail anti-calorique  <\/p>\n","protected":false},"featured_media":82939,"comment_status":"closed","ping_status":"closed","template":"","meta":{"_acf_changed":false,"_links_to":"","_links_to_target":""},"product_brand":[],"product_cat":[984,987,446,986],"product_tag":[],"class_list":{"0":"post-9776","1":"product","2":"type-product","3":"status-publish","4":"has-post-thumbnail","6":"product_cat-esmaltes-imprimaciones-y-selladoras-fr","7":"product_cat-metal-fr","8":"product_cat-peintures-laques-speciales","9":"product_cat-estufas-chimeneas-barbacoas-fr","10":"pa_formatos-400-ml-fr","11":"pa_iconos-45-exterior-interior-fr","12":"pa_iconos-satinado-fr","14":"first","15":"instock","16":"shipping-taxable","17":"product-type-simple"},"acf":[],"_links":{"self":[{"href":"https:\/\/jafep.com\/fr\/wp-json\/wp\/v2\/product\/9776","targetHints":{"allow":["GET"]}}],"collection":[{"href":"https:\/\/jafep.com\/fr\/wp-json\/wp\/v2\/product"}],"about":[{"href":"https:\/\/jafep.com\/fr\/wp-json\/wp\/v2\/types\/product"}],"replies":[{"embeddable":true,"href":"https:\/\/jafep.com\/fr\/wp-json\/wp\/v2\/comments?post=9776"}],"wp:featuredmedia":[{"embeddable":true,"href":"https:\/\/jafep.com\/fr\/wp-json\/wp\/v2\/media\/82939"}],"wp:attachment":[{"href":"https:\/\/jafep.com\/fr\/wp-json\/wp\/v2\/media?parent=9776"}],"wp:term":[{"taxonomy":"product_brand","embeddable":true,"href":"https:\/\/jafep.com\/fr\/wp-json\/wp\/v2\/product_brand?post=9776"},{"taxonomy":"product_cat","embeddable":true,"href":"https:\/\/jafep.com\/fr\/wp-json\/wp\/v2\/product_cat?post=9776"},{"taxonomy":"product_tag","embeddable":true,"href":"https:\/\/jafep.com\/fr\/wp-json\/wp\/v2\/product_tag?post=9776"}],"curies":[{"name":"wp","href":"https:\/\/api.w.org\/{rel}","templated":true}]}}