{"id":9773,"date":"2019-09-06T10:54:10","date_gmt":"2019-09-06T10:54:10","guid":{"rendered":"https:\/\/jafep.com\/producto\/espray-esmalte-sintetico-secado-rapido\/"},"modified":"2025-08-18T19:24:50","modified_gmt":"2025-08-18T17:24:50","slug":"espray-esmalte-sintetico-secado-rapido","status":"publish","type":"product","link":"https:\/\/jafep.com\/fr\/producto\/espray-esmalte-sintetico-secado-rapido\/","title":{"rendered":"Spray \u00e9mail synth\u00e9tique \u00e0 s\u00e9chage rapide"},"content":{"rendered":"<p>L&#8217;\u00e9mail synth\u00e9tique en spray \u00e0 s\u00e9chage rapide est un \u00e9mail synth\u00e9tique de finition \u00e0 s\u00e9chage rapide et \u00e0 forte adh\u00e9rence, destin\u00e9 \u00e0 peindre des surfaces n\u00e9cessitant une finition r\u00e9sistante et durable. Il ne contient pas de plomb.   <\/p>\n","protected":false},"excerpt":{"rendered":"<p>Peinture Laque Glyc\u00e9ro de s\u00e9chage rapide en spray <\/p>\n","protected":false},"featured_media":82949,"comment_status":"closed","ping_status":"closed","template":"","meta":{"_acf_changed":false,"_links_to":"","_links_to_target":""},"product_brand":[],"product_cat":[984,446],"product_tag":[],"class_list":{"0":"post-9773","1":"product","2":"type-product","3":"status-publish","4":"has-post-thumbnail","6":"product_cat-esmaltes-imprimaciones-y-selladoras-fr","7":"product_cat-peintures-laques-speciales","8":"pa_formatos-400-ml-fr","9":"pa_iconos-45-exterior-interior-fr","10":"pa_iconos-brillante-satinado-mate-fr","12":"first","13":"instock","14":"shipping-taxable","15":"product-type-simple"},"acf":[],"_links":{"self":[{"href":"https:\/\/jafep.com\/fr\/wp-json\/wp\/v2\/product\/9773","targetHints":{"allow":["GET"]}}],"collection":[{"href":"https:\/\/jafep.com\/fr\/wp-json\/wp\/v2\/product"}],"about":[{"href":"https:\/\/jafep.com\/fr\/wp-json\/wp\/v2\/types\/product"}],"replies":[{"embeddable":true,"href":"https:\/\/jafep.com\/fr\/wp-json\/wp\/v2\/comments?post=9773"}],"wp:featuredmedia":[{"embeddable":true,"href":"https:\/\/jafep.com\/fr\/wp-json\/wp\/v2\/media\/82949"}],"wp:attachment":[{"href":"https:\/\/jafep.com\/fr\/wp-json\/wp\/v2\/media?parent=9773"}],"wp:term":[{"taxonomy":"product_brand","embeddable":true,"href":"https:\/\/jafep.com\/fr\/wp-json\/wp\/v2\/product_brand?post=9773"},{"taxonomy":"product_cat","embeddable":true,"href":"https:\/\/jafep.com\/fr\/wp-json\/wp\/v2\/product_cat?post=9773"},{"taxonomy":"product_tag","embeddable":true,"href":"https:\/\/jafep.com\/fr\/wp-json\/wp\/v2\/product_tag?post=9773"}],"curies":[{"name":"wp","href":"https:\/\/api.w.org\/{rel}","templated":true}]}}