{"id":9747,"date":"2020-09-15T14:04:05","date_gmt":"2020-09-15T14:04:05","guid":{"rendered":"https:\/\/jafep.com\/?post_type=product&#038;p=9747"},"modified":"2020-09-21T11:18:03","modified_gmt":"2020-09-21T11:18:03","slug":"peinture-acrylique-mate-pinroda-mf-200","status":"publish","type":"product","link":"https:\/\/jafep.com\/fr\/producto\/peinture-acrylique-mate-pinroda-mf-200\/","title":{"rendered":"Peinture Acrylique Mate Pinroda MF-200"},"content":{"rendered":"<p>Peinture Acrylique pour ext\u00e9rieurs et int\u00e9rieurs. Bon rend\u00e9ment, blancheur et pouvoir couvrant avec bon prix <\/p>\n","protected":false},"excerpt":{"rendered":"<p>Peinture Acrylique Mate MF-200 Pinroda <\/p>\n","protected":false},"featured_media":0,"comment_status":"closed","ping_status":"closed","template":"","meta":{"_acf_changed":false,"_links_to":"","_links_to_target":""},"product_brand":[],"product_cat":[492,474],"product_tag":[],"class_list":{"0":"post-9747","1":"product","2":"type-product","3":"status-publish","5":"product_cat-peintures-plastiques","6":"product_cat-pinroda-fr","8":"first","9":"instock","10":"shipping-taxable","11":"product-type-simple"},"acf":[],"_links":{"self":[{"href":"https:\/\/jafep.com\/fr\/wp-json\/wp\/v2\/product\/9747","targetHints":{"allow":["GET"]}}],"collection":[{"href":"https:\/\/jafep.com\/fr\/wp-json\/wp\/v2\/product"}],"about":[{"href":"https:\/\/jafep.com\/fr\/wp-json\/wp\/v2\/types\/product"}],"replies":[{"embeddable":true,"href":"https:\/\/jafep.com\/fr\/wp-json\/wp\/v2\/comments?post=9747"}],"wp:attachment":[{"href":"https:\/\/jafep.com\/fr\/wp-json\/wp\/v2\/media?parent=9747"}],"wp:term":[{"taxonomy":"product_brand","embeddable":true,"href":"https:\/\/jafep.com\/fr\/wp-json\/wp\/v2\/product_brand?post=9747"},{"taxonomy":"product_cat","embeddable":true,"href":"https:\/\/jafep.com\/fr\/wp-json\/wp\/v2\/product_cat?post=9747"},{"taxonomy":"product_tag","embeddable":true,"href":"https:\/\/jafep.com\/fr\/wp-json\/wp\/v2\/product_tag?post=9747"}],"curies":[{"name":"wp","href":"https:\/\/api.w.org\/{rel}","templated":true}]}}