{"id":9442,"date":"2019-09-09T13:56:34","date_gmt":"2019-09-09T13:56:34","guid":{"rendered":"https:\/\/jafep.com\/?post_type=product&#038;p=9442"},"modified":"2025-08-18T19:24:51","modified_gmt":"2025-08-18T17:24:51","slug":"peinture-epoxy-leau-bi-composant-2","status":"publish","type":"product","link":"https:\/\/jafep.com\/fr\/producto\/peinture-epoxy-leau-bi-composant-2\/","title":{"rendered":"Peinture \u00e9poxy \u00e0 base d&#8217;eau 2C"},"content":{"rendered":"<p>Peinture \u00e9poxy bicomposante en phase aqueuse durcie par un adduit amin\u00e9 pour la peinture de sols. Combine une bonne r\u00e9sistance chimique, des propri\u00e9t\u00e9s m\u00e9caniques et une duret\u00e9 \u00e9lev\u00e9e. Formul\u00e9e pour \u00eatre appliqu\u00e9e en couche \u00e9paisse, m\u00eame sur des surfaces l\u00e9g\u00e8rement humides, l&#8217;\u00e9paisseur d&#8217;application recommand\u00e9e est comprise entre 120 et 150 microns humides.    <\/p>\n","protected":false},"excerpt":{"rendered":"<p>Peinture \u00c9poxy \u00e0 l\u00b4Eau Bi-Composant <\/p>\n","protected":false},"featured_media":82954,"comment_status":"closed","ping_status":"closed","template":"","meta":{"_acf_changed":false,"_links_to":"","_links_to_target":""},"product_brand":[],"product_cat":[551,1547,1397,1542,1405,1411],"product_tag":[],"class_list":{"0":"post-9442","1":"product","2":"type-product","3":"status-publish","4":"has-post-thumbnail","6":"product_cat-bases-systeme-multicouleur","7":"product_cat-interieurs","8":"product_cat-sisteme-a-teinter","9":"product_cat-sols-fr","10":"product_cat-sols-et-signalisations-fr","11":"product_cat-sols-et-signalisations-fr-2","12":"pa_formatos-16-kg-12-4-kg-fr","13":"pa_formatos-4-kg-3-1-kg-fr","14":"pa_herramientas-airless-fr","15":"pa_herramientas-brocha-fr","16":"pa_herramientas-pistola-fr","17":"pa_herramientas-rodillo-fr-2","18":"pa_iconos-1-base-agua-fr","19":"pa_iconos-41-brocha-rodillo-pistola-fr","20":"pa_iconos-46-interior-fr","21":"pa_iconos-basep-fr","22":"pa_iconos-a-b-fr","23":"pa_iconos-rendimiento-6-5-m2-l-fr","24":"pa_iconos-semibrillante-fr","25":"pa_iconos-uso-prof-titulado-fr","27":"first","28":"instock","29":"shipping-taxable","30":"product-type-simple"},"acf":[],"_links":{"self":[{"href":"https:\/\/jafep.com\/fr\/wp-json\/wp\/v2\/product\/9442","targetHints":{"allow":["GET"]}}],"collection":[{"href":"https:\/\/jafep.com\/fr\/wp-json\/wp\/v2\/product"}],"about":[{"href":"https:\/\/jafep.com\/fr\/wp-json\/wp\/v2\/types\/product"}],"replies":[{"embeddable":true,"href":"https:\/\/jafep.com\/fr\/wp-json\/wp\/v2\/comments?post=9442"}],"wp:featuredmedia":[{"embeddable":true,"href":"https:\/\/jafep.com\/fr\/wp-json\/wp\/v2\/media\/82954"}],"wp:attachment":[{"href":"https:\/\/jafep.com\/fr\/wp-json\/wp\/v2\/media?parent=9442"}],"wp:term":[{"taxonomy":"product_brand","embeddable":true,"href":"https:\/\/jafep.com\/fr\/wp-json\/wp\/v2\/product_brand?post=9442"},{"taxonomy":"product_cat","embeddable":true,"href":"https:\/\/jafep.com\/fr\/wp-json\/wp\/v2\/product_cat?post=9442"},{"taxonomy":"product_tag","embeddable":true,"href":"https:\/\/jafep.com\/fr\/wp-json\/wp\/v2\/product_tag?post=9442"}],"curies":[{"name":"wp","href":"https:\/\/api.w.org\/{rel}","templated":true}]}}