{"id":9438,"date":"2020-03-17T17:09:51","date_gmt":"2020-03-17T17:09:51","guid":{"rendered":"https:\/\/jafep.com\/?post_type=product&#038;p=9438"},"modified":"2020-03-17T17:09:51","modified_gmt":"2020-03-17T17:09:51","slug":"peinture-epoxy-leau-bi-composant","status":"publish","type":"product","link":"https:\/\/jafep.com\/fr\/producto\/peinture-epoxy-leau-bi-composant\/","title":{"rendered":"Peinture \u00c9poxy \u00e0 l\u2019Eau Bi-Composant"},"content":{"rendered":"<p>Peinture \u00e9poxy \u00e0 l\u2019eau \u00e0 deux composants avec adduit d&#8217;amine pour le rev\u00eatement des sols. Combine une bonne r\u00e9sistance chimique, des propri\u00e9t\u00e9s\u00a0 m\u00e9caniques et une grande duret\u00e9. Formul\u00e9e pour son application en couche \u00e9paisse, y compris sur des surfaces l\u00e9g\u00e8rement humides, l\u2019\u00e9paisseur d&#8217;application recommand\u00e9e \u00e9tant comprise entre 120 et 150 microns humides. <\/p>\n","protected":false},"excerpt":{"rendered":"<p>Peinture \u00c9poxy \u00e0 l\u2019Eau Bi-Composant <\/p>\n","protected":false},"featured_media":0,"comment_status":"closed","ping_status":"closed","template":"","meta":{"_acf_changed":false,"_links_to":"","_links_to_target":""},"product_brand":[],"product_cat":[984],"product_tag":[],"class_list":{"0":"post-9438","1":"product","2":"type-product","3":"status-publish","5":"product_cat-esmaltes-imprimaciones-y-selladoras-fr","6":"pa_herramientas-airless-fr","7":"pa_herramientas-brocha-fr","8":"pa_herramientas-pistola-fr","9":"pa_herramientas-rodillo-fr-2","10":"pa_iconos-rendimiento-6-8-m2l-fr","12":"first","13":"instock","14":"shipping-taxable","15":"product-type-simple"},"acf":[],"_links":{"self":[{"href":"https:\/\/jafep.com\/fr\/wp-json\/wp\/v2\/product\/9438","targetHints":{"allow":["GET"]}}],"collection":[{"href":"https:\/\/jafep.com\/fr\/wp-json\/wp\/v2\/product"}],"about":[{"href":"https:\/\/jafep.com\/fr\/wp-json\/wp\/v2\/types\/product"}],"replies":[{"embeddable":true,"href":"https:\/\/jafep.com\/fr\/wp-json\/wp\/v2\/comments?post=9438"}],"wp:attachment":[{"href":"https:\/\/jafep.com\/fr\/wp-json\/wp\/v2\/media?parent=9438"}],"wp:term":[{"taxonomy":"product_brand","embeddable":true,"href":"https:\/\/jafep.com\/fr\/wp-json\/wp\/v2\/product_brand?post=9438"},{"taxonomy":"product_cat","embeddable":true,"href":"https:\/\/jafep.com\/fr\/wp-json\/wp\/v2\/product_cat?post=9438"},{"taxonomy":"product_tag","embeddable":true,"href":"https:\/\/jafep.com\/fr\/wp-json\/wp\/v2\/product_tag?post=9438"}],"curies":[{"name":"wp","href":"https:\/\/api.w.org\/{rel}","templated":true}]}}