{"id":87386,"date":"2026-03-25T12:20:53","date_gmt":"2026-03-25T11:20:53","guid":{"rendered":"https:\/\/jafep.com\/?post_type=product&#038;p=87386"},"modified":"2026-04-09T09:59:58","modified_gmt":"2026-04-09T07:59:58","slug":"jafepro-pr-405","status":"publish","type":"product","link":"https:\/\/jafep.com\/fr\/producto\/jafepro-pr-405\/","title":{"rendered":"JafePRO PR-405"},"content":{"rendered":"<p>Pintura pl\u00e1stica mate de alta cubrici\u00f3n, formulada a base de resinas acr\u00edlicas en dispersi\u00f3n acuosa y pigmentos de alta resistencia y excelente solidez a la luz. Indicada para la protecci\u00f3n y decoraci\u00f3n de superficies en interiores y exteriores expuestos a ambientes atmosf\u00e9ricos de baja agresividad. Presenta buen comportamiento en la aplicaci\u00f3n, con bajo nivel de salpicado, facilitando un acabado uniforme. Incorpora en su formulaci\u00f3n conservante antimoho, que contribuye a la protecci\u00f3n de la pel\u00edcula frente a la aparici\u00f3n de moho.<\/p>\n","protected":false},"excerpt":{"rendered":"<p>Pintura pl\u00e1stica mate<\/p>\n","protected":false},"featured_media":87390,"comment_status":"open","ping_status":"closed","template":"","meta":{"_acf_changed":false,"_links_to":"","_links_to_target":""},"product_brand":[],"product_cat":[28],"product_tag":[],"class_list":{"0":"post-87386","1":"product","2":"type-product","3":"status-publish","4":"has-post-thumbnail","6":"product_cat-pinturas-plasticas","7":"pa_formatos-15-l","8":"pa_herramientas-airless","9":"pa_herramientas-brocha","10":"pa_herramientas-pistola","11":"pa_herramientas-rodillo","12":"pa_iconos-mate-60o","13":"pa_iconos-base-agua","14":"pa_iconos-basep","15":"pa_iconos-brocha-rodillo-pistola","16":"pa_iconos-conservante-antimoho-sitema-atmh","17":"pa_iconos-lavabilidad-nivel-3","18":"pa_iconos-mate","19":"pa_iconos-mate4","20":"pa_iconos-rendimiento-7-9-m2l","22":"first","23":"instock","24":"shipping-taxable","25":"product-type-simple"},"acf":[],"_links":{"self":[{"href":"https:\/\/jafep.com\/fr\/wp-json\/wp\/v2\/product\/87386","targetHints":{"allow":["GET"]}}],"collection":[{"href":"https:\/\/jafep.com\/fr\/wp-json\/wp\/v2\/product"}],"about":[{"href":"https:\/\/jafep.com\/fr\/wp-json\/wp\/v2\/types\/product"}],"replies":[{"embeddable":true,"href":"https:\/\/jafep.com\/fr\/wp-json\/wp\/v2\/comments?post=87386"}],"wp:featuredmedia":[{"embeddable":true,"href":"https:\/\/jafep.com\/fr\/wp-json\/wp\/v2\/media\/87390"}],"wp:attachment":[{"href":"https:\/\/jafep.com\/fr\/wp-json\/wp\/v2\/media?parent=87386"}],"wp:term":[{"taxonomy":"product_brand","embeddable":true,"href":"https:\/\/jafep.com\/fr\/wp-json\/wp\/v2\/product_brand?post=87386"},{"taxonomy":"product_cat","embeddable":true,"href":"https:\/\/jafep.com\/fr\/wp-json\/wp\/v2\/product_cat?post=87386"},{"taxonomy":"product_tag","embeddable":true,"href":"https:\/\/jafep.com\/fr\/wp-json\/wp\/v2\/product_tag?post=87386"}],"curies":[{"name":"wp","href":"https:\/\/api.w.org\/{rel}","templated":true}]}}