{"id":86485,"date":"2016-05-06T10:44:23","date_gmt":"2016-05-06T10:44:23","guid":{"rendered":"https:\/\/jafep.com\/producto\/lasur-synthetique\/"},"modified":"2025-08-21T13:35:44","modified_gmt":"2025-08-21T11:35:44","slug":"lasur-synthetique","status":"publish","type":"product","link":"https:\/\/jafep.com\/fr\/producto\/lasur-synthetique\/","title":{"rendered":"Lasur Synth\u00e9tique"},"content":{"rendered":"<p>Lasur pour une application en int\u00e9rieur et ext\u00e9rieur, mais sp\u00e9cialement d\u00e9velopp\u00e9 pour un syst\u00e8me de protection et d\u00e9coration du bois en ext\u00e9rieur. Tr\u00e8s souple et perm\u00e9able \u00e0 la vapeur d\u2019eau, ce qui permet au bois de respirer. Enrichi d&#8217;un \u00e9cran solaire de derni\u00e8re g\u00e9n\u00e9ration et contenant des conservateurs sp\u00e9cifiques qui le prot\u00e8gent contre les agents biologiques et contre les rayons UV du soleil. <\/p>\n","protected":false},"excerpt":{"rendered":"<p>Protecteur de pores ouverts <\/p>\n","protected":false},"featured_media":82814,"comment_status":"closed","ping_status":"closed","template":"","meta":{"_acf_changed":false,"_links_to":"","_links_to_target":""},"product_brand":[],"product_cat":[551,853,1507,828,1367,777,839,1508,1397,1506],"product_tag":[],"class_list":{"0":"post-86485","1":"product","2":"type-product","3":"status-publish","4":"has-post-thumbnail","6":"product_cat-bases-systeme-multicouleur","7":"product_cat-madera-fr","8":"product_cat-changer-la-teinte-couleur","9":"product_cat-exteriores-fr","10":"product_cat-lasure","11":"product_cat-mobiliario-de-jardin-fr","12":"product_cat-productos-para-la-madera-fr-2","13":"product_cat-proteger-fr","14":"product_cat-sisteme-a-teinter","15":"product_cat-vernir","16":"pa_formatos-4l-fr","17":"pa_formatos-750ml-fr","18":"pa_herramientas-airless-fr","19":"pa_herramientas-brocha-fr","20":"pa_herramientas-pistola-fr","21":"pa_herramientas-rodillo-fr-2","22":"pa_iconos-2-base-solvente-fr","23":"pa_iconos-33-rendimiento-8-10-m2l-fr","24":"pa_iconos-45-exterior-interior-fr","25":"pa_iconos-satinado-fr","27":"first","28":"instock","29":"shipping-taxable","30":"product-type-simple"},"acf":[],"_links":{"self":[{"href":"https:\/\/jafep.com\/fr\/wp-json\/wp\/v2\/product\/86485","targetHints":{"allow":["GET"]}}],"collection":[{"href":"https:\/\/jafep.com\/fr\/wp-json\/wp\/v2\/product"}],"about":[{"href":"https:\/\/jafep.com\/fr\/wp-json\/wp\/v2\/types\/product"}],"replies":[{"embeddable":true,"href":"https:\/\/jafep.com\/fr\/wp-json\/wp\/v2\/comments?post=86485"}],"wp:featuredmedia":[{"embeddable":true,"href":"https:\/\/jafep.com\/fr\/wp-json\/wp\/v2\/media\/82814"}],"wp:attachment":[{"href":"https:\/\/jafep.com\/fr\/wp-json\/wp\/v2\/media?parent=86485"}],"wp:term":[{"taxonomy":"product_brand","embeddable":true,"href":"https:\/\/jafep.com\/fr\/wp-json\/wp\/v2\/product_brand?post=86485"},{"taxonomy":"product_cat","embeddable":true,"href":"https:\/\/jafep.com\/fr\/wp-json\/wp\/v2\/product_cat?post=86485"},{"taxonomy":"product_tag","embeddable":true,"href":"https:\/\/jafep.com\/fr\/wp-json\/wp\/v2\/product_tag?post=86485"}],"curies":[{"name":"wp","href":"https:\/\/api.w.org\/{rel}","templated":true}]}}