{"id":86473,"date":"2020-05-27T14:21:32","date_gmt":"2020-05-27T14:21:32","guid":{"rendered":"https:\/\/jafep.com\/producto\/nouveau-microcemento-pret-a-lemploi\/"},"modified":"2025-08-18T19:24:51","modified_gmt":"2025-08-18T17:24:51","slug":"nouveau-microcemento-pret-a-lemploi","status":"publish","type":"product","link":"https:\/\/jafep.com\/fr\/producto\/nouveau-microcemento-pret-a-lemploi\/","title":{"rendered":"Nouveau Microcemento pr\u00eat \u00e0 l&#8217;emploi"},"content":{"rendered":"<p>Le nouveau Microcemento pr\u00eat \u00e0 l&#8217;emploi est un rev\u00eatement d\u00e9coratif formul\u00e9 \u00e0 partir de r\u00e9sines acryliques, d&#8217;agr\u00e9gats et de min\u00e9raux de granulom\u00e9trie s\u00e9lectionn\u00e9e, ainsi que d&#8217;additifs r\u00e9sistants aux UV. Gr\u00e2ce \u00e0 sa formulation soign\u00e9e, il peut \u00eatre utilis\u00e9 sur de grandes surfaces sans apparition de fissures. Pr\u00e9par\u00e9 et pr\u00eat \u00e0 l&#8217;emploi.<br \/>\nIl peut \u00eatre utilis\u00e9 aussi bien \u00e0 l&#8217;int\u00e9rieur qu&#8217;\u00e0 l&#8217;ext\u00e9rieur. Pour r\u00e9gulariser les supports, utilisez le Nouveau Microcemento de Regulaci\u00f3n Listo al uso pr\u00eat \u00e0 l&#8217;emploi et appliquez ensuite le Nouveau Microcemento pr\u00eat \u00e0 l&#8217;emploi. Sur des surfaces irr\u00e9guli\u00e8res ou des sols, des carrelages et des dalles.<br \/>\nAvec le Nouveau Microciment pr\u00eat \u00e0 l&#8217;emploi, vous obtiendrez une finition en microciment tr\u00e8s esth\u00e9tique et une duret\u00e9 et une r\u00e9sistance \u00e0 l&#8217;abrasion sup\u00e9rieures \u00e0 celles du microciment fin traditionnel. Gr\u00e2ce \u00e0 sa facilit\u00e9 d&#8217;application, il ne n\u00e9cessite pas une grande exp\u00e9rience ni de machines, d&#8217;outils ou de r\u00e9cipients de m\u00e9lange, car il s&#8217;agit d&#8217;un seul produit dans un seul r\u00e9cipient.    <\/p>\n","protected":false},"excerpt":{"rendered":"<p>Nouveau Microcemento pr\u00eat \u00e0 l&#8217;emploi<\/p>\n","protected":false},"featured_media":83799,"comment_status":"closed","ping_status":"closed","template":"","meta":{"_acf_changed":false,"_links_to":"","_links_to_target":""},"product_brand":[],"product_cat":[82,1296],"product_tag":[],"class_list":{"0":"post-86473","1":"product","2":"type-product","3":"status-publish","4":"has-post-thumbnail","6":"product_cat-acabados-fr","7":"product_cat-haute-decoration","8":"pa_formatos-20-kg-fr","9":"pa_formatos-5-kg-fr","10":"pa_iconos-1-base-agua-fr","11":"pa_iconos-46-interior-fr","12":"pa_iconos-51-mate-60o-fr","13":"pa_iconos-brillante-satinado-mate-fr","14":"pa_iconos-cartes-de-credit","15":"pa_iconos-listo-al-uso-fr","16":"pa_iconos-multicolor-fr","18":"first","19":"instock","20":"shipping-taxable","21":"product-type-simple"},"acf":[],"_links":{"self":[{"href":"https:\/\/jafep.com\/fr\/wp-json\/wp\/v2\/product\/86473","targetHints":{"allow":["GET"]}}],"collection":[{"href":"https:\/\/jafep.com\/fr\/wp-json\/wp\/v2\/product"}],"about":[{"href":"https:\/\/jafep.com\/fr\/wp-json\/wp\/v2\/types\/product"}],"replies":[{"embeddable":true,"href":"https:\/\/jafep.com\/fr\/wp-json\/wp\/v2\/comments?post=86473"}],"wp:featuredmedia":[{"embeddable":true,"href":"https:\/\/jafep.com\/fr\/wp-json\/wp\/v2\/media\/83799"}],"wp:attachment":[{"href":"https:\/\/jafep.com\/fr\/wp-json\/wp\/v2\/media?parent=86473"}],"wp:term":[{"taxonomy":"product_brand","embeddable":true,"href":"https:\/\/jafep.com\/fr\/wp-json\/wp\/v2\/product_brand?post=86473"},{"taxonomy":"product_cat","embeddable":true,"href":"https:\/\/jafep.com\/fr\/wp-json\/wp\/v2\/product_cat?post=86473"},{"taxonomy":"product_tag","embeddable":true,"href":"https:\/\/jafep.com\/fr\/wp-json\/wp\/v2\/product_tag?post=86473"}],"curies":[{"name":"wp","href":"https:\/\/api.w.org\/{rel}","templated":true}]}}