{"id":86472,"date":"2020-05-15T17:46:04","date_gmt":"2020-05-15T17:46:04","guid":{"rendered":"https:\/\/jafep.com\/producto\/jafep-rust-effect-accelerateur-de-rouille\/"},"modified":"2025-08-18T19:24:50","modified_gmt":"2025-08-18T17:24:50","slug":"jafep-rust-effect-accelerateur-de-rouille","status":"publish","type":"product","link":"https:\/\/jafep.com\/fr\/producto\/jafep-rust-effect-accelerateur-de-rouille\/","title":{"rendered":"Jafep Rust Effect Acc\u00e9l\u00e9rateur de rouille"},"content":{"rendered":"<p>L&#8217;<b>Acc\u00e9l\u00e9rateur de Rouille<\/b> fait partie du Syst\u00e8me d&#8217;Effet Rouille Jafep compos\u00e9 du <b>Primer gris polyvalent \u00e0 base d&#8217;eau<\/b>, de la <b>Base Ferrique<\/b>, de l&#8217;<b> Acc\u00e9l\u00e9rateur de Rouille<\/b> et du <b>Protecteur Antioxydant<\/b>.<br \/>\nC&#8217;est le composant capable de g\u00e9n\u00e9rer de la rouille lorsqu&#8217;il est appliqu\u00e9 sur la couche s\u00e8che de la <b>Base Ferrique<\/b> ou sur un m\u00e9tal non trait\u00e9.<br \/>\nLa couleur d\u00e9finitive peut prendre jusqu&#8217;\u00e0 2 semaines pour \u00eatre atteinte en fonction du support et des conditions environnementales de l&#8217;application.<\/p>\n","protected":false},"excerpt":{"rendered":"<p>Liquide g\u00e9n\u00e9rant un effet de rouille lorsqu&#8217;il est appliqu\u00e9 sur la couche s\u00e8che de la base ferrique du syst\u00e8me d&#8217;effet de rouille Jafep.<\/p>\n","protected":false},"featured_media":83682,"comment_status":"closed","ping_status":"closed","template":"","meta":{"_acf_changed":false,"_links_to":"","_links_to_target":""},"product_brand":[],"product_cat":[82,1296],"product_tag":[],"class_list":{"0":"post-86472","1":"product","2":"type-product","3":"status-publish","4":"has-post-thumbnail","6":"product_cat-acabados-fr","7":"product_cat-haute-decoration","8":"pa_herramientas-brocha-fr","9":"pa_herramientas-brosse","10":"pa_herramientas-rodillo-fr-2","11":"pa_iconos-1-base-agua-fr","12":"pa_iconos-41-brocha-rodillo-pistola-fr","13":"pa_iconos-45-exterior-interior-fr","14":"pa_iconos-producto-al-agua-fr","16":"first","17":"instock","18":"shipping-taxable","19":"product-type-simple"},"acf":[],"_links":{"self":[{"href":"https:\/\/jafep.com\/fr\/wp-json\/wp\/v2\/product\/86472","targetHints":{"allow":["GET"]}}],"collection":[{"href":"https:\/\/jafep.com\/fr\/wp-json\/wp\/v2\/product"}],"about":[{"href":"https:\/\/jafep.com\/fr\/wp-json\/wp\/v2\/types\/product"}],"replies":[{"embeddable":true,"href":"https:\/\/jafep.com\/fr\/wp-json\/wp\/v2\/comments?post=86472"}],"wp:featuredmedia":[{"embeddable":true,"href":"https:\/\/jafep.com\/fr\/wp-json\/wp\/v2\/media\/83682"}],"wp:attachment":[{"href":"https:\/\/jafep.com\/fr\/wp-json\/wp\/v2\/media?parent=86472"}],"wp:term":[{"taxonomy":"product_brand","embeddable":true,"href":"https:\/\/jafep.com\/fr\/wp-json\/wp\/v2\/product_brand?post=86472"},{"taxonomy":"product_cat","embeddable":true,"href":"https:\/\/jafep.com\/fr\/wp-json\/wp\/v2\/product_cat?post=86472"},{"taxonomy":"product_tag","embeddable":true,"href":"https:\/\/jafep.com\/fr\/wp-json\/wp\/v2\/product_tag?post=86472"}],"curies":[{"name":"wp","href":"https:\/\/api.w.org\/{rel}","templated":true}]}}