{"id":86471,"date":"2020-05-15T17:45:38","date_gmt":"2020-05-15T17:45:38","guid":{"rendered":"https:\/\/jafep.com\/producto\/jafep-antioxidant-rust-effect-protector-protecteur-antirouille\/"},"modified":"2025-08-18T19:24:49","modified_gmt":"2025-08-18T17:24:49","slug":"jafep-antioxidant-rust-effect-protector-protecteur-antirouille","status":"publish","type":"product","link":"https:\/\/jafep.com\/fr\/producto\/jafep-antioxidant-rust-effect-protector-protecteur-antirouille\/","title":{"rendered":"Jafep Antioxidant Rust Effect Protector (protecteur antirouille)"},"content":{"rendered":"<p>Protecteur incolore \u00e0 base d&#8217;eau, de r\u00e9sines acryliques et de filtres solaires d&#8217;aspect mat qui fait partie du syst\u00e8me Jafep Rust Effect.<\/p>\n<p>Il s&#8217;applique en dernier lieu comme couche protectrice sur la <b>Base Fer<\/b> et l&#8217;<b>Acc\u00e9l\u00e9rateur de Rouille Jafep<\/b>, cr\u00e9ant un film fin qui ne modifie pratiquement pas l&#8217;aspect rouill\u00e9 et prot\u00e8ge de l&#8217;eau, du soleil et des intemp\u00e9ries.<\/p>\n","protected":false},"excerpt":{"rendered":"<p>Protecteur incolore \u00e0 base d&#8217;eau, de r\u00e9sines acryliques et de filtres solaires.<\/p>\n","protected":false},"featured_media":83686,"comment_status":"closed","ping_status":"closed","template":"","meta":{"_acf_changed":false,"_links_to":"","_links_to_target":""},"product_brand":[],"product_cat":[82,1296],"product_tag":[],"class_list":{"0":"post-86471","1":"product","2":"type-product","3":"status-publish","4":"has-post-thumbnail","6":"product_cat-acabados-fr","7":"product_cat-haute-decoration","8":"pa_herramientas-brocha-fr","9":"pa_herramientas-brosse","10":"pa_herramientas-rodillo-fr-2","11":"pa_iconos-1-base-agua-fr","12":"pa_iconos-41-brocha-rodillo-pistola-fr","13":"pa_iconos-45-exterior-interior-fr","14":"pa_iconos-producto-al-agua-fr","16":"first","17":"instock","18":"shipping-taxable","19":"product-type-simple"},"acf":[],"_links":{"self":[{"href":"https:\/\/jafep.com\/fr\/wp-json\/wp\/v2\/product\/86471","targetHints":{"allow":["GET"]}}],"collection":[{"href":"https:\/\/jafep.com\/fr\/wp-json\/wp\/v2\/product"}],"about":[{"href":"https:\/\/jafep.com\/fr\/wp-json\/wp\/v2\/types\/product"}],"replies":[{"embeddable":true,"href":"https:\/\/jafep.com\/fr\/wp-json\/wp\/v2\/comments?post=86471"}],"wp:featuredmedia":[{"embeddable":true,"href":"https:\/\/jafep.com\/fr\/wp-json\/wp\/v2\/media\/83686"}],"wp:attachment":[{"href":"https:\/\/jafep.com\/fr\/wp-json\/wp\/v2\/media?parent=86471"}],"wp:term":[{"taxonomy":"product_brand","embeddable":true,"href":"https:\/\/jafep.com\/fr\/wp-json\/wp\/v2\/product_brand?post=86471"},{"taxonomy":"product_cat","embeddable":true,"href":"https:\/\/jafep.com\/fr\/wp-json\/wp\/v2\/product_cat?post=86471"},{"taxonomy":"product_tag","embeddable":true,"href":"https:\/\/jafep.com\/fr\/wp-json\/wp\/v2\/product_tag?post=86471"}],"curies":[{"name":"wp","href":"https:\/\/api.w.org\/{rel}","templated":true}]}}