{"id":86470,"date":"2020-05-15T17:45:06","date_gmt":"2020-05-15T17:45:06","guid":{"rendered":"https:\/\/jafep.com\/producto\/jafep-rust-effect-ferro-base\/"},"modified":"2025-08-18T19:24:48","modified_gmt":"2025-08-18T17:24:48","slug":"jafep-rust-effect-ferro-base","status":"publish","type":"product","link":"https:\/\/jafep.com\/fr\/producto\/jafep-rust-effect-ferro-base\/","title":{"rendered":"Jafep Rust Effect Ferro Base"},"content":{"rendered":"<p><img decoding=\"async\" class=\"\" src=\"data:image\/png;base64,iVBORw0KGgoAAAANSUhEUgAAAAEAAAABCAYAAAAfFcSJAAAADUlEQVQImWP4\/\/\/\/fwAJ+wP9CNHoHgAAAABJRU5ErkJggg==\" alt=\"en Pinturas Jafep\" title=\"en Pinturas Jafep\">Utilis\u00e9 avec l&#8217;<b>acc\u00e9l\u00e9rateur de rouille<\/b> et le <b>protecteur de rouille<\/b> <b>,<\/b> il donne un effet de m\u00e9tal rouill\u00e9 \u00e0 n&#8217;importe quelle surface.<\/p>\n<p>L&#8217;effet peut \u00eatre obtenu sur une multitude de supports, tels que le pl\u00e2tre, le ciment, le bois, le m\u00e9tal, le plastique, etc. Pour la plupart des supports, il convient d&#8217;appliquer une couche d&#8217;appr\u00eat avec le <b>Jafep Multipurpose Grey \u00e0 base d&#8217;eau<\/b> afin d&#8217;obtenir une bonne adh\u00e9rence et de masquer les imperfections. <\/p>\n<p>Compte tenu de la multitude de supports et de techniques d&#8217;application possibles, il est recommand\u00e9 d&#8217;effectuer un essai avant l&#8217;application finale pour v\u00e9rifier la finition, l&#8217;adh\u00e9rence et la couleur.<\/p>\n","protected":false},"excerpt":{"rendered":"<p>Base avec r\u00e9sines \u00e0 base d&#8217;eau et particules ferreuses<\/p>\n","protected":false},"featured_media":83690,"comment_status":"closed","ping_status":"closed","template":"","meta":{"_acf_changed":false,"_links_to":"","_links_to_target":""},"product_brand":[],"product_cat":[1511,1296,987],"product_tag":[],"class_list":{"0":"post-86470","1":"product","2":"type-product","3":"status-publish","4":"has-post-thumbnail","6":"product_cat-effet-rouille","7":"product_cat-haute-decoration","8":"product_cat-metal-fr","9":"pa_herramientas-brocha-fr","10":"pa_herramientas-brosse","11":"pa_herramientas-rodillo-fr-2","12":"pa_iconos-1-base-agua-fr","13":"pa_iconos-41-brocha-rodillo-pistola-fr","14":"pa_iconos-45-exterior-interior-fr","15":"pa_iconos-producto-al-agua-fr","17":"first","18":"instock","19":"shipping-taxable","20":"product-type-simple"},"acf":[],"_links":{"self":[{"href":"https:\/\/jafep.com\/fr\/wp-json\/wp\/v2\/product\/86470","targetHints":{"allow":["GET"]}}],"collection":[{"href":"https:\/\/jafep.com\/fr\/wp-json\/wp\/v2\/product"}],"about":[{"href":"https:\/\/jafep.com\/fr\/wp-json\/wp\/v2\/types\/product"}],"replies":[{"embeddable":true,"href":"https:\/\/jafep.com\/fr\/wp-json\/wp\/v2\/comments?post=86470"}],"wp:featuredmedia":[{"embeddable":true,"href":"https:\/\/jafep.com\/fr\/wp-json\/wp\/v2\/media\/83690"}],"wp:attachment":[{"href":"https:\/\/jafep.com\/fr\/wp-json\/wp\/v2\/media?parent=86470"}],"wp:term":[{"taxonomy":"product_brand","embeddable":true,"href":"https:\/\/jafep.com\/fr\/wp-json\/wp\/v2\/product_brand?post=86470"},{"taxonomy":"product_cat","embeddable":true,"href":"https:\/\/jafep.com\/fr\/wp-json\/wp\/v2\/product_cat?post=86470"},{"taxonomy":"product_tag","embeddable":true,"href":"https:\/\/jafep.com\/fr\/wp-json\/wp\/v2\/product_tag?post=86470"}],"curies":[{"name":"wp","href":"https:\/\/api.w.org\/{rel}","templated":true}]}}