{"id":86469,"date":"2019-08-08T11:28:40","date_gmt":"2019-08-08T11:28:40","guid":{"rendered":"https:\/\/jafep.com\/producto\/email-acrylique-acrimar-metallise\/"},"modified":"2025-08-18T19:24:44","modified_gmt":"2025-08-18T17:24:44","slug":"email-acrylique-acrimar-metallise","status":"publish","type":"product","link":"https:\/\/jafep.com\/fr\/producto\/email-acrylique-acrimar-metallise\/","title":{"rendered":"\u00c9mail acrylique Acrimar m\u00e9tallis\u00e9"},"content":{"rendered":"<p>\u00c9mail acrylique \u00e0 base d&#8217;eau, facile \u00e0 appliquer et tr\u00e8s bon nivellement. Lavable, tr\u00e8s couvrant, inodore et ininflammable. Elle offre une duret\u00e9 et une r\u00e9sistance au frottement extraordinaires. Finition m\u00e9tallique.     <\/p>\n","protected":false},"excerpt":{"rendered":"<p>\u00c9mail acrylique \u00e0 base d&#8217;eau.  <\/p>\n","protected":false},"featured_media":82932,"comment_status":"closed","ping_status":"closed","template":"","meta":{"_acf_changed":false,"_links_to":"","_links_to_target":""},"product_brand":[],"product_cat":[984,445],"product_tag":[],"class_list":{"0":"post-86469","1":"product","2":"type-product","3":"status-publish","4":"has-post-thumbnail","6":"product_cat-esmaltes-imprimaciones-y-selladoras-fr","7":"product_cat-peintures-decoration","8":"pa_formatos-250ml-fr","9":"pa_formatos-750-ml-fr","10":"pa_herramientas-airless-fr","11":"pa_herramientas-brocha-fr","12":"pa_herramientas-pistola-fr","13":"pa_herramientas-rodillo-fr-2","14":"pa_iconos-1-base-agua-fr","15":"pa_iconos-30-rendimiento-12-14-m2-fr","16":"pa_iconos-41-brocha-rodillo-pistola-fr","17":"pa_iconos-45-exterior-interior-fr","18":"pa_iconos-basep-fr","19":"pa_iconos-a-mas-fr","20":"pa_iconos-brillante-satinado-mate-fr","21":"pa_iconos-producto-al-agua-fr","22":"pa_iconos-b-s1d0-fr","24":"first","25":"instock","26":"shipping-taxable","27":"product-type-simple"},"acf":[],"_links":{"self":[{"href":"https:\/\/jafep.com\/fr\/wp-json\/wp\/v2\/product\/86469","targetHints":{"allow":["GET"]}}],"collection":[{"href":"https:\/\/jafep.com\/fr\/wp-json\/wp\/v2\/product"}],"about":[{"href":"https:\/\/jafep.com\/fr\/wp-json\/wp\/v2\/types\/product"}],"replies":[{"embeddable":true,"href":"https:\/\/jafep.com\/fr\/wp-json\/wp\/v2\/comments?post=86469"}],"wp:featuredmedia":[{"embeddable":true,"href":"https:\/\/jafep.com\/fr\/wp-json\/wp\/v2\/media\/82932"}],"wp:attachment":[{"href":"https:\/\/jafep.com\/fr\/wp-json\/wp\/v2\/media?parent=86469"}],"wp:term":[{"taxonomy":"product_brand","embeddable":true,"href":"https:\/\/jafep.com\/fr\/wp-json\/wp\/v2\/product_brand?post=86469"},{"taxonomy":"product_cat","embeddable":true,"href":"https:\/\/jafep.com\/fr\/wp-json\/wp\/v2\/product_cat?post=86469"},{"taxonomy":"product_tag","embeddable":true,"href":"https:\/\/jafep.com\/fr\/wp-json\/wp\/v2\/product_tag?post=86469"}],"curies":[{"name":"wp","href":"https:\/\/api.w.org\/{rel}","templated":true}]}}