{"id":86468,"date":"2019-01-02T10:09:29","date_gmt":"2019-01-02T10:09:29","guid":{"rendered":"https:\/\/jafep.com\/producto\/mortier-acrylique-petrex-5-tx-15\/"},"modified":"2025-08-18T19:24:44","modified_gmt":"2025-08-18T17:24:44","slug":"mortier-acrylique-petrex-5-tx-15","status":"publish","type":"product","link":"https:\/\/jafep.com\/fr\/producto\/mortier-acrylique-petrex-5-tx-15\/","title":{"rendered":"Mortier acrylique P\u00e9trex 5 TX 1,5"},"content":{"rendered":"<p>Il s&#8217;agit d&#8217;un rev\u00eatement \u00e9pais de type mortier pierreux sp\u00e9cialement pour les fa\u00e7ades, \u00e0 base d&#8217;une combinaison de r\u00e9sines acryliques et de pigments de haute r\u00e9sistance et solidit\u00e9 \u00e0 la lumi\u00e8re, qui permet d&#8217;obtenir des finitions r\u00e9sistantes, \u00e9lastiques, imperm\u00e9ables, avec un haut pouvoir couvrant et garnissant. Il incorpore dans sa formulation un grain homog\u00e8ne de 1,5 mm et est tr\u00e8s facile \u00e0 appliquer, ce qui permet de dissimuler les joints. <\/p>\n","protected":false},"excerpt":{"rendered":"<p>Mortier acrylique<\/p>\n","protected":false},"featured_media":82924,"comment_status":"closed","ping_status":"closed","template":"","meta":{"_acf_changed":false,"_links_to":"","_links_to_target":""},"product_brand":[],"product_cat":[828,1584,1581,1389,1582,1379],"product_tag":[],"class_list":{"0":"post-86468","1":"product","2":"type-product","3":"status-publish","4":"has-post-thumbnail","6":"product_cat-exteriores-fr","7":"product_cat-isolation-thermique","8":"product_cat-ite-isolation-thermique-par-lexterieur","9":"product_cat-mortiers-acryliques","10":"product_cat-reparer-les-facades","11":"product_cat-revetements","12":"pa_formatos-25kg-fr","13":"pa_herramientas-airless-fr","14":"pa_herramientas-pistola-fr","15":"pa_herramientas-truelle-en-acier-inoxydable","16":"pa_iconos-1-m2-l-fr","17":"pa_iconos-1-base-agua-fr","18":"pa_iconos-cartes-de-credit","19":"pa_iconos-ce-etag-004-fr","20":"pa_iconos-conservateur-anti-moisissures-systeme-atmh","21":"pa_iconos-exterior-fr","22":"pa_iconos-fratasado-mate-fr","24":"first","25":"instock","26":"shipping-taxable","27":"product-type-simple"},"acf":[],"_links":{"self":[{"href":"https:\/\/jafep.com\/fr\/wp-json\/wp\/v2\/product\/86468","targetHints":{"allow":["GET"]}}],"collection":[{"href":"https:\/\/jafep.com\/fr\/wp-json\/wp\/v2\/product"}],"about":[{"href":"https:\/\/jafep.com\/fr\/wp-json\/wp\/v2\/types\/product"}],"replies":[{"embeddable":true,"href":"https:\/\/jafep.com\/fr\/wp-json\/wp\/v2\/comments?post=86468"}],"wp:featuredmedia":[{"embeddable":true,"href":"https:\/\/jafep.com\/fr\/wp-json\/wp\/v2\/media\/82924"}],"wp:attachment":[{"href":"https:\/\/jafep.com\/fr\/wp-json\/wp\/v2\/media?parent=86468"}],"wp:term":[{"taxonomy":"product_brand","embeddable":true,"href":"https:\/\/jafep.com\/fr\/wp-json\/wp\/v2\/product_brand?post=86468"},{"taxonomy":"product_cat","embeddable":true,"href":"https:\/\/jafep.com\/fr\/wp-json\/wp\/v2\/product_cat?post=86468"},{"taxonomy":"product_tag","embeddable":true,"href":"https:\/\/jafep.com\/fr\/wp-json\/wp\/v2\/product_tag?post=86468"}],"curies":[{"name":"wp","href":"https:\/\/api.w.org\/{rel}","templated":true}]}}