{"id":86467,"date":"2019-07-15T11:54:26","date_gmt":"2019-07-15T11:54:26","guid":{"rendered":"https:\/\/jafep.com\/producto\/peinture-plastique-simplex-jsx-505-m\/"},"modified":"2025-08-18T19:24:43","modified_gmt":"2025-08-18T17:24:43","slug":"peinture-plastique-simplex-jsx-505-m","status":"publish","type":"product","link":"https:\/\/jafep.com\/fr\/producto\/peinture-plastique-simplex-jsx-505-m\/","title":{"rendered":"Peinture plastique Simplex JSX-505-M"},"content":{"rendered":"<p>La formulation innovante de la gamme Simplex facilite l&#8217;application du produit gr\u00e2ce \u00e0 des propri\u00e9t\u00e9s dynamiques de traction qui contribuent \u00e0 un meilleur nivellement, augmentent la matit\u00e9 et \u00e9vitent les \u00e9claboussures. JSX-505-M est une peinture vinylique au toucher et \u00e0 l&#8217;application agr\u00e9ables, lavable et tr\u00e8s couvrante.   <\/p>\n","protected":false},"excerpt":{"rendered":"<p>La formulation innovante de la gamme Simplex facilite l&#8217;application du produit gr\u00e2ce \u00e0 des propri\u00e9t\u00e9s dynamiques de traction qui contribuent \u00e0 un meilleur nivellement, augmentent la matit\u00e9 et \u00e9vitent les \u00e9claboussures. JSX-505-M est une peinture vinylique au toucher et \u00e0 l&#8217;application agr\u00e9ables, lavable et tr\u00e8s couvrante.<\/p>\n","protected":false},"featured_media":82929,"comment_status":"closed","ping_status":"closed","template":"","meta":{"_acf_changed":false,"_links_to":"","_links_to_target":""},"product_brand":[],"product_cat":[750,1357],"product_tag":[],"class_list":{"0":"post-86467","1":"product","2":"type-product","3":"status-publish","4":"has-post-thumbnail","6":"product_cat-pinturas-plasticas-fr-2","7":"product_cat-simplex-fr","8":"pa_formatos-15-l-fr","9":"pa_formatos-4l-fr","10":"pa_formatos-750ml-fr","11":"pa_herramientas-airless-fr","12":"pa_herramientas-brocha-fr","13":"pa_herramientas-pistola-fr","14":"pa_herramientas-rodillo-fr-2","15":"pa_iconos-1-base-agua-fr","16":"pa_iconos-45-exterior-interior-fr","17":"pa_iconos-51-mate-60o-fr","18":"pa_iconos-62-lavabilidad-nivel-3-fr","19":"pa_iconos-conservateur-anti-moisissures-systeme-atmh","20":"pa_iconos-mate-profundo-fr","21":"pa_iconos-mate4-5-fr","22":"pa_iconos-rendimiento-7-9-m2l-fr","24":"first","25":"instock","26":"shipping-taxable","27":"product-type-simple"},"acf":[],"_links":{"self":[{"href":"https:\/\/jafep.com\/fr\/wp-json\/wp\/v2\/product\/86467","targetHints":{"allow":["GET"]}}],"collection":[{"href":"https:\/\/jafep.com\/fr\/wp-json\/wp\/v2\/product"}],"about":[{"href":"https:\/\/jafep.com\/fr\/wp-json\/wp\/v2\/types\/product"}],"replies":[{"embeddable":true,"href":"https:\/\/jafep.com\/fr\/wp-json\/wp\/v2\/comments?post=86467"}],"wp:featuredmedia":[{"embeddable":true,"href":"https:\/\/jafep.com\/fr\/wp-json\/wp\/v2\/media\/82929"}],"wp:attachment":[{"href":"https:\/\/jafep.com\/fr\/wp-json\/wp\/v2\/media?parent=86467"}],"wp:term":[{"taxonomy":"product_brand","embeddable":true,"href":"https:\/\/jafep.com\/fr\/wp-json\/wp\/v2\/product_brand?post=86467"},{"taxonomy":"product_cat","embeddable":true,"href":"https:\/\/jafep.com\/fr\/wp-json\/wp\/v2\/product_cat?post=86467"},{"taxonomy":"product_tag","embeddable":true,"href":"https:\/\/jafep.com\/fr\/wp-json\/wp\/v2\/product_tag?post=86467"}],"curies":[{"name":"wp","href":"https:\/\/api.w.org\/{rel}","templated":true}]}}