{"id":86466,"date":"2018-11-20T09:20:57","date_gmt":"2018-11-20T09:20:57","guid":{"rendered":"https:\/\/jafep.com\/producto\/peinture-anti-condensation\/"},"modified":"2025-08-18T19:24:43","modified_gmt":"2025-08-18T17:24:43","slug":"peinture-anti-condensation","status":"publish","type":"product","link":"https:\/\/jafep.com\/fr\/producto\/peinture-anti-condensation\/","title":{"rendered":"Peinture anti-condensation"},"content":{"rendered":"<p>Produit nanotechnologique \u00e0 la finition mate et aux propri\u00e9t\u00e9s d&#8217;isolation thermique et acoustique. Il agit principalement en rompant les ponts thermiques par lesquels la chaleur ou le froid se perdent, provoquant entre autres des probl\u00e8mes de condensation et de biocontamination. Il constitue une barri\u00e8re acoustique qui amortit les ondes sonores en les dissipant, qu&#8217;elles proviennent de l&#8217;int\u00e9rieur ou de l&#8217;ext\u00e9rieur. Peinture avec conservateur anti-moisissure.     <\/p>\n","protected":false},"excerpt":{"rendered":"<p>Anti-condensation  <\/p>\n","protected":false},"featured_media":82912,"comment_status":"closed","ping_status":"closed","template":"","meta":{"_acf_changed":false,"_links_to":"","_links_to_target":""},"product_brand":[],"product_cat":[750,294],"product_tag":[],"class_list":{"0":"post-86466","1":"product","2":"type-product","3":"status-publish","4":"has-post-thumbnail","6":"product_cat-pinturas-plasticas-fr-2","7":"product_cat-usos-especiales-fr","8":"pa_herramientas-brocha-fr","9":"pa_herramientas-pistola-fr","10":"pa_herramientas-rodillo-fr-2","11":"pa_iconos-1-base-agua-fr","12":"pa_iconos-41-brocha-rodillo-pistola-fr","13":"pa_iconos-45-exterior-interior-fr","14":"pa_iconos-conservateur-anti-moisissures-systeme-atmh","15":"pa_iconos-mate-fr","16":"pa_iconos-mate2-5-fr","17":"pa_iconos-nanotec-fr","18":"pa_iconos-rendimiento-2-4-m2-l-fr","20":"first","21":"instock","22":"shipping-taxable","23":"product-type-simple"},"acf":[],"_links":{"self":[{"href":"https:\/\/jafep.com\/fr\/wp-json\/wp\/v2\/product\/86466","targetHints":{"allow":["GET"]}}],"collection":[{"href":"https:\/\/jafep.com\/fr\/wp-json\/wp\/v2\/product"}],"about":[{"href":"https:\/\/jafep.com\/fr\/wp-json\/wp\/v2\/types\/product"}],"replies":[{"embeddable":true,"href":"https:\/\/jafep.com\/fr\/wp-json\/wp\/v2\/comments?post=86466"}],"wp:featuredmedia":[{"embeddable":true,"href":"https:\/\/jafep.com\/fr\/wp-json\/wp\/v2\/media\/82912"}],"wp:attachment":[{"href":"https:\/\/jafep.com\/fr\/wp-json\/wp\/v2\/media?parent=86466"}],"wp:term":[{"taxonomy":"product_brand","embeddable":true,"href":"https:\/\/jafep.com\/fr\/wp-json\/wp\/v2\/product_brand?post=86466"},{"taxonomy":"product_cat","embeddable":true,"href":"https:\/\/jafep.com\/fr\/wp-json\/wp\/v2\/product_cat?post=86466"},{"taxonomy":"product_tag","embeddable":true,"href":"https:\/\/jafep.com\/fr\/wp-json\/wp\/v2\/product_tag?post=86466"}],"curies":[{"name":"wp","href":"https:\/\/api.w.org\/{rel}","templated":true}]}}