{"id":86465,"date":"2019-04-11T14:51:22","date_gmt":"2019-04-11T14:51:22","guid":{"rendered":"https:\/\/jafep.com\/producto\/base-de-mortier-petrex-5\/"},"modified":"2025-08-18T19:24:42","modified_gmt":"2025-08-18T17:24:42","slug":"base-de-mortier-petrex-5","status":"publish","type":"product","link":"https:\/\/jafep.com\/fr\/producto\/base-de-mortier-petrex-5\/","title":{"rendered":"Base de mortier P\u00e9trex 5"},"content":{"rendered":"<p>Impr\u00e9gnation p\u00e9n\u00e9trante acrylique \u00e0 granulom\u00e9trie tr\u00e8s fine. Con\u00e7u principalement comme un appr\u00eat pour am\u00e9liorer l&#8217;adh\u00e9rence et l&#8217;applicabilit\u00e9 avant l&#8217;application du mortier de finition, gr\u00e2ce \u00e0 ses marbres finement broy\u00e9s. Contribue \u00e0 am\u00e9liorer la couverture et l&#8217;imperm\u00e9abilisation.  <\/p>\n","protected":false},"excerpt":{"rendered":"<p>Impr\u00e9gnation p\u00e9n\u00e9trante acrylique \u00e0 granulom\u00e9trie tr\u00e8s fine. Con\u00e7u principalement comme un appr\u00eat pour am\u00e9liorer l&#8217;adh\u00e9rence et l&#8217;applicabilit\u00e9 avant l&#8217;application du mortier de finition, gr\u00e2ce \u00e0 ses marbres finement broy\u00e9s. Contribue \u00e0 am\u00e9liorer la couverture et l&#8217;imperm\u00e9abilisation.<\/p>\n","protected":false},"featured_media":82922,"comment_status":"closed","ping_status":"closed","template":"","meta":{"_acf_changed":false,"_links_to":"","_links_to_target":""},"product_brand":[],"product_cat":[1389,1379],"product_tag":[],"class_list":{"0":"post-86465","1":"product","2":"type-product","3":"status-publish","4":"has-post-thumbnail","6":"product_cat-mortiers-acryliques","7":"product_cat-revetements","8":"pa_formatos-20kg-fr","9":"pa_herramientas-airless-fr","10":"pa_herramientas-brocha-fr","11":"pa_herramientas-pistola-fr","12":"pa_herramientas-rodillo-fr-2","13":"pa_iconos-1-base-agua-fr","14":"pa_iconos-exterior-fr","15":"pa_iconos-mate-texturado-fr","16":"pa_iconos-rendimiento-5-8-m2-l-fr","18":"first","19":"instock","20":"shipping-taxable","21":"product-type-simple"},"acf":[],"_links":{"self":[{"href":"https:\/\/jafep.com\/fr\/wp-json\/wp\/v2\/product\/86465","targetHints":{"allow":["GET"]}}],"collection":[{"href":"https:\/\/jafep.com\/fr\/wp-json\/wp\/v2\/product"}],"about":[{"href":"https:\/\/jafep.com\/fr\/wp-json\/wp\/v2\/types\/product"}],"replies":[{"embeddable":true,"href":"https:\/\/jafep.com\/fr\/wp-json\/wp\/v2\/comments?post=86465"}],"wp:featuredmedia":[{"embeddable":true,"href":"https:\/\/jafep.com\/fr\/wp-json\/wp\/v2\/media\/82922"}],"wp:attachment":[{"href":"https:\/\/jafep.com\/fr\/wp-json\/wp\/v2\/media?parent=86465"}],"wp:term":[{"taxonomy":"product_brand","embeddable":true,"href":"https:\/\/jafep.com\/fr\/wp-json\/wp\/v2\/product_brand?post=86465"},{"taxonomy":"product_cat","embeddable":true,"href":"https:\/\/jafep.com\/fr\/wp-json\/wp\/v2\/product_cat?post=86465"},{"taxonomy":"product_tag","embeddable":true,"href":"https:\/\/jafep.com\/fr\/wp-json\/wp\/v2\/product_tag?post=86465"}],"curies":[{"name":"wp","href":"https:\/\/api.w.org\/{rel}","templated":true}]}}