{"id":86464,"date":"2019-04-03T07:08:50","date_gmt":"2019-04-03T07:08:50","guid":{"rendered":"https:\/\/jafep.com\/producto\/peinture-plastique-mate-interior-p-d-tr-multicolor-300\/"},"modified":"2025-08-18T19:24:41","modified_gmt":"2025-08-18T17:24:41","slug":"peinture-plastique-mate-interior-p-d-tr-multicolor-300","status":"publish","type":"product","link":"https:\/\/jafep.com\/fr\/producto\/peinture-plastique-mate-interior-p-d-tr-multicolor-300\/","title":{"rendered":"Peinture plastique mate &#8211; interior-P-D-TR Multicolor 300"},"content":{"rendered":"<p>Peinture acrylique plastique d&#8217;excellente qualit\u00e9, sp\u00e9cialement con\u00e7ue en trois bases, P, D et TR pour les syst\u00e8mes tintom\u00e9triques Jafep Multicolor afin d&#8217;obtenir des finitions de diff\u00e9rentes nuances de couleurs. Pour tous types de travaux de d\u00e9coration int\u00e9rieure, de restauration et d&#8217;entretien.   <\/p>\n","protected":false},"excerpt":{"rendered":"<p>Peinture acrylique plastique d&#8217;excellente qualit\u00e9, sp\u00e9cialement con\u00e7ue en trois bases, P, D et TR pour les syst\u00e8mes tintom\u00e9triques Jafep Multicolor afin d&#8217;obtenir des finitions de diff\u00e9rentes nuances de couleurs. Pour tous types de travaux de d\u00e9coration int\u00e9rieure, de restauration et d&#8217;entretien.<\/p>\n","protected":false},"featured_media":82917,"comment_status":"closed","ping_status":"closed","template":"","meta":{"_acf_changed":false,"_links_to":"","_links_to_target":""},"product_brand":[],"product_cat":[551,1397],"product_tag":[],"class_list":{"0":"post-86464","1":"product","2":"type-product","3":"status-publish","4":"has-post-thumbnail","6":"product_cat-bases-systeme-multicouleur","7":"product_cat-sisteme-a-teinter","8":"pa_herramientas-airless-fr","9":"pa_herramientas-brocha-fr","10":"pa_herramientas-pistola-fr","11":"pa_herramientas-rodillo-fr-2","12":"pa_iconos-1-base-agua-fr","13":"pa_iconos-36-rendimiento-de-8-a-10-m2kg-fr","14":"pa_iconos-41-brocha-rodillo-pistola-fr","15":"pa_iconos-46-interior-fr","16":"pa_iconos-61-lavabilidad-nivel-2-fr","17":"pa_iconos-conservateur-anti-moisissures-systeme-atmh","18":"pa_iconos-mate-fr","19":"pa_iconos-mate3-fr","21":"first","22":"instock","23":"shipping-taxable","24":"product-type-simple"},"acf":[],"_links":{"self":[{"href":"https:\/\/jafep.com\/fr\/wp-json\/wp\/v2\/product\/86464","targetHints":{"allow":["GET"]}}],"collection":[{"href":"https:\/\/jafep.com\/fr\/wp-json\/wp\/v2\/product"}],"about":[{"href":"https:\/\/jafep.com\/fr\/wp-json\/wp\/v2\/types\/product"}],"replies":[{"embeddable":true,"href":"https:\/\/jafep.com\/fr\/wp-json\/wp\/v2\/comments?post=86464"}],"wp:featuredmedia":[{"embeddable":true,"href":"https:\/\/jafep.com\/fr\/wp-json\/wp\/v2\/media\/82917"}],"wp:attachment":[{"href":"https:\/\/jafep.com\/fr\/wp-json\/wp\/v2\/media?parent=86464"}],"wp:term":[{"taxonomy":"product_brand","embeddable":true,"href":"https:\/\/jafep.com\/fr\/wp-json\/wp\/v2\/product_brand?post=86464"},{"taxonomy":"product_cat","embeddable":true,"href":"https:\/\/jafep.com\/fr\/wp-json\/wp\/v2\/product_cat?post=86464"},{"taxonomy":"product_tag","embeddable":true,"href":"https:\/\/jafep.com\/fr\/wp-json\/wp\/v2\/product_tag?post=86464"}],"curies":[{"name":"wp","href":"https:\/\/api.w.org\/{rel}","templated":true}]}}