{"id":86463,"date":"2018-11-09T15:43:09","date_gmt":"2018-11-09T15:43:09","guid":{"rendered":"https:\/\/jafep.com\/producto\/peinture-en-aerosol-antitache\/"},"modified":"2025-08-18T19:24:41","modified_gmt":"2025-08-18T17:24:41","slug":"peinture-en-aerosol-antitache","status":"publish","type":"product","link":"https:\/\/jafep.com\/fr\/producto\/peinture-en-aerosol-antitache\/","title":{"rendered":"Peinture en a\u00e9rosol antitache"},"content":{"rendered":"<p>Peinture pour int\u00e9rieurs ou ext\u00e9rieurs avec des probl\u00e8mes de taches o\u00f9 une finition rapide est n\u00e9cessaire. Gr\u00e2ce \u00e0 sa composition en mat\u00e9riaux de haute qualit\u00e9, elle couvre les taches difficiles \u00e0 \u00e9liminer telles que la rouille, la nicotine et les taches de biros, en \u00e9vitant qu&#8217;elles ne r\u00e9apparaissent. Spray facile \u00e0 appliquer.    <\/p>\n","protected":false},"excerpt":{"rendered":"<p>Spray anti-t\u00e2ches  <\/p>\n","protected":false},"featured_media":82902,"comment_status":"closed","ping_status":"closed","template":"","meta":{"_acf_changed":false,"_links_to":"","_links_to_target":""},"product_brand":[],"product_cat":[984,453,1499,1502],"product_tag":[],"class_list":{"0":"post-86463","1":"product","2":"type-product","3":"status-publish","4":"has-post-thumbnail","6":"product_cat-esmaltes-imprimaciones-y-selladoras-fr","7":"product_cat-fixateurs-de-fond","8":"product_cat-reparer-resoudre-les-problemes","9":"product_cat-taches","10":"pa_formatos-400-ml-fr","11":"pa_iconos-45-exterior-interior-fr","12":"pa_iconos-mate-fr","14":"first","15":"instock","16":"shipping-taxable","17":"product-type-simple"},"acf":[],"_links":{"self":[{"href":"https:\/\/jafep.com\/fr\/wp-json\/wp\/v2\/product\/86463","targetHints":{"allow":["GET"]}}],"collection":[{"href":"https:\/\/jafep.com\/fr\/wp-json\/wp\/v2\/product"}],"about":[{"href":"https:\/\/jafep.com\/fr\/wp-json\/wp\/v2\/types\/product"}],"replies":[{"embeddable":true,"href":"https:\/\/jafep.com\/fr\/wp-json\/wp\/v2\/comments?post=86463"}],"wp:featuredmedia":[{"embeddable":true,"href":"https:\/\/jafep.com\/fr\/wp-json\/wp\/v2\/media\/82902"}],"wp:attachment":[{"href":"https:\/\/jafep.com\/fr\/wp-json\/wp\/v2\/media?parent=86463"}],"wp:term":[{"taxonomy":"product_brand","embeddable":true,"href":"https:\/\/jafep.com\/fr\/wp-json\/wp\/v2\/product_brand?post=86463"},{"taxonomy":"product_cat","embeddable":true,"href":"https:\/\/jafep.com\/fr\/wp-json\/wp\/v2\/product_cat?post=86463"},{"taxonomy":"product_tag","embeddable":true,"href":"https:\/\/jafep.com\/fr\/wp-json\/wp\/v2\/product_tag?post=86463"}],"curies":[{"name":"wp","href":"https:\/\/api.w.org\/{rel}","templated":true}]}}