{"id":86462,"date":"2019-04-02T15:57:07","date_gmt":"2019-04-02T15:57:07","guid":{"rendered":"https:\/\/jafep.com\/producto\/peinture-plastique-mate-interieur-p-d-tr-multicolore-300\/"},"modified":"2025-08-18T19:24:40","modified_gmt":"2025-08-18T17:24:40","slug":"peinture-plastique-mate-interieur-p-d-tr-multicolore-300","status":"publish","type":"product","link":"https:\/\/jafep.com\/fr\/producto\/peinture-plastique-mate-interieur-p-d-tr-multicolore-300\/","title":{"rendered":"Peinture plastique mate -int\u00e9rieur- P- D- TR &#8211; Multicolore 300"},"content":{"rendered":"<p>Peinture plastique acrylique d&#8217;excellente qualit\u00e9, sp\u00e9cialement con\u00e7ue en trois bases : P, D et TR pour les syst\u00e8mes tintom\u00e9triques Jafep Multicolor, afin d&#8217;obtenir des finitions de diff\u00e9rentes nuances de couleurs. Pour tous types de travaux de d\u00e9coration int\u00e9rieure, de restauration et d&#8217;entretien. <\/p>\n","protected":false},"excerpt":{"rendered":"<p>Peinture plastique acrylique d&#8217;excellente qualit\u00e9, sp\u00e9cialement con\u00e7ue en trois bases : P, D et TR pour les syst\u00e8mes tintom\u00e9triques Jafep Multicolor, afin d&#8217;obtenir des finitions de diff\u00e9rentes nuances de couleurs. Pour tous types de travaux de d\u00e9coration int\u00e9rieure, de restauration et d&#8217;entretien.<\/p>\n","protected":false},"featured_media":83702,"comment_status":"closed","ping_status":"closed","template":"","meta":{"_acf_changed":false,"_links_to":"","_links_to_target":""},"product_brand":[],"product_cat":[551,1547,1397],"product_tag":[],"class_list":{"0":"post-86462","1":"product","2":"type-product","3":"status-publish","4":"has-post-thumbnail","6":"product_cat-bases-systeme-multicouleur","7":"product_cat-interieurs","8":"product_cat-sisteme-a-teinter","9":"pa_formatos-15l-fr","10":"pa_formatos-4l-fr","11":"pa_formatos-750ml-fr","12":"pa_herramientas-airless-fr","13":"pa_herramientas-brocha-fr","14":"pa_herramientas-pistola-fr","15":"pa_herramientas-rodillo-fr-2","16":"pa_iconos-1-base-agua-fr","17":"pa_iconos-33-rendimiento-8-10-m2l-fr","18":"pa_iconos-46-interior-fr","19":"pa_iconos-51-mate-60o-fr","20":"pa_iconos-61-lavabilidad-nivel-2-fr","21":"pa_iconos-basep-fr","22":"pa_iconos-basetr-fr","24":"first","25":"instock","26":"shipping-taxable","27":"product-type-simple"},"acf":[],"_links":{"self":[{"href":"https:\/\/jafep.com\/fr\/wp-json\/wp\/v2\/product\/86462","targetHints":{"allow":["GET"]}}],"collection":[{"href":"https:\/\/jafep.com\/fr\/wp-json\/wp\/v2\/product"}],"about":[{"href":"https:\/\/jafep.com\/fr\/wp-json\/wp\/v2\/types\/product"}],"replies":[{"embeddable":true,"href":"https:\/\/jafep.com\/fr\/wp-json\/wp\/v2\/comments?post=86462"}],"wp:featuredmedia":[{"embeddable":true,"href":"https:\/\/jafep.com\/fr\/wp-json\/wp\/v2\/media\/83702"}],"wp:attachment":[{"href":"https:\/\/jafep.com\/fr\/wp-json\/wp\/v2\/media?parent=86462"}],"wp:term":[{"taxonomy":"product_brand","embeddable":true,"href":"https:\/\/jafep.com\/fr\/wp-json\/wp\/v2\/product_brand?post=86462"},{"taxonomy":"product_cat","embeddable":true,"href":"https:\/\/jafep.com\/fr\/wp-json\/wp\/v2\/product_cat?post=86462"},{"taxonomy":"product_tag","embeddable":true,"href":"https:\/\/jafep.com\/fr\/wp-json\/wp\/v2\/product_tag?post=86462"}],"curies":[{"name":"wp","href":"https:\/\/api.w.org\/{rel}","templated":true}]}}