{"id":86461,"date":"2020-06-29T16:13:49","date_gmt":"2020-06-29T16:13:49","guid":{"rendered":"https:\/\/jafep.com\/producto\/ammoniac-parfume\/"},"modified":"2025-08-18T19:24:40","modified_gmt":"2025-08-18T17:24:40","slug":"ammoniac-parfume","status":"publish","type":"product","link":"https:\/\/jafep.com\/fr\/producto\/ammoniac-parfume\/","title":{"rendered":"Ammoniac parfum\u00e9"},"content":{"rendered":"<p>Produit pour le nettoyage et le d\u00e9graissage de surfaces telles que les sols, les tissus, les carrelages, les tissus d&#8217;ameublement, le verre, les m\u00e9taux,&#8230;<\/p>\n","protected":false},"excerpt":{"rendered":"<p>Produit pour le nettoyage et le d\u00e9graissage des surfaces<\/p>\n","protected":false},"featured_media":83633,"comment_status":"closed","ping_status":"closed","template":"","meta":{"_acf_changed":false,"_links_to":"","_links_to_target":""},"product_brand":[],"product_cat":[1303],"product_tag":[],"class_list":{"0":"post-86461","1":"product","2":"type-product","3":"status-publish","4":"has-post-thumbnail","6":"product_cat-complements-fr","8":"first","9":"instock","10":"shipping-taxable","11":"product-type-simple"},"acf":[],"_links":{"self":[{"href":"https:\/\/jafep.com\/fr\/wp-json\/wp\/v2\/product\/86461","targetHints":{"allow":["GET"]}}],"collection":[{"href":"https:\/\/jafep.com\/fr\/wp-json\/wp\/v2\/product"}],"about":[{"href":"https:\/\/jafep.com\/fr\/wp-json\/wp\/v2\/types\/product"}],"replies":[{"embeddable":true,"href":"https:\/\/jafep.com\/fr\/wp-json\/wp\/v2\/comments?post=86461"}],"wp:featuredmedia":[{"embeddable":true,"href":"https:\/\/jafep.com\/fr\/wp-json\/wp\/v2\/media\/83633"}],"wp:attachment":[{"href":"https:\/\/jafep.com\/fr\/wp-json\/wp\/v2\/media?parent=86461"}],"wp:term":[{"taxonomy":"product_brand","embeddable":true,"href":"https:\/\/jafep.com\/fr\/wp-json\/wp\/v2\/product_brand?post=86461"},{"taxonomy":"product_cat","embeddable":true,"href":"https:\/\/jafep.com\/fr\/wp-json\/wp\/v2\/product_cat?post=86461"},{"taxonomy":"product_tag","embeddable":true,"href":"https:\/\/jafep.com\/fr\/wp-json\/wp\/v2\/product_tag?post=86461"}],"curies":[{"name":"wp","href":"https:\/\/api.w.org\/{rel}","templated":true}]}}