{"id":86460,"date":"2021-05-03T12:21:24","date_gmt":"2021-05-03T12:21:24","guid":{"rendered":"https:\/\/jafep.com\/producto\/2-en-1-remplisseur-renovationfinition-pinroda\/"},"modified":"2025-08-18T19:24:00","modified_gmt":"2025-08-18T17:24:00","slug":"2-en-1-remplisseur-renovationfinition-pinroda","status":"publish","type":"product","link":"https:\/\/jafep.com\/fr\/producto\/2-en-1-remplisseur-renovationfinition-pinroda\/","title":{"rendered":"2 en 1 remplisseur R\u00e9novation+Finition Pinroda"},"content":{"rendered":"<p>Produit de remplissage sp\u00e9cial deux en un, r\u00e9novation et finition en un seul produit. Sa grande adh\u00e9rence facilite l&#8217;ancrage sur des surfaces d\u00e9j\u00e0 peintes, ce qui est utile et pratique pour \u00e9liminer les taches de peinture, ainsi que son grand pouvoir de remplissage. Sa facilit\u00e9 de pon\u00e7age et la finesse de ses mastics permettent de terminer le travail avec un seul produit.    <\/p>\n","protected":false},"excerpt":{"rendered":"<p>Produit de remplissage sp\u00e9cial deux en un, r\u00e9novation et finition en un seul produit. Sa grande adh\u00e9rence facilite l&#8217;ancrage sur des surfaces d\u00e9j\u00e0 peintes, ce qui est utile et pratique pour \u00e9liminer les taches de peinture, ainsi que son grand pouvoir de remplissage. Sa facilit\u00e9 de pon\u00e7age et la finesse de ses mastics permettent de&#8230;<\/p>\n","protected":false},"featured_media":83002,"comment_status":"closed","ping_status":"closed","template":"","meta":{"_acf_changed":false,"_links_to":"","_links_to_target":""},"product_brand":[],"product_cat":[539,1359],"product_tag":[],"class_list":{"0":"post-86460","1":"product","2":"type-product","3":"status-publish","4":"has-post-thumbnail","6":"product_cat-enduits-et-mastics","7":"product_cat-preparation-et-sous-couches","8":"pa_iconos-1-base-agua-fr","10":"first","11":"instock","12":"shipping-taxable","13":"product-type-simple"},"acf":[],"_links":{"self":[{"href":"https:\/\/jafep.com\/fr\/wp-json\/wp\/v2\/product\/86460","targetHints":{"allow":["GET"]}}],"collection":[{"href":"https:\/\/jafep.com\/fr\/wp-json\/wp\/v2\/product"}],"about":[{"href":"https:\/\/jafep.com\/fr\/wp-json\/wp\/v2\/types\/product"}],"replies":[{"embeddable":true,"href":"https:\/\/jafep.com\/fr\/wp-json\/wp\/v2\/comments?post=86460"}],"wp:featuredmedia":[{"embeddable":true,"href":"https:\/\/jafep.com\/fr\/wp-json\/wp\/v2\/media\/83002"}],"wp:attachment":[{"href":"https:\/\/jafep.com\/fr\/wp-json\/wp\/v2\/media?parent=86460"}],"wp:term":[{"taxonomy":"product_brand","embeddable":true,"href":"https:\/\/jafep.com\/fr\/wp-json\/wp\/v2\/product_brand?post=86460"},{"taxonomy":"product_cat","embeddable":true,"href":"https:\/\/jafep.com\/fr\/wp-json\/wp\/v2\/product_cat?post=86460"},{"taxonomy":"product_tag","embeddable":true,"href":"https:\/\/jafep.com\/fr\/wp-json\/wp\/v2\/product_tag?post=86460"}],"curies":[{"name":"wp","href":"https:\/\/api.w.org\/{rel}","templated":true}]}}