{"id":86459,"date":"2020-10-09T12:20:36","date_gmt":"2020-10-09T12:20:36","guid":{"rendered":"https:\/\/jafep.com\/producto\/p-p-procoplas-925-pdtr\/"},"modified":"2025-08-18T19:23:59","modified_gmt":"2025-08-18T17:23:59","slug":"p-p-procoplas-925-pdtr","status":"publish","type":"product","link":"https:\/\/jafep.com\/fr\/producto\/p-p-procoplas-925-pdtr\/","title":{"rendered":"P.P. Procoplas 925 P,D,TR."},"content":{"rendered":"<p>Peinture vinylique de haute qualit\u00e9 avec une excellente finition int\u00e9rieure, avec une tr\u00e8s bonne facilit\u00e9 d&#8217;application, qui dissimule les travaux de reprise, n&#8217;\u00e9clabousse pas, ne coule pas et offre une finition mate extra profonde. Riche en r\u00e9sines qui contribuent \u00e0 la r\u00e9sistance de la couleur aux rayons UV, tant \u00e0 l&#8217;int\u00e9rieur qu&#8217;\u00e0 l&#8217;ext\u00e9rieur. Convient pour un usage ext\u00e9rieur en tant que rev\u00eatement de fa\u00e7ade.  <\/p>\n<p>Con\u00e7u en trois bases P, D et TR pour obtenir des finitions dans diff\u00e9rentes nuances de couleurs.<\/p>\n","protected":false},"excerpt":{"rendered":"<p>Peinture vinylique de haute qualit\u00e9 avec une excellente finition int\u00e9rieure, avec une tr\u00e8s bonne facilit\u00e9 d&#8217;application, qui dissimule les travaux de reprise, n&#8217;\u00e9clabousse pas, ne coule pas et offre une finition mate extra profonde. Riche en r\u00e9sines qui contribuent \u00e0 la r\u00e9sistance de la couleur aux rayons UV, tant \u00e0 l&#8217;int\u00e9rieur qu&#8217;\u00e0 l&#8217;ext\u00e9rieur. Convient pour&#8230;<\/p>\n","protected":false},"featured_media":82974,"comment_status":"closed","ping_status":"closed","template":"","meta":{"_acf_changed":false,"_links_to":"","_links_to_target":""},"product_brand":[],"product_cat":[551,1397],"product_tag":[],"class_list":{"0":"post-86459","1":"product","2":"type-product","3":"status-publish","4":"has-post-thumbnail","6":"product_cat-bases-systeme-multicouleur","7":"product_cat-sisteme-a-teinter","8":"pa_formatos-15-l-fr","9":"pa_formatos-4-l-fr","10":"pa_formatos-750-ml-fr","11":"pa_herramientas-airless-fr","12":"pa_herramientas-brocha-fr","13":"pa_herramientas-pistola-fr","14":"pa_herramientas-rodillo-fr-2","15":"pa_iconos-1-base-agua-fr","16":"pa_iconos-38-rendimiento-de-10-15-m2l-fr","17":"pa_iconos-41-brocha-rodillo-pistola-fr","18":"pa_iconos-45-exterior-interior-fr","19":"pa_iconos-50-extra-mate-85o-fr","20":"pa_iconos-60-lavabilidad-nivel-1-fr","21":"pa_iconos-conservateur-anti-moisissures-systeme-atmh","22":"pa_iconos-extra-mate-profundo-fr","23":"pa_iconos-mate5-fr","24":"pa_iconos-b-s1d0-fr","26":"first","27":"instock","28":"shipping-taxable","29":"product-type-simple"},"acf":[],"_links":{"self":[{"href":"https:\/\/jafep.com\/fr\/wp-json\/wp\/v2\/product\/86459","targetHints":{"allow":["GET"]}}],"collection":[{"href":"https:\/\/jafep.com\/fr\/wp-json\/wp\/v2\/product"}],"about":[{"href":"https:\/\/jafep.com\/fr\/wp-json\/wp\/v2\/types\/product"}],"replies":[{"embeddable":true,"href":"https:\/\/jafep.com\/fr\/wp-json\/wp\/v2\/comments?post=86459"}],"wp:featuredmedia":[{"embeddable":true,"href":"https:\/\/jafep.com\/fr\/wp-json\/wp\/v2\/media\/82974"}],"wp:attachment":[{"href":"https:\/\/jafep.com\/fr\/wp-json\/wp\/v2\/media?parent=86459"}],"wp:term":[{"taxonomy":"product_brand","embeddable":true,"href":"https:\/\/jafep.com\/fr\/wp-json\/wp\/v2\/product_brand?post=86459"},{"taxonomy":"product_cat","embeddable":true,"href":"https:\/\/jafep.com\/fr\/wp-json\/wp\/v2\/product_cat?post=86459"},{"taxonomy":"product_tag","embeddable":true,"href":"https:\/\/jafep.com\/fr\/wp-json\/wp\/v2\/product_tag?post=86459"}],"curies":[{"name":"wp","href":"https:\/\/api.w.org\/{rel}","templated":true}]}}