{"id":86458,"date":"2020-10-08T09:52:36","date_gmt":"2020-10-08T09:52:36","guid":{"rendered":"https:\/\/jafep.com\/producto\/finium-fn-915\/"},"modified":"2025-08-18T19:23:58","modified_gmt":"2025-08-18T17:23:58","slug":"finium-fn-915","status":"publish","type":"product","link":"https:\/\/jafep.com\/fr\/producto\/finium-fn-915\/","title":{"rendered":"Finium FN 915"},"content":{"rendered":"<p>Finium FN 915 est une peinture vinylique de haute qualit\u00e9 avec un excellent s\u00e9chage \u00e0 l&#8217;int\u00e9rieur, une tr\u00e8s bonne facilit\u00e9 d&#8217;application qui dissimule les \u00e9claboussures et ne coule pas. Elle offre une finition mate extra profonde et une excellente couverture.  <\/p>\n","protected":false},"excerpt":{"rendered":"<p>Finium FN 915 est une peinture vinylique de haute qualit\u00e9 avec un excellent s\u00e9chage \u00e0 l&#8217;int\u00e9rieur, une tr\u00e8s bonne facilit\u00e9 d&#8217;application qui dissimule les \u00e9claboussures et ne coule pas. Elle offre une finition mate extra profonde et une excellente couverture.<\/p>\n","protected":false},"featured_media":82994,"comment_status":"closed","ping_status":"closed","template":"","meta":{"_acf_changed":false,"_links_to":"","_links_to_target":""},"product_brand":[],"product_cat":[1330,750],"product_tag":[],"class_list":{"0":"post-86458","1":"product","2":"type-product","3":"status-publish","4":"has-post-thumbnail","6":"product_cat-finium-fr","7":"product_cat-pinturas-plasticas-fr-2","8":"pa_formatos-15-l-fr","9":"pa_formatos-4-l-fr","10":"pa_herramientas-airless-fr","11":"pa_herramientas-brocha-fr","12":"pa_herramientas-pistola-fr","13":"pa_herramientas-rodillo-fr-2","14":"pa_iconos-1-base-agua-fr","15":"pa_iconos-38-rendimiento-de-10-15-m2l-fr","16":"pa_iconos-41-brocha-rodillo-pistola-fr","17":"pa_iconos-45-exterior-interior-fr","18":"pa_iconos-50-extra-mate-85o-fr","19":"pa_iconos-60-lavabilidad-nivel-1-fr","20":"pa_iconos-conservateur-anti-moisissures-systeme-atmh","21":"pa_iconos-extra-mate-profundo-fr","22":"pa_iconos-mate5-fr","24":"first","25":"instock","26":"shipping-taxable","27":"product-type-simple"},"acf":[],"_links":{"self":[{"href":"https:\/\/jafep.com\/fr\/wp-json\/wp\/v2\/product\/86458","targetHints":{"allow":["GET"]}}],"collection":[{"href":"https:\/\/jafep.com\/fr\/wp-json\/wp\/v2\/product"}],"about":[{"href":"https:\/\/jafep.com\/fr\/wp-json\/wp\/v2\/types\/product"}],"replies":[{"embeddable":true,"href":"https:\/\/jafep.com\/fr\/wp-json\/wp\/v2\/comments?post=86458"}],"wp:featuredmedia":[{"embeddable":true,"href":"https:\/\/jafep.com\/fr\/wp-json\/wp\/v2\/media\/82994"}],"wp:attachment":[{"href":"https:\/\/jafep.com\/fr\/wp-json\/wp\/v2\/media?parent=86458"}],"wp:term":[{"taxonomy":"product_brand","embeddable":true,"href":"https:\/\/jafep.com\/fr\/wp-json\/wp\/v2\/product_brand?post=86458"},{"taxonomy":"product_cat","embeddable":true,"href":"https:\/\/jafep.com\/fr\/wp-json\/wp\/v2\/product_cat?post=86458"},{"taxonomy":"product_tag","embeddable":true,"href":"https:\/\/jafep.com\/fr\/wp-json\/wp\/v2\/product_tag?post=86458"}],"curies":[{"name":"wp","href":"https:\/\/api.w.org\/{rel}","templated":true}]}}