{"id":86456,"date":"2023-03-14T12:04:04","date_gmt":"2023-03-14T12:04:04","guid":{"rendered":"https:\/\/jafep.com\/producto\/peinture-polyester-pour-piscine\/"},"modified":"2025-08-18T19:20:51","modified_gmt":"2025-08-18T17:20:51","slug":"peinture-polyester-pour-piscine","status":"publish","type":"product","link":"https:\/\/jafep.com\/fr\/producto\/peinture-polyester-pour-piscine\/","title":{"rendered":"Peinture polyester pour piscine"},"content":{"rendered":"<p>Peinture polyur\u00e9thane bicomposante de nature aliphatique avec un excellent ancrage sur les surfaces difficiles, offrant une finition et une r\u00e9sistance de premi\u00e8re qualit\u00e9, en particulier sur les piscines en polyester.<\/p>\n","protected":false},"excerpt":{"rendered":"<p>Peinture polyur\u00e9thane bicomposante de nature aliphatique avec un excellent ancrage sur les surfaces difficiles, offrant une finition et une r\u00e9sistance de premi\u00e8re qualit\u00e9, en particulier sur les piscines en polyester.<\/p>\n","protected":false},"featured_media":83054,"comment_status":"closed","ping_status":"closed","template":"","meta":{"_acf_changed":false,"_links_to":"","_links_to_target":""},"product_brand":[],"product_cat":[1317],"product_tag":[],"class_list":{"0":"post-86456","1":"product","2":"type-product","3":"status-publish","4":"has-post-thumbnail","6":"product_cat-ligne-sportive","7":"pa_formatos-15kg-fr","8":"pa_formatos-4kg-fr","9":"pa_herramientas-airless-fr","10":"pa_herramientas-brocha-fr","11":"pa_herramientas-pistola-fr","12":"pa_herramientas-rodillo-fr-2","13":"pa_iconos-2-base-solvente-fr","14":"pa_iconos-33-rendimiento-8-10-m2l-fr","15":"pa_iconos-41-brocha-rodillo-pistola-fr","16":"pa_iconos-45-exterior-interior-fr","17":"pa_iconos-a-b-fr","18":"pa_iconos-brillant","19":"pa_iconos-cartes-de-credit","21":"first","22":"instock","23":"shipping-taxable","24":"product-type-simple"},"acf":[],"_links":{"self":[{"href":"https:\/\/jafep.com\/fr\/wp-json\/wp\/v2\/product\/86456","targetHints":{"allow":["GET"]}}],"collection":[{"href":"https:\/\/jafep.com\/fr\/wp-json\/wp\/v2\/product"}],"about":[{"href":"https:\/\/jafep.com\/fr\/wp-json\/wp\/v2\/types\/product"}],"replies":[{"embeddable":true,"href":"https:\/\/jafep.com\/fr\/wp-json\/wp\/v2\/comments?post=86456"}],"wp:featuredmedia":[{"embeddable":true,"href":"https:\/\/jafep.com\/fr\/wp-json\/wp\/v2\/media\/83054"}],"wp:attachment":[{"href":"https:\/\/jafep.com\/fr\/wp-json\/wp\/v2\/media?parent=86456"}],"wp:term":[{"taxonomy":"product_brand","embeddable":true,"href":"https:\/\/jafep.com\/fr\/wp-json\/wp\/v2\/product_brand?post=86456"},{"taxonomy":"product_cat","embeddable":true,"href":"https:\/\/jafep.com\/fr\/wp-json\/wp\/v2\/product_cat?post=86456"},{"taxonomy":"product_tag","embeddable":true,"href":"https:\/\/jafep.com\/fr\/wp-json\/wp\/v2\/product_tag?post=86456"}],"curies":[{"name":"wp","href":"https:\/\/api.w.org\/{rel}","templated":true}]}}