{"id":86455,"date":"2023-03-14T09:41:34","date_gmt":"2023-03-14T09:41:34","guid":{"rendered":"https:\/\/jafep.com\/producto\/minium-sans-plomb\/"},"modified":"2025-08-18T19:20:50","modified_gmt":"2025-08-18T17:20:50","slug":"minium-sans-plomb","status":"publish","type":"product","link":"https:\/\/jafep.com\/fr\/producto\/minium-sans-plomb\/","title":{"rendered":"Minium sans plomb"},"content":{"rendered":"<p>Primaire synth\u00e9tique antirouille \u00e0 s\u00e9chage rapide, sans plomb, \u00e0 base de r\u00e9sines alkydes et de pigments anticorrosifs, capable d&#8217;assurer une protection ad\u00e9quate des surfaces ferreuses.  <\/p>\n","protected":false},"excerpt":{"rendered":"<p>Primaire synth\u00e9tique antirouille \u00e0 s\u00e9chage rapide, sans plomb, \u00e0 base de r\u00e9sines alkydes et de pigments anticorrosifs, capable d&#8217;assurer une protection ad\u00e9quate des surfaces ferreuses.<\/p>\n","protected":false},"featured_media":83047,"comment_status":"closed","ping_status":"closed","template":"","meta":{"_acf_changed":false,"_links_to":"","_links_to_target":""},"product_brand":[],"product_cat":[984,450],"product_tag":[],"class_list":{"0":"post-86455","1":"product","2":"type-product","3":"status-publish","4":"has-post-thumbnail","6":"product_cat-esmaltes-imprimaciones-y-selladoras-fr","7":"product_cat-peintures-dimpression","8":"pa_herramientas-airless-fr","9":"pa_herramientas-brocha-fr","10":"pa_herramientas-pistola-fr","11":"pa_herramientas-rodillo-fr-2","12":"pa_iconos-2-base-solvente-fr","13":"pa_iconos-41-brocha-rodillo-pistola-fr","14":"pa_iconos-45-exterior-interior-fr","15":"pa_iconos-cartes-de-credit","16":"pa_iconos-rendimiento-10-14-m2-l-fr","17":"pa_iconos-satinado-fr","19":"first","20":"instock","21":"shipping-taxable","22":"product-type-simple"},"acf":[],"_links":{"self":[{"href":"https:\/\/jafep.com\/fr\/wp-json\/wp\/v2\/product\/86455","targetHints":{"allow":["GET"]}}],"collection":[{"href":"https:\/\/jafep.com\/fr\/wp-json\/wp\/v2\/product"}],"about":[{"href":"https:\/\/jafep.com\/fr\/wp-json\/wp\/v2\/types\/product"}],"replies":[{"embeddable":true,"href":"https:\/\/jafep.com\/fr\/wp-json\/wp\/v2\/comments?post=86455"}],"wp:featuredmedia":[{"embeddable":true,"href":"https:\/\/jafep.com\/fr\/wp-json\/wp\/v2\/media\/83047"}],"wp:attachment":[{"href":"https:\/\/jafep.com\/fr\/wp-json\/wp\/v2\/media?parent=86455"}],"wp:term":[{"taxonomy":"product_brand","embeddable":true,"href":"https:\/\/jafep.com\/fr\/wp-json\/wp\/v2\/product_brand?post=86455"},{"taxonomy":"product_cat","embeddable":true,"href":"https:\/\/jafep.com\/fr\/wp-json\/wp\/v2\/product_cat?post=86455"},{"taxonomy":"product_tag","embeddable":true,"href":"https:\/\/jafep.com\/fr\/wp-json\/wp\/v2\/product_tag?post=86455"}],"curies":[{"name":"wp","href":"https:\/\/api.w.org\/{rel}","templated":true}]}}