{"id":86454,"date":"2022-12-13T11:37:01","date_gmt":"2022-12-13T11:37:01","guid":{"rendered":"https:\/\/jafep.com\/producto\/petrex-5-enduit-petreux-semi-elastique\/"},"modified":"2025-08-18T19:20:48","modified_gmt":"2025-08-18T17:20:48","slug":"petrex-5-enduit-petreux-semi-elastique","status":"publish","type":"product","link":"https:\/\/jafep.com\/fr\/producto\/petrex-5-enduit-petreux-semi-elastique\/","title":{"rendered":"P\u00e9trex 5 Enduit p\u00e9treux semi-\u00e9lastique"},"content":{"rendered":"<p>Rev\u00eatement semi-\u00e9lastique compos\u00e9 d&#8217;une combinaison de copolym\u00e8res acryliques de haute qualit\u00e9 permettant d&#8217;obtenir un \u00e9quilibre entre une bonne \u00e9lasticit\u00e9 et une bonne flexibilit\u00e9 ainsi qu&#8217;une bonne lavabilit\u00e9 et une bonne r\u00e9sistance aux intemp\u00e9ries.<\/p>\n","protected":false},"excerpt":{"rendered":"<p>Rev\u00eatement semi-\u00e9lastique compos\u00e9 d&#8217;une combinaison de copolym\u00e8res acryliques de haute qualit\u00e9 permettant d&#8217;obtenir un \u00e9quilibre entre une bonne \u00e9lasticit\u00e9 et une bonne flexibilit\u00e9 ainsi qu&#8217;une bonne lavabilit\u00e9 et une bonne r\u00e9sistance aux intemp\u00e9ries.<\/p>\n","protected":false},"featured_media":83039,"comment_status":"closed","ping_status":"closed","template":"","meta":{"_acf_changed":false,"_links_to":"","_links_to_target":""},"product_brand":[],"product_cat":[828,1379,1394],"product_tag":[],"class_list":{"0":"post-86454","1":"product","2":"type-product","3":"status-publish","4":"has-post-thumbnail","6":"product_cat-exteriores-fr","7":"product_cat-revetements","8":"product_cat-semi-elastico-fr","9":"pa_herramientas-airless-fr","10":"pa_herramientas-brocha-fr","11":"pa_herramientas-pistola-fr","12":"pa_herramientas-rodillo-fr-2","13":"pa_iconos-1-base-agua-fr","14":"pa_iconos-41-brocha-rodillo-pistola-fr","15":"pa_iconos-cartes-de-credit","16":"pa_iconos-conservateur-anti-moisissures-systeme-atmh","17":"pa_iconos-exterior-fr","18":"pa_iconos-mate-fr","19":"pa_iconos-rendimiento-8-12-m2l-fr","21":"first","22":"instock","23":"shipping-taxable","24":"product-type-simple"},"acf":[],"_links":{"self":[{"href":"https:\/\/jafep.com\/fr\/wp-json\/wp\/v2\/product\/86454","targetHints":{"allow":["GET"]}}],"collection":[{"href":"https:\/\/jafep.com\/fr\/wp-json\/wp\/v2\/product"}],"about":[{"href":"https:\/\/jafep.com\/fr\/wp-json\/wp\/v2\/types\/product"}],"replies":[{"embeddable":true,"href":"https:\/\/jafep.com\/fr\/wp-json\/wp\/v2\/comments?post=86454"}],"wp:featuredmedia":[{"embeddable":true,"href":"https:\/\/jafep.com\/fr\/wp-json\/wp\/v2\/media\/83039"}],"wp:attachment":[{"href":"https:\/\/jafep.com\/fr\/wp-json\/wp\/v2\/media?parent=86454"}],"wp:term":[{"taxonomy":"product_brand","embeddable":true,"href":"https:\/\/jafep.com\/fr\/wp-json\/wp\/v2\/product_brand?post=86454"},{"taxonomy":"product_cat","embeddable":true,"href":"https:\/\/jafep.com\/fr\/wp-json\/wp\/v2\/product_cat?post=86454"},{"taxonomy":"product_tag","embeddable":true,"href":"https:\/\/jafep.com\/fr\/wp-json\/wp\/v2\/product_tag?post=86454"}],"curies":[{"name":"wp","href":"https:\/\/api.w.org\/{rel}","templated":true}]}}