{"id":86453,"date":"2022-10-14T09:26:40","date_gmt":"2022-10-14T09:26:40","guid":{"rendered":"https:\/\/jafep.com\/producto\/email-pour-carrelage-a-base-deau\/"},"modified":"2025-08-18T19:20:47","modified_gmt":"2025-08-18T17:20:47","slug":"email-pour-carrelage-a-base-deau","status":"publish","type":"product","link":"https:\/\/jafep.com\/fr\/producto\/email-pour-carrelage-a-base-deau\/","title":{"rendered":"\u00c9mail pour carrelage \u00e0 base d&#8217;eau"},"content":{"rendered":"<p>\u00c9mail acrylique renforc\u00e9 pour application directe sur carreaux sans primaire. Excellent ancrage et r\u00e9sistance. Finition attrayante et solidit\u00e9 des couleurs \u00e0 long terme.    <\/p>\n","protected":false},"excerpt":{"rendered":"<p>\u00c9mail sp\u00e9cial pour tuiles  <\/p>\n","protected":false},"featured_media":83027,"comment_status":"closed","ping_status":"closed","template":"","meta":{"_acf_changed":false,"_links_to":"","_links_to_target":""},"product_brand":[],"product_cat":[984,446],"product_tag":[],"class_list":{"0":"post-86453","1":"product","2":"type-product","3":"status-publish","4":"has-post-thumbnail","6":"product_cat-esmaltes-imprimaciones-y-selladoras-fr","7":"product_cat-peintures-laques-speciales","8":"pa_formatos-750-ml-fr","9":"pa_herramientas-airless-fr","10":"pa_herramientas-brocha-fr","11":"pa_herramientas-pistola-fr","12":"pa_herramientas-rodillo-fr-2","13":"pa_iconos-1-base-agua-fr","14":"pa_iconos-41-brocha-rodillo-pistola-fr","15":"pa_iconos-45-exterior-interior-fr","16":"pa_iconos-basep-fr","17":"pa_iconos-brillante-satinado-fr","18":"pa_iconos-producto-al-agua-fr","19":"pa_iconos-rendimiento-8-12-m2l-fr","21":"first","22":"instock","23":"shipping-taxable","24":"product-type-simple"},"acf":[],"_links":{"self":[{"href":"https:\/\/jafep.com\/fr\/wp-json\/wp\/v2\/product\/86453","targetHints":{"allow":["GET"]}}],"collection":[{"href":"https:\/\/jafep.com\/fr\/wp-json\/wp\/v2\/product"}],"about":[{"href":"https:\/\/jafep.com\/fr\/wp-json\/wp\/v2\/types\/product"}],"replies":[{"embeddable":true,"href":"https:\/\/jafep.com\/fr\/wp-json\/wp\/v2\/comments?post=86453"}],"wp:featuredmedia":[{"embeddable":true,"href":"https:\/\/jafep.com\/fr\/wp-json\/wp\/v2\/media\/83027"}],"wp:attachment":[{"href":"https:\/\/jafep.com\/fr\/wp-json\/wp\/v2\/media?parent=86453"}],"wp:term":[{"taxonomy":"product_brand","embeddable":true,"href":"https:\/\/jafep.com\/fr\/wp-json\/wp\/v2\/product_brand?post=86453"},{"taxonomy":"product_cat","embeddable":true,"href":"https:\/\/jafep.com\/fr\/wp-json\/wp\/v2\/product_cat?post=86453"},{"taxonomy":"product_tag","embeddable":true,"href":"https:\/\/jafep.com\/fr\/wp-json\/wp\/v2\/product_tag?post=86453"}],"curies":[{"name":"wp","href":"https:\/\/api.w.org\/{rel}","templated":true}]}}