{"id":86452,"date":"2022-07-18T07:48:10","date_gmt":"2022-07-18T07:48:10","guid":{"rendered":"https:\/\/jafep.com\/producto\/vernis-polyurethane-bicomposant-a-leau\/"},"modified":"2025-08-18T19:20:43","modified_gmt":"2025-08-18T17:20:43","slug":"vernis-polyurethane-bicomposant-a-leau","status":"publish","type":"product","link":"https:\/\/jafep.com\/fr\/producto\/vernis-polyurethane-bicomposant-a-leau\/","title":{"rendered":"Vernis polyur\u00e9thane bicomposant \u00e0 l&#8217;eau"},"content":{"rendered":"<p>PU Bi-Component Waterborne Varnish est un rev\u00eatement imperm\u00e9able \u00e0 base de polyur\u00e9thanes aliphatiques \u00e0 haute r\u00e9sistance au lavage et aux intemp\u00e9ries (comp A) et d&#8217;un isocyanate aliphatique (comp B). Il est particuli\u00e8rement adapt\u00e9 aux rev\u00eatements en microciment.<br \/>\nIl peut \u00eatre appliqu\u00e9 \u00e0 l&#8217;int\u00e9rieur comme \u00e0 l&#8217;ext\u00e9rieur, sur les murs, les sols et les plafonds.   <\/p>\n","protected":false},"excerpt":{"rendered":"<p>PU Bi-Component Waterborne Varnish est un rev\u00eatement imperm\u00e9able \u00e0 base de polyur\u00e9thanes aliphatiques \u00e0 haute r\u00e9sistance au lavage et aux intemp\u00e9ries (comp A) et d&#8217;un isocyanate aliphatique (comp B). Il est particuli\u00e8rement adapt\u00e9 aux rev\u00eatements en microciment. Il peut \u00eatre appliqu\u00e9 \u00e0 l&#8217;int\u00e9rieur comme \u00e0 l&#8217;ext\u00e9rieur, sur les murs, les sols et les plafonds.<\/p>\n","protected":false},"featured_media":87405,"comment_status":"closed","ping_status":"closed","template":"","meta":{"_acf_changed":false,"_links_to":"","_links_to_target":""},"product_brand":[],"product_cat":[1405,1411],"product_tag":[],"class_list":{"0":"post-86452","1":"product","2":"type-product","3":"status-publish","4":"has-post-thumbnail","6":"product_cat-sols-et-signalisations-fr","7":"product_cat-sols-et-signalisations-fr-2","8":"pa_formatos-1l-0-8330-166-fr","9":"pa_formatos-4l-3-40-6-fr","10":"pa_herramientas-airless-fr","11":"pa_herramientas-brocha-fr","12":"pa_herramientas-pistola-fr","13":"pa_herramientas-rodillo-fr-2","14":"pa_iconos-34-rendimiento-de-10-12-m2l-fr","15":"pa_iconos-41-brocha-rodillo-pistola-fr","16":"pa_iconos-45-exterior-interior-fr","17":"pa_iconos-a-b-fr","18":"pa_iconos-brillante-satinado-mate-fr","19":"pa_iconos-producto-al-agua-fr","21":"first","22":"instock","23":"shipping-taxable","24":"product-type-simple"},"acf":[],"_links":{"self":[{"href":"https:\/\/jafep.com\/fr\/wp-json\/wp\/v2\/product\/86452","targetHints":{"allow":["GET"]}}],"collection":[{"href":"https:\/\/jafep.com\/fr\/wp-json\/wp\/v2\/product"}],"about":[{"href":"https:\/\/jafep.com\/fr\/wp-json\/wp\/v2\/types\/product"}],"replies":[{"embeddable":true,"href":"https:\/\/jafep.com\/fr\/wp-json\/wp\/v2\/comments?post=86452"}],"wp:featuredmedia":[{"embeddable":true,"href":"https:\/\/jafep.com\/fr\/wp-json\/wp\/v2\/media\/87405"}],"wp:attachment":[{"href":"https:\/\/jafep.com\/fr\/wp-json\/wp\/v2\/media?parent=86452"}],"wp:term":[{"taxonomy":"product_brand","embeddable":true,"href":"https:\/\/jafep.com\/fr\/wp-json\/wp\/v2\/product_brand?post=86452"},{"taxonomy":"product_cat","embeddable":true,"href":"https:\/\/jafep.com\/fr\/wp-json\/wp\/v2\/product_cat?post=86452"},{"taxonomy":"product_tag","embeddable":true,"href":"https:\/\/jafep.com\/fr\/wp-json\/wp\/v2\/product_tag?post=86452"}],"curies":[{"name":"wp","href":"https:\/\/api.w.org\/{rel}","templated":true}]}}