{"id":86451,"date":"2022-03-09T12:20:43","date_gmt":"2022-03-09T12:20:43","guid":{"rendered":"https:\/\/jafep.com\/producto\/huile-de-teck-a-base-deau\/"},"modified":"2025-08-18T19:20:42","modified_gmt":"2025-08-18T17:20:42","slug":"huile-de-teck-a-base-deau","status":"publish","type":"product","link":"https:\/\/jafep.com\/fr\/producto\/huile-de-teck-a-base-deau\/","title":{"rendered":"Huile de teck \u00e0 base d&#8217;eau"},"content":{"rendered":"<p>Huile sp\u00e9cialement con\u00e7ue pour nourrir et prot\u00e9ger les bois tropicaux, tout en pr\u00e9servant leur \u00e9lasticit\u00e9 et leur perm\u00e9abilit\u00e9 \u00e0 la vapeur d&#8217;eau. Contient des filtres UV et des agents hydrofuges pour une meilleure durabilit\u00e9. D\u00e9velopp\u00e9e \u00e0 base d&#8217;eau pour une plus grande facilit\u00e9 d&#8217;application, mais avec d&#8217;excellents r\u00e9sultats dans l&#8217;entretien du bois.    <\/p>\n","protected":false},"excerpt":{"rendered":"<p>Huile sp\u00e9cialement con\u00e7ue pour nourrir et prot\u00e9ger les bois tropicaux, tout en pr\u00e9servant leur \u00e9lasticit\u00e9 et leur perm\u00e9abilit\u00e9 \u00e0 la vapeur d&#8217;eau. Contient des filtres UV et des agents hydrofuges pour une meilleure durabilit\u00e9. D\u00e9velopp\u00e9e \u00e0 base d&#8217;eau pour une plus grande facilit\u00e9 d&#8217;application, mais avec d&#8217;excellents r\u00e9sultats dans l&#8217;entretien du bois.<\/p>\n","protected":false},"featured_media":83009,"comment_status":"closed","ping_status":"closed","template":"","meta":{"_acf_changed":false,"_links_to":"","_links_to_target":""},"product_brand":[],"product_cat":[853,828,1547,839,1376],"product_tag":[],"class_list":{"0":"post-86451","1":"product","2":"type-product","3":"status-publish","4":"has-post-thumbnail","6":"product_cat-madera-fr","7":"product_cat-exteriores-fr","8":"product_cat-interieurs","9":"product_cat-productos-para-la-madera-fr-2","10":"product_cat-traitements-pour-bois","11":"pa_formatos-4l-fr","12":"pa_formatos-750ml-fr","13":"pa_herramientas-airless-fr","14":"pa_herramientas-brocha-fr","15":"pa_herramientas-pistola-fr","16":"pa_iconos-45-exterior-interior-fr","17":"pa_iconos-rendement-12-14-m2-l","19":"first","20":"instock","21":"shipping-taxable","22":"product-type-simple"},"acf":[],"_links":{"self":[{"href":"https:\/\/jafep.com\/fr\/wp-json\/wp\/v2\/product\/86451","targetHints":{"allow":["GET"]}}],"collection":[{"href":"https:\/\/jafep.com\/fr\/wp-json\/wp\/v2\/product"}],"about":[{"href":"https:\/\/jafep.com\/fr\/wp-json\/wp\/v2\/types\/product"}],"replies":[{"embeddable":true,"href":"https:\/\/jafep.com\/fr\/wp-json\/wp\/v2\/comments?post=86451"}],"wp:featuredmedia":[{"embeddable":true,"href":"https:\/\/jafep.com\/fr\/wp-json\/wp\/v2\/media\/83009"}],"wp:attachment":[{"href":"https:\/\/jafep.com\/fr\/wp-json\/wp\/v2\/media?parent=86451"}],"wp:term":[{"taxonomy":"product_brand","embeddable":true,"href":"https:\/\/jafep.com\/fr\/wp-json\/wp\/v2\/product_brand?post=86451"},{"taxonomy":"product_cat","embeddable":true,"href":"https:\/\/jafep.com\/fr\/wp-json\/wp\/v2\/product_cat?post=86451"},{"taxonomy":"product_tag","embeddable":true,"href":"https:\/\/jafep.com\/fr\/wp-json\/wp\/v2\/product_tag?post=86451"}],"curies":[{"name":"wp","href":"https:\/\/api.w.org\/{rel}","templated":true}]}}